{"id":16520,"date":"2023-10-31T13:38:15","date_gmt":"2023-10-31T12:38:15","guid":{"rendered":"https:\/\/baralivres.ma\/?post_type=product&#038;p=16520"},"modified":"2023-10-31T13:38:15","modified_gmt":"2023-10-31T12:38:15","slug":"aidz-les-gens-a-devenir-meill-md","status":"publish","type":"product","link":"https:\/\/baralivres.ma\/?product=aidz-les-gens-a-devenir-meill-md","title":{"rendered":"AIDZ LES GENS A DEVENIR MEILL. MD"},"content":{"rendered":"<p>Nous avons tous un r\u00f4le de motivateur, mais notre efficacit\u00e9 varie. Ce livre explore 12 principes de motivation en s&rsquo;inspirant de leaders pass\u00e9s et actuels, pour nous aider \u00e0 inspirer et exceller dans diff\u00e9rents domaines de la vie. Ralph Waldo Emerson a dit : \u00ab\u00a0L&rsquo;id\u00e9al de la vie est d&rsquo;avoir un mentor inspirant pour atteindre notre plein potentiel.\u00a0\u00bb<\/p>\n","protected":false},"excerpt":{"rendered":"<p>Explore 12 principles of effective motivation, drawing from historical and contemporary leaders to inspire personal excellence.<\/p>\n","protected":false},"featured_media":16521,"comment_status":"open","ping_status":"closed","template":"","meta":{"inline_featured_image":false},"product_cat":[204,91],"product_tag":[],"class_list":{"0":"post-16520","1":"product","2":"type-product","3":"status-publish","4":"has-post-thumbnail","6":"product_cat-francais","7":"product_cat-developpement","8":"pa_auteurs-alan-loy-mcginnis","10":"first","11":"instock","12":"shipping-taxable","13":"purchasable","14":"product-type-simple"},"_links":{"self":[{"href":"https:\/\/baralivres.ma\/index.php?rest_route=\/wp\/v2\/product\/16520","targetHints":{"allow":["GET"]}}],"collection":[{"href":"https:\/\/baralivres.ma\/index.php?rest_route=\/wp\/v2\/product"}],"about":[{"href":"https:\/\/baralivres.ma\/index.php?rest_route=\/wp\/v2\/types\/product"}],"replies":[{"embeddable":true,"href":"https:\/\/baralivres.ma\/index.php?rest_route=%2Fwp%2Fv2%2Fcomments&post=16520"}],"version-history":[{"count":1,"href":"https:\/\/baralivres.ma\/index.php?rest_route=\/wp\/v2\/product\/16520\/revisions"}],"predecessor-version":[{"id":16522,"href":"https:\/\/baralivres.ma\/index.php?rest_route=\/wp\/v2\/product\/16520\/revisions\/16522"}],"wp:featuredmedia":[{"embeddable":true,"href":"https:\/\/baralivres.ma\/index.php?rest_route=\/wp\/v2\/media\/16521"}],"wp:attachment":[{"href":"https:\/\/baralivres.ma\/index.php?rest_route=%2Fwp%2Fv2%2Fmedia&parent=16520"}],"wp:term":[{"taxonomy":"product_cat","embeddable":true,"href":"https:\/\/baralivres.ma\/index.php?rest_route=%2Fwp%2Fv2%2Fproduct_cat&post=16520"},{"taxonomy":"product_tag","embeddable":true,"href":"https:\/\/baralivres.ma\/index.php?rest_route=%2Fwp%2Fv2%2Fproduct_tag&post=16520"}],"curies":[{"name":"wp","href":"https:\/\/api.w.org\/{rel}","templated":true}]}}