{"id":16517,"date":"2023-10-31T13:40:27","date_gmt":"2023-10-31T12:40:27","guid":{"rendered":"https:\/\/baralivres.ma\/?post_type=product&#038;p=16517"},"modified":"2023-10-31T13:40:27","modified_gmt":"2023-10-31T12:40:27","slug":"lete","status":"publish","type":"product","link":"https:\/\/baralivres.ma\/?product=lete","title":{"rendered":"L&rsquo;\u00e9t\u00e9"},"content":{"rendered":"<p>Qu&rsquo;il suive le chemin trac\u00e9 par le fil d&rsquo;Ariane pour \u00e9voquer Oran et ses environs, qu&rsquo;il r\u00e9interpr\u00e8te le mythe de Prom\u00e9th\u00e9e \u00e0 la lumi\u00e8re des r\u00e9alit\u00e9s violentes du monde moderne, ou qu&rsquo;il se laisse emporter par des r\u00eaveries sur la beaut\u00e9 d&rsquo;H\u00e9l\u00e8ne et de la Gr\u00e8ce, Albert Camus nous emm\u00e8ne dans un voyage tout autour de la M\u00e9diterran\u00e9e et de ses l\u00e9gendes. Un bref ensemble de textes lyriques et passionn\u00e9s qui nous transporte de l&rsquo;Alg\u00e9rie \u00e0 la Gr\u00e8ce, en passant par la Provence.<\/p>\n","protected":false},"excerpt":{"rendered":"<p>Camus explore la M\u00e9diterran\u00e9e \u00e0 travers ses mythes, offrant un voyage passionn\u00e9 d&rsquo;Alg\u00e9rie \u00e0 la Gr\u00e8ce.<\/p>\n","protected":false},"featured_media":16524,"comment_status":"open","ping_status":"closed","template":"","meta":{"inline_featured_image":false},"product_cat":[204,143],"product_tag":[],"class_list":{"0":"post-16517","1":"product","2":"type-product","3":"status-publish","4":"has-post-thumbnail","6":"product_cat-francais","7":"product_cat-roman","8":"pa_auteurs-albert-camus","10":"first","11":"instock","12":"shipping-taxable","13":"purchasable","14":"product-type-simple"},"_links":{"self":[{"href":"https:\/\/baralivres.ma\/index.php?rest_route=\/wp\/v2\/product\/16517","targetHints":{"allow":["GET"]}}],"collection":[{"href":"https:\/\/baralivres.ma\/index.php?rest_route=\/wp\/v2\/product"}],"about":[{"href":"https:\/\/baralivres.ma\/index.php?rest_route=\/wp\/v2\/types\/product"}],"replies":[{"embeddable":true,"href":"https:\/\/baralivres.ma\/index.php?rest_route=%2Fwp%2Fv2%2Fcomments&post=16517"}],"version-history":[{"count":1,"href":"https:\/\/baralivres.ma\/index.php?rest_route=\/wp\/v2\/product\/16517\/revisions"}],"predecessor-version":[{"id":16525,"href":"https:\/\/baralivres.ma\/index.php?rest_route=\/wp\/v2\/product\/16517\/revisions\/16525"}],"wp:featuredmedia":[{"embeddable":true,"href":"https:\/\/baralivres.ma\/index.php?rest_route=\/wp\/v2\/media\/16524"}],"wp:attachment":[{"href":"https:\/\/baralivres.ma\/index.php?rest_route=%2Fwp%2Fv2%2Fmedia&parent=16517"}],"wp:term":[{"taxonomy":"product_cat","embeddable":true,"href":"https:\/\/baralivres.ma\/index.php?rest_route=%2Fwp%2Fv2%2Fproduct_cat&post=16517"},{"taxonomy":"product_tag","embeddable":true,"href":"https:\/\/baralivres.ma\/index.php?rest_route=%2Fwp%2Fv2%2Fproduct_tag&post=16517"}],"curies":[{"name":"wp","href":"https:\/\/api.w.org\/{rel}","templated":true}]}}