{"id":16507,"date":"2023-10-31T12:48:04","date_gmt":"2023-10-31T11:48:04","guid":{"rendered":"https:\/\/baralivres.ma\/?post_type=product&#038;p=16507"},"modified":"2023-10-31T12:48:04","modified_gmt":"2023-10-31T11:48:04","slug":"lexcellence-un-gage-de-reussite","status":"publish","type":"product","link":"https:\/\/baralivres.ma\/?product=lexcellence-un-gage-de-reussite","title":{"rendered":"L&rsquo;excellence, un gage de r\u00e9ussite"},"content":{"rendered":"<p>\u00ab\u00a0<strong>L&rsquo;excellence, une attitude \u00e0 adopter<\/strong>\u00a0\u00bb de Robin Sharma est un guide incontournable pour quiconque aspire \u00e0 optimiser sa vie et \u00e0 lib\u00e9rer son g\u00e9nie int\u00e9rieur. L&rsquo;auteur, un leader renomm\u00e9 dans le monde des affaires, souligne l&rsquo;importance de la recherche constante de l&rsquo;excellence pour r\u00e9ussir dans tous les aspects de la vie.<\/p>\n<p>Le livre pr\u00e9sente 101 courts chapitres \u00e9vocateurs, illustr\u00e9s par des histoires r\u00e9elles, d\u00e9montrant que devenir un r\u00eaveur de premier plan est la cl\u00e9 pour bien g\u00e9rer son temps, ma\u00eetriser le changement, augmenter la productivit\u00e9 tout en \u00e9prouvant du plaisir dans nos activit\u00e9s, et repousser nos limites.<\/p>\n<p>Robin Sharma s&rsquo;appuie sur des exemples de personnalit\u00e9s inspirantes, telles que Gandhi, Michel-Ange, Mick Jagger, et m\u00eame \u00ab\u00a0Bob l&rsquo;\u00e9ponge\u00a0\u00bb, pour montrer comment l&rsquo;excellence peut devenir notre moteur principal pour la r\u00e9ussite. En fin de compte, l&rsquo;ouvrage encourage les lecteurs \u00e0 laisser leur propre marque dans le monde en embrassant une attitude ax\u00e9e sur l&rsquo;excellence.<\/p>\n","protected":false},"excerpt":{"rendered":"<p>\u00ab\u00a0<strong>L&rsquo;excellence, une attitude \u00e0 adopter<\/strong>\u00a0\u00bb de Robin Sharma guide vers la r\u00e9ussite en recherchant constamment l&rsquo;excellence.<\/p>\n","protected":false},"featured_media":16508,"comment_status":"open","ping_status":"closed","template":"","meta":{"inline_featured_image":false},"product_cat":[204,91],"product_tag":[],"class_list":{"0":"post-16507","1":"product","2":"type-product","3":"status-publish","4":"has-post-thumbnail","6":"product_cat-francais","7":"product_cat-developpement","8":"pa_auteurs-robin-shilp-sharma","10":"first","11":"instock","12":"shipping-taxable","13":"purchasable","14":"product-type-simple"},"_links":{"self":[{"href":"https:\/\/baralivres.ma\/index.php?rest_route=\/wp\/v2\/product\/16507","targetHints":{"allow":["GET"]}}],"collection":[{"href":"https:\/\/baralivres.ma\/index.php?rest_route=\/wp\/v2\/product"}],"about":[{"href":"https:\/\/baralivres.ma\/index.php?rest_route=\/wp\/v2\/types\/product"}],"replies":[{"embeddable":true,"href":"https:\/\/baralivres.ma\/index.php?rest_route=%2Fwp%2Fv2%2Fcomments&post=16507"}],"version-history":[{"count":1,"href":"https:\/\/baralivres.ma\/index.php?rest_route=\/wp\/v2\/product\/16507\/revisions"}],"predecessor-version":[{"id":16509,"href":"https:\/\/baralivres.ma\/index.php?rest_route=\/wp\/v2\/product\/16507\/revisions\/16509"}],"wp:featuredmedia":[{"embeddable":true,"href":"https:\/\/baralivres.ma\/index.php?rest_route=\/wp\/v2\/media\/16508"}],"wp:attachment":[{"href":"https:\/\/baralivres.ma\/index.php?rest_route=%2Fwp%2Fv2%2Fmedia&parent=16507"}],"wp:term":[{"taxonomy":"product_cat","embeddable":true,"href":"https:\/\/baralivres.ma\/index.php?rest_route=%2Fwp%2Fv2%2Fproduct_cat&post=16507"},{"taxonomy":"product_tag","embeddable":true,"href":"https:\/\/baralivres.ma\/index.php?rest_route=%2Fwp%2Fv2%2Fproduct_tag&post=16507"}],"curies":[{"name":"wp","href":"https:\/\/api.w.org\/{rel}","templated":true}]}}