{"id":16504,"date":"2023-10-31T12:45:13","date_gmt":"2023-10-31T11:45:13","guid":{"rendered":"https:\/\/baralivres.ma\/?post_type=product&#038;p=16504"},"modified":"2023-10-31T12:45:14","modified_gmt":"2023-10-31T11:45:14","slug":"excellence-attitude-a-adopter","status":"publish","type":"product","link":"https:\/\/baralivres.ma\/?product=excellence-attitude-a-adopter","title":{"rendered":"EXCELLENCE ATTITUDE A ADOPTER"},"content":{"rendered":"<p>\u00ab\u00a0<strong>L&rsquo;excellence, une attitude \u00e0 adopter<\/strong>\u00a0\u00bb de Robin Sharma est un guide complet pour quiconque cherche \u00e0 r\u00e9aliser son plein potentiel et \u00e0 atteindre le succ\u00e8s qu&rsquo;il d\u00e9sire ardemment. Ce livre est une source d&rsquo;inspiration, offrant 101 le\u00e7ons pratiques bas\u00e9es sur la philosophie de Sharma. Ces le\u00e7ons couvrent un large \u00e9ventail de sujets, de la productivit\u00e9 personnelle \u00e0 l&rsquo;optimisation de la performance professionnelle, de la gestion du temps \u00e0 l&rsquo;am\u00e9lioration des comp\u00e9tences de vie.<\/p>\n<p>Robin Sharma illustre ses enseignements avec des exemples de la vie quotidienne et des exp\u00e9riences personnelles, rendant ses conseils accessibles et applicables pour tous. L&rsquo;objectif ultime est d&rsquo;aider les lecteurs \u00e0 \u00e9voluer vers l&rsquo;excellence, \u00e0 travailler de mani\u00e8re plus intelligente, \u00e0 r\u00e9aliser leurs r\u00eaves et \u00e0 mener une vie \u00e9panouissante.<\/p>\n<p>Ce livre est un compagnon d&rsquo;espoir, un catalyseur pour quiconque aspire \u00e0 sortir de la m\u00e9diocrit\u00e9 et \u00e0 embrasser l&rsquo;excellence dans tous les domaines de la vie. Il rappelle aux lecteurs que la cl\u00e9 du succ\u00e8s r\u00e9side dans leur attitude et leur d\u00e9termination \u00e0 adopter un mode de vie ax\u00e9 sur l&rsquo;excellence.<\/p>\n","protected":false},"excerpt":{"rendered":"<p>Ce guide par Robin Sharma offre 101 le\u00e7ons pour cultiver l&rsquo;excellence, atteindre le succ\u00e8s, et s&rsquo;\u00e9panouir.<\/p>\n","protected":false},"featured_media":16505,"comment_status":"open","ping_status":"closed","template":"","meta":{"inline_featured_image":false},"product_cat":[204,91],"product_tag":[],"class_list":{"0":"post-16504","1":"product","2":"type-product","3":"status-publish","4":"has-post-thumbnail","6":"product_cat-francais","7":"product_cat-developpement","8":"pa_auteurs-robin-shilp-sharma","10":"first","11":"instock","12":"shipping-taxable","13":"purchasable","14":"product-type-simple"},"_links":{"self":[{"href":"https:\/\/baralivres.ma\/index.php?rest_route=\/wp\/v2\/product\/16504","targetHints":{"allow":["GET"]}}],"collection":[{"href":"https:\/\/baralivres.ma\/index.php?rest_route=\/wp\/v2\/product"}],"about":[{"href":"https:\/\/baralivres.ma\/index.php?rest_route=\/wp\/v2\/types\/product"}],"replies":[{"embeddable":true,"href":"https:\/\/baralivres.ma\/index.php?rest_route=%2Fwp%2Fv2%2Fcomments&post=16504"}],"version-history":[{"count":1,"href":"https:\/\/baralivres.ma\/index.php?rest_route=\/wp\/v2\/product\/16504\/revisions"}],"predecessor-version":[{"id":16506,"href":"https:\/\/baralivres.ma\/index.php?rest_route=\/wp\/v2\/product\/16504\/revisions\/16506"}],"wp:featuredmedia":[{"embeddable":true,"href":"https:\/\/baralivres.ma\/index.php?rest_route=\/wp\/v2\/media\/16505"}],"wp:attachment":[{"href":"https:\/\/baralivres.ma\/index.php?rest_route=%2Fwp%2Fv2%2Fmedia&parent=16504"}],"wp:term":[{"taxonomy":"product_cat","embeddable":true,"href":"https:\/\/baralivres.ma\/index.php?rest_route=%2Fwp%2Fv2%2Fproduct_cat&post=16504"},{"taxonomy":"product_tag","embeddable":true,"href":"https:\/\/baralivres.ma\/index.php?rest_route=%2Fwp%2Fv2%2Fproduct_tag&post=16504"}],"curies":[{"name":"wp","href":"https:\/\/api.w.org\/{rel}","templated":true}]}}