{"id":16501,"date":"2023-10-31T12:42:25","date_gmt":"2023-10-31T11:42:25","guid":{"rendered":"https:\/\/baralivres.ma\/?post_type=product&#038;p=16501"},"modified":"2023-10-31T12:42:25","modified_gmt":"2023-10-31T11:42:25","slug":"magie-de-croire-md","status":"publish","type":"product","link":"https:\/\/baralivres.ma\/?product=magie-de-croire-md","title":{"rendered":"MAGIE DE CROIRE (MD)"},"content":{"rendered":"<p>Ce classique des ann\u00e9es quarante demeure mystique, motivant et inspirant. Il r\u00e9v\u00e8le le pouvoir mental pour atteindre les objectifs, soulignant que le travail acharn\u00e9 seul ne garantit pas le succ\u00e8s. Il explique comment devenir ce que l&rsquo;on d\u00e9sire, en utilisant la suggestion, l&rsquo;imagination, et en prot\u00e9geant les pens\u00e9es pour les transformer en accomplissements. La magie de croire offre un nouveau regard sur le processus mental, l&rsquo;importance de la foi et la visualisation des objectifs. \u00c9crit en 1948 par un homme d&rsquo;affaires brillant, cet ouvrage demeure actuel, car la croyance en soi rend tout possible, quelle que soit l&rsquo;\u00e9poque.<\/p>\n","protected":false},"excerpt":{"rendered":"<p>Ce classique r\u00e9v\u00e8le le pouvoir mental, la foi, et la visualisation pour atteindre les objectifs et r\u00e9ussir.<\/p>\n","protected":false},"featured_media":16502,"comment_status":"open","ping_status":"closed","template":"","meta":{"inline_featured_image":false},"product_cat":[204,91],"product_tag":[],"class_list":{"0":"post-16501","1":"product","2":"type-product","3":"status-publish","4":"has-post-thumbnail","6":"product_cat-francais","7":"product_cat-developpement","8":"pa_auteurs-claudem-bristol","10":"first","11":"instock","12":"shipping-taxable","13":"purchasable","14":"product-type-simple"},"_links":{"self":[{"href":"https:\/\/baralivres.ma\/index.php?rest_route=\/wp\/v2\/product\/16501","targetHints":{"allow":["GET"]}}],"collection":[{"href":"https:\/\/baralivres.ma\/index.php?rest_route=\/wp\/v2\/product"}],"about":[{"href":"https:\/\/baralivres.ma\/index.php?rest_route=\/wp\/v2\/types\/product"}],"replies":[{"embeddable":true,"href":"https:\/\/baralivres.ma\/index.php?rest_route=%2Fwp%2Fv2%2Fcomments&post=16501"}],"version-history":[{"count":1,"href":"https:\/\/baralivres.ma\/index.php?rest_route=\/wp\/v2\/product\/16501\/revisions"}],"predecessor-version":[{"id":16503,"href":"https:\/\/baralivres.ma\/index.php?rest_route=\/wp\/v2\/product\/16501\/revisions\/16503"}],"wp:featuredmedia":[{"embeddable":true,"href":"https:\/\/baralivres.ma\/index.php?rest_route=\/wp\/v2\/media\/16502"}],"wp:attachment":[{"href":"https:\/\/baralivres.ma\/index.php?rest_route=%2Fwp%2Fv2%2Fmedia&parent=16501"}],"wp:term":[{"taxonomy":"product_cat","embeddable":true,"href":"https:\/\/baralivres.ma\/index.php?rest_route=%2Fwp%2Fv2%2Fproduct_cat&post=16501"},{"taxonomy":"product_tag","embeddable":true,"href":"https:\/\/baralivres.ma\/index.php?rest_route=%2Fwp%2Fv2%2Fproduct_tag&post=16501"}],"curies":[{"name":"wp","href":"https:\/\/api.w.org\/{rel}","templated":true}]}}