{"id":16497,"date":"2023-10-31T12:39:49","date_gmt":"2023-10-31T11:39:49","guid":{"rendered":"https:\/\/baralivres.ma\/?post_type=product&#038;p=16497"},"modified":"2023-10-31T12:39:49","modified_gmt":"2023-10-31T11:39:49","slug":"puissance-de-nos-differences","status":"publish","type":"product","link":"https:\/\/baralivres.ma\/?product=puissance-de-nos-differences","title":{"rendered":"PUISSANCE DE NOS DIFFERENCES"},"content":{"rendered":"<p>Apprendre \u00e0 exploiter la richesse des diff\u00e9rences pour un impact maximal. L&rsquo;auteur, Sylvain Guimond, docteur en psychologie du sport et conf\u00e9rencier, d\u00e9construit les mythes autour des diff\u00e9rences de couleur de peau, de religion, de culture, de sexe ou d&rsquo;\u00e2ge. Il argumente que ces diff\u00e9rences ne sont pas des entraves, mais des sources d&rsquo;\u00e9nergie et de puissance. Guimond met en lumi\u00e8re comment l&rsquo;acceptation de la diversit\u00e9 contribue \u00e0 la vitalit\u00e9 et \u00e0 la progression de la soci\u00e9t\u00e9. Il illustre que la compl\u00e9mentarit\u00e9 des talents et des personnalit\u00e9s est essentielle pour le succ\u00e8s, que ce soit dans le sport, les entreprises ou les organismes. En partageant ses exp\u00e9riences personnelles, l&rsquo;auteur d\u00e9montre l&rsquo;importance de la diversit\u00e9 et comment les diff\u00e9rences font r\u00e9ellement la diff\u00e9rence.<\/p>\n","protected":false},"excerpt":{"rendered":"<div class=\"group w-full text-token-text-primary border-b border-black\/10 gizmo:border-0 dark:border-gray-900\/50 gizmo:dark:border-0 bg-gray-50 gizmo:bg-transparent dark:bg-[#444654] gizmo:dark:bg-transparent\" data-testid=\"conversation-turn-115\">\n<div class=\"p-4 gizmo:py-2 justify-center text-base md:gap-6 md:py-6 m-auto\">\n<div class=\"flex flex-1 gap-4 text-base mx-auto md:gap-6 gizmo:gap-3 gizmo:md:px-5 gizmo:lg:px-1 gizmo:xl:px-5 md:max-w-2xl lg:max-w-[38rem] gizmo:md:max-w-3xl gizmo:lg:max-w-[40rem] gizmo:xl:max-w-[48rem] xl:max-w-3xl }\">\n<div class=\"relative flex w-[calc(100%-50px)] flex-col gizmo:w-full lg:w-[calc(100%-115px)] agent-turn\">\n<div class=\"flex-col gap-1 md:gap-3\">\n<div class=\"flex flex-grow flex-col gap-3 max-w-full\">\n<div class=\"min-h-[20px] flex flex-col items-start gap-3 whitespace-pre-wrap break-words overflow-x-auto\" data-message-author-role=\"assistant\" data-message-id=\"54261f4a-c173-4c04-85d8-0b05503805f9\">\n<div class=\"markdown prose w-full break-words dark:prose-invert light\">\n<p>Livre d\u00e9montre que les diff\u00e9rences enrichissent et renforcent, essentielles dans la r\u00e9ussite des \u00e9quipes, entreprises, soci\u00e9t\u00e9s.<\/p>\n<\/div>\n<\/div>\n<\/div>\n<div class=\"flex justify-between empty:hidden gizmo:justify-start gizmo:gap-3 lg:block gizmo:lg:flex\">\n<div class=\"text-gray-400 flex self-end lg:self-center justify-center gizmo:lg:justify-start mt-2 gizmo:mt-0 visible lg:gap-1 lg:absolute lg:top-0 lg:translate-x-full lg:right-0 lg:mt-0 lg:pl-2 gap-2 md:gap-3\"><button class=\"flex ml-auto gizmo:ml-0 gap-2 items-center rounded-md p-1 text-xs gizmo:gap-1.5 gizmo:pl-0 dark:text-gray-400 dark:hover:text-gray-200 disabled:dark:hover:text-gray-400 hover:text-gray-700\"><\/button><\/p>\n<div class=\"flex gap-1\"><\/div>\n<\/div>\n<\/div>\n<\/div>\n<\/div>\n<\/div>\n<\/div>\n<\/div>\n","protected":false},"featured_media":16499,"comment_status":"open","ping_status":"closed","template":"","meta":{"inline_featured_image":false},"product_cat":[204,91],"product_tag":[],"class_list":{"0":"post-16497","1":"product","2":"type-product","3":"status-publish","4":"has-post-thumbnail","6":"product_cat-francais","7":"product_cat-developpement","8":"pa_auteurs-sylvain-guimond","10":"first","11":"instock","12":"shipping-taxable","13":"purchasable","14":"product-type-simple"},"_links":{"self":[{"href":"https:\/\/baralivres.ma\/index.php?rest_route=\/wp\/v2\/product\/16497","targetHints":{"allow":["GET"]}}],"collection":[{"href":"https:\/\/baralivres.ma\/index.php?rest_route=\/wp\/v2\/product"}],"about":[{"href":"https:\/\/baralivres.ma\/index.php?rest_route=\/wp\/v2\/types\/product"}],"replies":[{"embeddable":true,"href":"https:\/\/baralivres.ma\/index.php?rest_route=%2Fwp%2Fv2%2Fcomments&post=16497"}],"version-history":[{"count":1,"href":"https:\/\/baralivres.ma\/index.php?rest_route=\/wp\/v2\/product\/16497\/revisions"}],"predecessor-version":[{"id":16500,"href":"https:\/\/baralivres.ma\/index.php?rest_route=\/wp\/v2\/product\/16497\/revisions\/16500"}],"wp:featuredmedia":[{"embeddable":true,"href":"https:\/\/baralivres.ma\/index.php?rest_route=\/wp\/v2\/media\/16499"}],"wp:attachment":[{"href":"https:\/\/baralivres.ma\/index.php?rest_route=%2Fwp%2Fv2%2Fmedia&parent=16497"}],"wp:term":[{"taxonomy":"product_cat","embeddable":true,"href":"https:\/\/baralivres.ma\/index.php?rest_route=%2Fwp%2Fv2%2Fproduct_cat&post=16497"},{"taxonomy":"product_tag","embeddable":true,"href":"https:\/\/baralivres.ma\/index.php?rest_route=%2Fwp%2Fv2%2Fproduct_tag&post=16497"}],"curies":[{"name":"wp","href":"https:\/\/api.w.org\/{rel}","templated":true}]}}