{"id":16493,"date":"2023-10-31T12:37:21","date_gmt":"2023-10-31T11:37:21","guid":{"rendered":"https:\/\/baralivres.ma\/?post_type=product&#038;p=16493"},"modified":"2023-10-31T12:37:21","modified_gmt":"2023-10-31T11:37:21","slug":"de-lechec-au-succes","status":"publish","type":"product","link":"https:\/\/baralivres.ma\/?product=de-lechec-au-succes","title":{"rendered":"De l&rsquo;\u00e9chec au succ\u00e8s"},"content":{"rendered":"<p>Ce livre, un classique du monde des affaires, s&rsquo;adresse \u00e0 tous les professionnels de la vente, qu&rsquo;il s&rsquo;agisse de vendre des maisons, des fonds communs de placement, de la publicit\u00e9 ou des id\u00e9es. L&rsquo;auteur, Frank Bettger, partage son parcours, passant d&rsquo;un vendeur d&rsquo;assurance m\u00e9diocre \u00e0 un vendeur renomm\u00e9 et bien r\u00e9mun\u00e9r\u00e9 en Am\u00e9rique. Il d\u00e9voile les secrets qui ont transform\u00e9 sa vie et lui ont permis de devenir un expert de la vente.<\/p>\n<p>Dans cet ouvrage, Bettger relate ses exp\u00e9riences personnelles et explique en d\u00e9tail les principes qu&rsquo;il a cr\u00e9\u00e9s et perfectionn\u00e9s au fil du temps. Il partage des anecdotes inspirantes et offre un guide en plusieurs \u00e9tapes pour d\u00e9velopper un style de vente gagnant. Peu importe ce que vous vendez, ce livre vous enseigne comment devenir un vendeur plus efficace, rentable, et pr\u00e9cieux pour votre entreprise.<\/p>\n<p>Les concepts cl\u00e9s abord\u00e9s incluent le pouvoir de l&rsquo;enthousiasme, la fa\u00e7on de surmonter la peur, la transformation d&rsquo;un client sceptique en acheteur enthousiaste, l&rsquo;\u00e9tablissement rapide de la confiance du client, et les sept r\u00e8gles d&rsquo;or pour conclure une vente avec succ\u00e8s. Frank Bettger d\u00e9montre comment ces principes peuvent transformer un vendeur m\u00e9diocre en un professionnel de la vente accompli.<\/p>\n","protected":false},"excerpt":{"rendered":"<p>Frank Bettger partage comment il est pass\u00e9 d&rsquo;un m\u00e9diocre vendeur \u00e0 un succ\u00e8s gr\u00e2ce \u00e0 l&rsquo;enthousiasme, la confiance et des r\u00e8gles de vente infaillibles.<\/p>\n","protected":false},"featured_media":16495,"comment_status":"open","ping_status":"closed","template":"","meta":{"inline_featured_image":false},"product_cat":[204,91],"product_tag":[],"class_list":{"0":"post-16493","1":"product","2":"type-product","3":"status-publish","4":"has-post-thumbnail","6":"product_cat-francais","7":"product_cat-developpement","8":"pa_auteurs-frank-bettger","10":"first","11":"instock","12":"shipping-taxable","13":"purchasable","14":"product-type-simple"},"_links":{"self":[{"href":"https:\/\/baralivres.ma\/index.php?rest_route=\/wp\/v2\/product\/16493","targetHints":{"allow":["GET"]}}],"collection":[{"href":"https:\/\/baralivres.ma\/index.php?rest_route=\/wp\/v2\/product"}],"about":[{"href":"https:\/\/baralivres.ma\/index.php?rest_route=\/wp\/v2\/types\/product"}],"replies":[{"embeddable":true,"href":"https:\/\/baralivres.ma\/index.php?rest_route=%2Fwp%2Fv2%2Fcomments&post=16493"}],"version-history":[{"count":1,"href":"https:\/\/baralivres.ma\/index.php?rest_route=\/wp\/v2\/product\/16493\/revisions"}],"predecessor-version":[{"id":16496,"href":"https:\/\/baralivres.ma\/index.php?rest_route=\/wp\/v2\/product\/16493\/revisions\/16496"}],"wp:featuredmedia":[{"embeddable":true,"href":"https:\/\/baralivres.ma\/index.php?rest_route=\/wp\/v2\/media\/16495"}],"wp:attachment":[{"href":"https:\/\/baralivres.ma\/index.php?rest_route=%2Fwp%2Fv2%2Fmedia&parent=16493"}],"wp:term":[{"taxonomy":"product_cat","embeddable":true,"href":"https:\/\/baralivres.ma\/index.php?rest_route=%2Fwp%2Fv2%2Fproduct_cat&post=16493"},{"taxonomy":"product_tag","embeddable":true,"href":"https:\/\/baralivres.ma\/index.php?rest_route=%2Fwp%2Fv2%2Fproduct_tag&post=16493"}],"curies":[{"name":"wp","href":"https:\/\/api.w.org\/{rel}","templated":true}]}}