{"id":16489,"date":"2023-10-31T12:34:39","date_gmt":"2023-10-31T11:34:39","guid":{"rendered":"https:\/\/baralivres.ma\/?post_type=product&#038;p=16489"},"modified":"2023-10-31T12:34:39","modified_gmt":"2023-10-31T11:34:39","slug":"succes-narrive-pas-hasard","status":"publish","type":"product","link":"https:\/\/baralivres.ma\/?product=succes-narrive-pas-hasard","title":{"rendered":"SUCCES N&rsquo;ARRIVE PAS HASARD"},"content":{"rendered":"<p>Tommy Newberry, coach de la r\u00e9ussite, enseigne comment fa\u00e7onner votre succ\u00e8s. Apprenez \u00e0 cr\u00e9er une mission personnelle, d\u00e9finir des objectifs, g\u00e9rer le temps, ma\u00eetriser le stress, exploiter la puissance du subconscient, et stimuler la productivit\u00e9 et l&rsquo;\u00e9nergie. Le succ\u00e8s d\u00e9coule d&rsquo;efforts conscients, simples, et fonctionne dans tous les aspects de la vie. L&rsquo;accepter entra\u00eenera des transformations durables.<\/p>\n","protected":false},"excerpt":{"rendered":"<p>Tommy Newberry guide vers le succ\u00e8s par la mission, objectifs, gestion du temps, ma\u00eetrise du stress, subconscient, productivit\u00e9, \u00e9nergie.<\/p>\n","protected":false},"featured_media":16491,"comment_status":"open","ping_status":"closed","template":"","meta":{"inline_featured_image":false},"product_cat":[204,91],"product_tag":[],"class_list":{"0":"post-16489","1":"product","2":"type-product","3":"status-publish","4":"has-post-thumbnail","6":"product_cat-francais","7":"product_cat-developpement","8":"pa_auteurs-tommy-newberry","10":"first","11":"instock","12":"shipping-taxable","13":"purchasable","14":"product-type-simple"},"_links":{"self":[{"href":"https:\/\/baralivres.ma\/index.php?rest_route=\/wp\/v2\/product\/16489","targetHints":{"allow":["GET"]}}],"collection":[{"href":"https:\/\/baralivres.ma\/index.php?rest_route=\/wp\/v2\/product"}],"about":[{"href":"https:\/\/baralivres.ma\/index.php?rest_route=\/wp\/v2\/types\/product"}],"replies":[{"embeddable":true,"href":"https:\/\/baralivres.ma\/index.php?rest_route=%2Fwp%2Fv2%2Fcomments&post=16489"}],"version-history":[{"count":1,"href":"https:\/\/baralivres.ma\/index.php?rest_route=\/wp\/v2\/product\/16489\/revisions"}],"predecessor-version":[{"id":16492,"href":"https:\/\/baralivres.ma\/index.php?rest_route=\/wp\/v2\/product\/16489\/revisions\/16492"}],"wp:featuredmedia":[{"embeddable":true,"href":"https:\/\/baralivres.ma\/index.php?rest_route=\/wp\/v2\/media\/16491"}],"wp:attachment":[{"href":"https:\/\/baralivres.ma\/index.php?rest_route=%2Fwp%2Fv2%2Fmedia&parent=16489"}],"wp:term":[{"taxonomy":"product_cat","embeddable":true,"href":"https:\/\/baralivres.ma\/index.php?rest_route=%2Fwp%2Fv2%2Fproduct_cat&post=16489"},{"taxonomy":"product_tag","embeddable":true,"href":"https:\/\/baralivres.ma\/index.php?rest_route=%2Fwp%2Fv2%2Fproduct_tag&post=16489"}],"curies":[{"name":"wp","href":"https:\/\/api.w.org\/{rel}","templated":true}]}}