{"id":16486,"date":"2023-10-31T12:36:50","date_gmt":"2023-10-31T11:36:50","guid":{"rendered":"https:\/\/baralivres.ma\/?post_type=product&#038;p=16486"},"modified":"2023-10-31T12:36:51","modified_gmt":"2023-10-31T11:36:51","slug":"mon-cher-petit-lou","status":"publish","type":"product","link":"https:\/\/baralivres.ma\/?product=mon-cher-petit-lou","title":{"rendered":"Mon cher petit Lou"},"content":{"rendered":"<p>Adieu, mon amour. Je t&rsquo;envoie des baisers empreints de tout mon amour, de toute ma passion, de toute ma force, sur tout ce que je d\u00e9sire, y compris tes seins d\u00e9licats et magnifiques. Tes lettres \u00e9voquent les parfums envo\u00fbtants de Grasse. Ce matin, \u00e0 l&rsquo;\u00e9curie, j&rsquo;ai d\u00e9couvert un pinson frigorifi\u00e9, mais encore ti\u00e8de. Je voulais essayer de ranimer son c\u0153ur en le massant, mais le vieux adjudant de ma batterie me l&rsquo;a r\u00e9clam\u00e9 pour le porter au mess et le d\u00e9guster.\u00a0\u00bb Ces lettres d&rsquo;Apollinaire, v\u00e9ritables hymnes \u00e0 l&rsquo;amour sensuel en pleine p\u00e9riode de guerre, offrent \u00e9galement un pr\u00e9cieux t\u00e9moignage sur la vie quotidienne des soldats.<\/p>\n","protected":false},"excerpt":{"rendered":"<p>Adieu passionn\u00e9, lettres parfum\u00e9es. Tendresse, \u00e9motion, guerre. T\u00e9moignage pr\u00e9cieux de la vie des poilus.<\/p>\n","protected":false},"featured_media":16490,"comment_status":"open","ping_status":"closed","template":"","meta":{"inline_featured_image":false},"product_cat":[204,143],"product_tag":[],"class_list":{"0":"post-16486","1":"product","2":"type-product","3":"status-publish","4":"has-post-thumbnail","6":"product_cat-francais","7":"product_cat-roman","8":"pa_auteurs-guillaume-apollinaire","10":"first","11":"instock","12":"shipping-taxable","13":"purchasable","14":"product-type-simple"},"_links":{"self":[{"href":"https:\/\/baralivres.ma\/index.php?rest_route=\/wp\/v2\/product\/16486","targetHints":{"allow":["GET"]}}],"collection":[{"href":"https:\/\/baralivres.ma\/index.php?rest_route=\/wp\/v2\/product"}],"about":[{"href":"https:\/\/baralivres.ma\/index.php?rest_route=\/wp\/v2\/types\/product"}],"replies":[{"embeddable":true,"href":"https:\/\/baralivres.ma\/index.php?rest_route=%2Fwp%2Fv2%2Fcomments&post=16486"}],"version-history":[{"count":1,"href":"https:\/\/baralivres.ma\/index.php?rest_route=\/wp\/v2\/product\/16486\/revisions"}],"predecessor-version":[{"id":16494,"href":"https:\/\/baralivres.ma\/index.php?rest_route=\/wp\/v2\/product\/16486\/revisions\/16494"}],"wp:featuredmedia":[{"embeddable":true,"href":"https:\/\/baralivres.ma\/index.php?rest_route=\/wp\/v2\/media\/16490"}],"wp:attachment":[{"href":"https:\/\/baralivres.ma\/index.php?rest_route=%2Fwp%2Fv2%2Fmedia&parent=16486"}],"wp:term":[{"taxonomy":"product_cat","embeddable":true,"href":"https:\/\/baralivres.ma\/index.php?rest_route=%2Fwp%2Fv2%2Fproduct_cat&post=16486"},{"taxonomy":"product_tag","embeddable":true,"href":"https:\/\/baralivres.ma\/index.php?rest_route=%2Fwp%2Fv2%2Fproduct_tag&post=16486"}],"curies":[{"name":"wp","href":"https:\/\/api.w.org\/{rel}","templated":true}]}}