{"id":16485,"date":"2023-10-31T12:30:08","date_gmt":"2023-10-31T11:30:08","guid":{"rendered":"https:\/\/baralivres.ma\/?post_type=product&#038;p=16485"},"modified":"2023-10-31T12:30:09","modified_gmt":"2023-10-31T11:30:09","slug":"entreprendre-et-reussir","status":"publish","type":"product","link":"https:\/\/baralivres.ma\/?product=entreprendre-et-reussir","title":{"rendered":"ENTREPRENDRE ET REUSSIR"},"content":{"rendered":"<p>D\u00e9couvrez les vies et r\u00e9alisations de dix entrepreneurs francophones, dont Martin Bouygues, Bernard Arnault, Laurent Beaudoin, Guy Lalibert\u00e9, Mario Moretti Polegato, Baron Albert Fr\u00e8re, Daniel Gauthier, Bernard Lemaire, Nicolas G. Hayek et Paul Desmarais. Malgr\u00e9 leurs diff\u00e9rences, ces b\u00e2tisseurs d&rsquo;entreprises ont en commun le don d&rsquo;entreprendre. Le livre offre des insights et une source d&rsquo;inspiration pour les futurs et actuels entrepreneurs, mettant en \u00e9vidence l&rsquo;influence de ces personnalit\u00e9s sur les \u00e9conomies nationales. Parmi les r\u00e9alisations notables, citons la pr\u00e9sidence de soci\u00e9t\u00e9s telles que Louis Vuitton-Mo\u00ebt Hennessy, Bombardier, le Cirque du Soleil, Geox, Total, Swatch Group, et bien d&rsquo;autres.<\/p>\n","protected":false},"excerpt":{"rendered":"<p>Ce livre pr\u00e9sente dix entrepreneurs francophones et leurs parcours exceptionnels, d\u00e9montrant leur don d&rsquo;entreprendre et leur impact \u00e9conomique.<\/p>\n","protected":false},"featured_media":16487,"comment_status":"open","ping_status":"closed","template":"","meta":{"inline_featured_image":false},"product_cat":[204,91],"product_tag":[],"class_list":{"0":"post-16485","1":"product","2":"type-product","3":"status-publish","4":"has-post-thumbnail","6":"product_cat-francais","7":"product_cat-developpement","8":"pa_auteurs-jean-lepage","10":"first","11":"instock","12":"shipping-taxable","13":"purchasable","14":"product-type-simple"},"_links":{"self":[{"href":"https:\/\/baralivres.ma\/index.php?rest_route=\/wp\/v2\/product\/16485","targetHints":{"allow":["GET"]}}],"collection":[{"href":"https:\/\/baralivres.ma\/index.php?rest_route=\/wp\/v2\/product"}],"about":[{"href":"https:\/\/baralivres.ma\/index.php?rest_route=\/wp\/v2\/types\/product"}],"replies":[{"embeddable":true,"href":"https:\/\/baralivres.ma\/index.php?rest_route=%2Fwp%2Fv2%2Fcomments&post=16485"}],"version-history":[{"count":1,"href":"https:\/\/baralivres.ma\/index.php?rest_route=\/wp\/v2\/product\/16485\/revisions"}],"predecessor-version":[{"id":16488,"href":"https:\/\/baralivres.ma\/index.php?rest_route=\/wp\/v2\/product\/16485\/revisions\/16488"}],"wp:featuredmedia":[{"embeddable":true,"href":"https:\/\/baralivres.ma\/index.php?rest_route=\/wp\/v2\/media\/16487"}],"wp:attachment":[{"href":"https:\/\/baralivres.ma\/index.php?rest_route=%2Fwp%2Fv2%2Fmedia&parent=16485"}],"wp:term":[{"taxonomy":"product_cat","embeddable":true,"href":"https:\/\/baralivres.ma\/index.php?rest_route=%2Fwp%2Fv2%2Fproduct_cat&post=16485"},{"taxonomy":"product_tag","embeddable":true,"href":"https:\/\/baralivres.ma\/index.php?rest_route=%2Fwp%2Fv2%2Fproduct_tag&post=16485"}],"curies":[{"name":"wp","href":"https:\/\/api.w.org\/{rel}","templated":true}]}}