{"id":16481,"date":"2023-10-31T12:24:31","date_gmt":"2023-10-31T11:24:31","guid":{"rendered":"https:\/\/baralivres.ma\/?post_type=product&#038;p=16481"},"modified":"2023-10-31T12:24:31","modified_gmt":"2023-10-31T11:24:31","slug":"45-secondes-qui-changeront-votre-vie-ne","status":"publish","type":"product","link":"https:\/\/baralivres.ma\/?product=45-secondes-qui-changeront-votre-vie-ne","title":{"rendered":"45 secondes qui changeront votre vie NE"},"content":{"rendered":"<p>Ce guide complet sur le marketing de r\u00e9seau est essentiel pour quiconque souhaite comprendre cette industrie. Il explique comment cette approche peut changer votre vie. Ne plus subir la routine quotidienne, passer du temps en famille, travailler pour soi, profiter de vacances, et planifier un avenir concret. Don Failla a d\u00e9velopp\u00e9 un syst\u00e8me simple pour cr\u00e9er une entreprise \u00e0 domicile. Aucune comp\u00e9tence de vente n&rsquo;est n\u00e9cessaire, ce syst\u00e8me est facile \u00e0 mettre en \u0153uvre, demandant peu de temps. Il offre la possibilit\u00e9 de prendre en main sa vie et de devenir son propre patron. C&rsquo;est le moment de se lancer dans l&rsquo;aventure du marketing de r\u00e9seau.<\/p>\n","protected":false},"excerpt":{"rendered":"<p>Guide essentiel pour comprendre et r\u00e9ussir dans le marketing de r\u00e9seau, offrant la libert\u00e9 et l&rsquo;ind\u00e9pendance.<\/p>\n","protected":false},"featured_media":16483,"comment_status":"open","ping_status":"closed","template":"","meta":{"inline_featured_image":false},"product_cat":[204,91],"product_tag":[],"class_list":{"0":"post-16481","1":"product","2":"type-product","3":"status-publish","4":"has-post-thumbnail","6":"product_cat-francais","7":"product_cat-developpement","8":"pa_auteurs-don-failla","10":"first","11":"instock","12":"shipping-taxable","13":"purchasable","14":"product-type-simple"},"_links":{"self":[{"href":"https:\/\/baralivres.ma\/index.php?rest_route=\/wp\/v2\/product\/16481","targetHints":{"allow":["GET"]}}],"collection":[{"href":"https:\/\/baralivres.ma\/index.php?rest_route=\/wp\/v2\/product"}],"about":[{"href":"https:\/\/baralivres.ma\/index.php?rest_route=\/wp\/v2\/types\/product"}],"replies":[{"embeddable":true,"href":"https:\/\/baralivres.ma\/index.php?rest_route=%2Fwp%2Fv2%2Fcomments&post=16481"}],"version-history":[{"count":1,"href":"https:\/\/baralivres.ma\/index.php?rest_route=\/wp\/v2\/product\/16481\/revisions"}],"predecessor-version":[{"id":16484,"href":"https:\/\/baralivres.ma\/index.php?rest_route=\/wp\/v2\/product\/16481\/revisions\/16484"}],"wp:featuredmedia":[{"embeddable":true,"href":"https:\/\/baralivres.ma\/index.php?rest_route=\/wp\/v2\/media\/16483"}],"wp:attachment":[{"href":"https:\/\/baralivres.ma\/index.php?rest_route=%2Fwp%2Fv2%2Fmedia&parent=16481"}],"wp:term":[{"taxonomy":"product_cat","embeddable":true,"href":"https:\/\/baralivres.ma\/index.php?rest_route=%2Fwp%2Fv2%2Fproduct_cat&post=16481"},{"taxonomy":"product_tag","embeddable":true,"href":"https:\/\/baralivres.ma\/index.php?rest_route=%2Fwp%2Fv2%2Fproduct_tag&post=16481"}],"curies":[{"name":"wp","href":"https:\/\/api.w.org\/{rel}","templated":true}]}}