{"id":16477,"date":"2023-10-31T12:21:03","date_gmt":"2023-10-31T11:21:03","guid":{"rendered":"https:\/\/baralivres.ma\/?post_type=product&#038;p=16477"},"modified":"2023-10-31T12:21:03","modified_gmt":"2023-10-31T11:21:03","slug":"confiance-illimitee-md","status":"publish","type":"product","link":"https:\/\/baralivres.ma\/?product=confiance-illimitee-md","title":{"rendered":"CONFIANCE ILLIMITEE &#8211; MD"},"content":{"rendered":"<div class=\"group w-full text-token-text-primary border-b border-black\/10 gizmo:border-0 dark:border-gray-900\/50 gizmo:dark:border-0 bg-gray-50 gizmo:bg-transparent dark:bg-[#444654] gizmo:dark:bg-transparent\" data-testid=\"conversation-turn-95\">\n<div class=\"p-4 gizmo:py-2 justify-center text-base md:gap-6 md:py-6 m-auto\">\n<div class=\"flex flex-1 gap-4 text-base mx-auto md:gap-6 gizmo:gap-3 gizmo:md:px-5 gizmo:lg:px-1 gizmo:xl:px-5 md:max-w-2xl lg:max-w-[38rem] gizmo:md:max-w-3xl gizmo:lg:max-w-[40rem] gizmo:xl:max-w-[48rem] xl:max-w-3xl }\">\n<div class=\"relative flex w-[calc(100%-50px)] flex-col gizmo:w-full lg:w-[calc(100%-115px)] agent-turn\">\n<div class=\"flex-col gap-1 md:gap-3\">\n<div class=\"flex flex-grow flex-col gap-3 max-w-full\">\n<div class=\"min-h-[20px] flex flex-col items-start gap-3 whitespace-pre-wrap break-words overflow-x-auto\" data-message-author-role=\"assistant\" data-message-id=\"fae6281c-1d62-48bb-98cc-87f0c65c737a\">\n<div class=\"markdown prose w-full break-words dark:prose-invert light\">\n<p>Franck Nicolas, pr\u00e9sentateur de t\u00e9l\u00e9vision, remet en question sa carri\u00e8re en cherchant sa v\u00e9ritable mission. Lors d&rsquo;un voyage \u00e0 Kaboul, il est touch\u00e9 par la d\u00e9tresse humaine. Plus tard, en tant que pompier volontaire, il est \u00e0 nouveau \u00e9mu par la souffrance des gens dans sa propre ville. Cependant, c&rsquo;est lors d&rsquo;un moment d\u00e9cisif en pr\u00e9parant une \u00e9mission t\u00e9l\u00e9vis\u00e9e qu&rsquo;il r\u00e9alise qu&rsquo;il ne peut plus continuer la vie qu&rsquo;il m\u00e8ne.<\/p>\n<p>En tant qu&rsquo;investisseur immobilier prosp\u00e8re, dirigeant de deux entreprises, il avait l&rsquo;impression d&rsquo;avoir le contr\u00f4le de sa vie, mais il se sentait en chute libre et atteint de burnout. Il d\u00e9cide de vendre ses entreprises, de quitter le monde des m\u00e9dias et de prendre un nouveau d\u00e9part. Cependant, son int\u00e9r\u00eat pour la r\u00e9ussite ne s&rsquo;est pas \u00e9teint. Il poursuit son observation des individus exceptionnels, des chefs d&rsquo;\u00c9tat aux champions du monde de danse sur glace, cherchant \u00e0 comprendre ce qui fait la diff\u00e9rence chez ces gagnants.<\/p>\n<p>Son exploration le conduit \u00e0 d\u00e9couvrir que la cl\u00e9 r\u00e9side souvent dans l&rsquo;assurance sereine de ces individus. Il r\u00e9alise que cette confiance en soi est ce qui leur permet de relever tous les d\u00e9fis. D\u00e9sormais, Franck Nicolas est d\u00e9termin\u00e9 \u00e0 partager ces observations et \u00e0 aider les autres \u00e0 trouver leur assurance sereine pour surmonter les obstacles et r\u00e9ussir dans leur vie.<\/p>\n<\/div>\n<\/div>\n<\/div>\n<div class=\"flex justify-between empty:hidden gizmo:justify-start gizmo:gap-3 lg:block gizmo:lg:flex\">\n<div class=\"text-gray-400 flex self-end lg:self-center justify-center gizmo:lg:justify-start mt-2 gizmo:mt-0 visible lg:gap-1 lg:absolute lg:top-0 lg:translate-x-full lg:right-0 lg:mt-0 lg:pl-2 gap-2 md:gap-3\"><button class=\"flex ml-auto gizmo:ml-0 gap-2 items-center rounded-md p-1 text-xs gizmo:gap-1.5 gizmo:pl-0 dark:text-gray-400 dark:hover:text-gray-200 disabled:dark:hover:text-gray-400 hover:text-gray-700\"><\/button><\/p>\n<div class=\"flex gap-1\"><\/div>\n<\/div>\n<\/div>\n<\/div>\n<\/div>\n<\/div>\n<\/div>\n<\/div>\n","protected":false},"excerpt":{"rendered":"<p>Franck Nicolas, pr\u00e9sentateur TV, d\u00e9couvre sa v\u00e9ritable mission en abandonnant une carri\u00e8re confortable. Il \u00e9tudie le succ\u00e8s des gagnants et identifie leur sereine assurance.<\/p>\n","protected":false},"featured_media":16479,"comment_status":"open","ping_status":"closed","template":"","meta":{"inline_featured_image":false},"product_cat":[204,91],"product_tag":[],"class_list":{"0":"post-16477","1":"product","2":"type-product","3":"status-publish","4":"has-post-thumbnail","6":"product_cat-francais","7":"product_cat-developpement","8":"pa_auteurs-franck-nicolas","10":"first","11":"instock","12":"shipping-taxable","13":"purchasable","14":"product-type-simple"},"_links":{"self":[{"href":"https:\/\/baralivres.ma\/index.php?rest_route=\/wp\/v2\/product\/16477","targetHints":{"allow":["GET"]}}],"collection":[{"href":"https:\/\/baralivres.ma\/index.php?rest_route=\/wp\/v2\/product"}],"about":[{"href":"https:\/\/baralivres.ma\/index.php?rest_route=\/wp\/v2\/types\/product"}],"replies":[{"embeddable":true,"href":"https:\/\/baralivres.ma\/index.php?rest_route=%2Fwp%2Fv2%2Fcomments&post=16477"}],"version-history":[{"count":1,"href":"https:\/\/baralivres.ma\/index.php?rest_route=\/wp\/v2\/product\/16477\/revisions"}],"predecessor-version":[{"id":16480,"href":"https:\/\/baralivres.ma\/index.php?rest_route=\/wp\/v2\/product\/16477\/revisions\/16480"}],"wp:featuredmedia":[{"embeddable":true,"href":"https:\/\/baralivres.ma\/index.php?rest_route=\/wp\/v2\/media\/16479"}],"wp:attachment":[{"href":"https:\/\/baralivres.ma\/index.php?rest_route=%2Fwp%2Fv2%2Fmedia&parent=16477"}],"wp:term":[{"taxonomy":"product_cat","embeddable":true,"href":"https:\/\/baralivres.ma\/index.php?rest_route=%2Fwp%2Fv2%2Fproduct_cat&post=16477"},{"taxonomy":"product_tag","embeddable":true,"href":"https:\/\/baralivres.ma\/index.php?rest_route=%2Fwp%2Fv2%2Fproduct_tag&post=16477"}],"curies":[{"name":"wp","href":"https:\/\/api.w.org\/{rel}","templated":true}]}}