{"id":16476,"date":"2023-10-31T12:23:08","date_gmt":"2023-10-31T11:23:08","guid":{"rendered":"https:\/\/baralivres.ma\/?post_type=product&#038;p=16476"},"modified":"2023-10-31T12:23:08","modified_gmt":"2023-10-31T11:23:08","slug":"brulant-secret","status":"publish","type":"product","link":"https:\/\/baralivres.ma\/?product=brulant-secret","title":{"rendered":"Br\u00fblant secret"},"content":{"rendered":"<p>Dans un isolement complet, un jeune aristocrate d\u00e9barque sur le quai d&rsquo;une station de montagne. En atteignant son h\u00f4tel, avide de nouvelles rencontres, il aper\u00e7oit une femme gracieuse, distante, en compagnie d&rsquo;un jeune gar\u00e7on. D\u00e9termin\u00e9 \u00e0 gagner son affection, il d\u00e9cide de simuler une amiti\u00e9 naissante avec le fils pour se rapprocher de la m\u00e8re. Bient\u00f4t, le petit Edgar se trouve confus, percevant un changement subit dans leur relation, une \u00e9nigme dont personne ne lui parle, mais qu&rsquo;il ressent avec intensit\u00e9. Il br\u00fble de d\u00e9couvrir ce myst\u00e8re et d&rsquo;enfin comprendre, de d\u00e9tenir la cl\u00e9 qui d\u00e9verrouille toutes les portes, de ne plus \u00eatre l&rsquo;enfant \u00e0 qui on dissimule tout, de ne plus \u00eatre la victime de tromperies. Il se dit que c&rsquo;est le moment d\u00e9cisif o\u00f9 il devra arracher ce secret terrible \u00e0 ceux qui le d\u00e9tiennent.<\/p>\n","protected":false},"excerpt":{"rendered":"<p>Un aristocrate solitaire feint une amiti\u00e9 avec le fils d&rsquo;une femme \u00e9l\u00e9gante pour percer leur myst\u00e9rieux secret.<\/p>\n","protected":false},"featured_media":16478,"comment_status":"open","ping_status":"closed","template":"","meta":{"inline_featured_image":false},"product_cat":[204,143],"product_tag":[],"class_list":{"0":"post-16476","1":"product","2":"type-product","3":"status-publish","4":"has-post-thumbnail","6":"product_cat-francais","7":"product_cat-roman","8":"pa_auteurs-stefan-zweig-2","10":"first","11":"instock","12":"shipping-taxable","13":"purchasable","14":"product-type-simple"},"_links":{"self":[{"href":"https:\/\/baralivres.ma\/index.php?rest_route=\/wp\/v2\/product\/16476","targetHints":{"allow":["GET"]}}],"collection":[{"href":"https:\/\/baralivres.ma\/index.php?rest_route=\/wp\/v2\/product"}],"about":[{"href":"https:\/\/baralivres.ma\/index.php?rest_route=\/wp\/v2\/types\/product"}],"replies":[{"embeddable":true,"href":"https:\/\/baralivres.ma\/index.php?rest_route=%2Fwp%2Fv2%2Fcomments&post=16476"}],"version-history":[{"count":1,"href":"https:\/\/baralivres.ma\/index.php?rest_route=\/wp\/v2\/product\/16476\/revisions"}],"predecessor-version":[{"id":16482,"href":"https:\/\/baralivres.ma\/index.php?rest_route=\/wp\/v2\/product\/16476\/revisions\/16482"}],"wp:featuredmedia":[{"embeddable":true,"href":"https:\/\/baralivres.ma\/index.php?rest_route=\/wp\/v2\/media\/16478"}],"wp:attachment":[{"href":"https:\/\/baralivres.ma\/index.php?rest_route=%2Fwp%2Fv2%2Fmedia&parent=16476"}],"wp:term":[{"taxonomy":"product_cat","embeddable":true,"href":"https:\/\/baralivres.ma\/index.php?rest_route=%2Fwp%2Fv2%2Fproduct_cat&post=16476"},{"taxonomy":"product_tag","embeddable":true,"href":"https:\/\/baralivres.ma\/index.php?rest_route=%2Fwp%2Fv2%2Fproduct_tag&post=16476"}],"curies":[{"name":"wp","href":"https:\/\/api.w.org\/{rel}","templated":true}]}}