{"id":16471,"date":"2023-10-31T12:16:42","date_gmt":"2023-10-31T11:16:42","guid":{"rendered":"https:\/\/baralivres.ma\/?post_type=product&#038;p=16471"},"modified":"2023-10-31T12:16:42","modified_gmt":"2023-10-31T11:16:42","slug":"apparition-et-autres-contes-de-letrange","status":"publish","type":"product","link":"https:\/\/baralivres.ma\/?product=apparition-et-autres-contes-de-letrange","title":{"rendered":"Apparition et autres contes de l&rsquo;\u00e9trange"},"content":{"rendered":"<p>Une d\u00e9funte v\u00eatue de blanc implore qu&rsquo;on lui mette un chapeau, un loup terrifiant attaque des chasseurs, un enfant r\u00eave de la disparition de son p\u00e8re, une tombe se soul\u00e8ve&#8230; S&rsquo;agit-il d&rsquo;illusions, de cauchemars, ou de ph\u00e9nom\u00e8nes surnaturels ? Des cimeti\u00e8res aux ch\u00e2teaux hant\u00e9s, Maupassant nous entra\u00eene vers les limites de la d\u00e9mence et de la terreur.<\/p>\n","protected":false},"excerpt":{"rendered":"<p>Hallucinations et peur s&rsquo;entrelacent dans des sc\u00e8nes myst\u00e9rieuses de mort, loups et fant\u00f4mes, explorant l&rsquo;au-del\u00e0.<\/p>\n","protected":false},"featured_media":16472,"comment_status":"open","ping_status":"closed","template":"","meta":{"inline_featured_image":false},"product_cat":[204,143],"product_tag":[],"class_list":{"0":"post-16471","1":"product","2":"type-product","3":"status-publish","4":"has-post-thumbnail","6":"product_cat-francais","7":"product_cat-roman","8":"pa_auteurs-guy-de-maupassant","10":"first","11":"instock","12":"shipping-taxable","13":"purchasable","14":"product-type-simple"},"_links":{"self":[{"href":"https:\/\/baralivres.ma\/index.php?rest_route=\/wp\/v2\/product\/16471","targetHints":{"allow":["GET"]}}],"collection":[{"href":"https:\/\/baralivres.ma\/index.php?rest_route=\/wp\/v2\/product"}],"about":[{"href":"https:\/\/baralivres.ma\/index.php?rest_route=\/wp\/v2\/types\/product"}],"replies":[{"embeddable":true,"href":"https:\/\/baralivres.ma\/index.php?rest_route=%2Fwp%2Fv2%2Fcomments&post=16471"}],"version-history":[{"count":1,"href":"https:\/\/baralivres.ma\/index.php?rest_route=\/wp\/v2\/product\/16471\/revisions"}],"predecessor-version":[{"id":16475,"href":"https:\/\/baralivres.ma\/index.php?rest_route=\/wp\/v2\/product\/16471\/revisions\/16475"}],"wp:featuredmedia":[{"embeddable":true,"href":"https:\/\/baralivres.ma\/index.php?rest_route=\/wp\/v2\/media\/16472"}],"wp:attachment":[{"href":"https:\/\/baralivres.ma\/index.php?rest_route=%2Fwp%2Fv2%2Fmedia&parent=16471"}],"wp:term":[{"taxonomy":"product_cat","embeddable":true,"href":"https:\/\/baralivres.ma\/index.php?rest_route=%2Fwp%2Fv2%2Fproduct_cat&post=16471"},{"taxonomy":"product_tag","embeddable":true,"href":"https:\/\/baralivres.ma\/index.php?rest_route=%2Fwp%2Fv2%2Fproduct_tag&post=16471"}],"curies":[{"name":"wp","href":"https:\/\/api.w.org\/{rel}","templated":true}]}}