{"id":16468,"date":"2023-10-31T12:14:23","date_gmt":"2023-10-31T11:14:23","guid":{"rendered":"https:\/\/baralivres.ma\/?post_type=product&#038;p=16468"},"modified":"2023-10-31T12:14:26","modified_gmt":"2023-10-31T11:14:26","slug":"linvite","status":"publish","type":"product","link":"https:\/\/baralivres.ma\/?product=linvite","title":{"rendered":"L&rsquo;Invit\u00e9"},"content":{"rendered":"<p>\u00cates-vous familier avec Oswald Hendryks Cornelius ? Cet aventurier passionn\u00e9 par les araign\u00e9es, l&rsquo;op\u00e9ra italien, et la collection de cannes, tout en \u00e9tant constamment tourment\u00e9 par une peur des microbes, et par-dessus tout, un incorrigible s\u00e9ducteur ? Je vous invite \u00e0 d\u00e9couvrir quelques extraits du journal de ce personnage hors du commun. Au cours d&rsquo;un voyage en \u00c9gypte, apr\u00e8s de nombreuses p\u00e9rip\u00e9ties, Oswald re\u00e7oit une invitation \u00e0 r\u00e9sider dans un somptueux ch\u00e2teau en plein c\u0153ur du d\u00e9sert du Sina\u00ef. Et comme on peut s&rsquo;y attendre avec un ch\u00e2teau, il y a une princesse \u00e0 charmer&#8230; mais \u00e0 quel prix !<\/p>\n","protected":false},"excerpt":{"rendered":"<p>Oswald Cornelius, voyageur arachnophile et collectionneur de cannes, s\u00e9journe dans un ch\u00e2teau \u00e9gyptien pour conqu\u00e9rir une princesse.<\/p>\n","protected":false},"featured_media":16469,"comment_status":"open","ping_status":"closed","template":"","meta":{"inline_featured_image":false},"product_cat":[204,143],"product_tag":[],"class_list":{"0":"post-16468","1":"product","2":"type-product","3":"status-publish","4":"has-post-thumbnail","6":"product_cat-francais","7":"product_cat-roman","8":"pa_auteurs-roald-dahl","10":"first","11":"instock","12":"shipping-taxable","13":"purchasable","14":"product-type-simple"},"_links":{"self":[{"href":"https:\/\/baralivres.ma\/index.php?rest_route=\/wp\/v2\/product\/16468","targetHints":{"allow":["GET"]}}],"collection":[{"href":"https:\/\/baralivres.ma\/index.php?rest_route=\/wp\/v2\/product"}],"about":[{"href":"https:\/\/baralivres.ma\/index.php?rest_route=\/wp\/v2\/types\/product"}],"replies":[{"embeddable":true,"href":"https:\/\/baralivres.ma\/index.php?rest_route=%2Fwp%2Fv2%2Fcomments&post=16468"}],"version-history":[{"count":1,"href":"https:\/\/baralivres.ma\/index.php?rest_route=\/wp\/v2\/product\/16468\/revisions"}],"predecessor-version":[{"id":16470,"href":"https:\/\/baralivres.ma\/index.php?rest_route=\/wp\/v2\/product\/16468\/revisions\/16470"}],"wp:featuredmedia":[{"embeddable":true,"href":"https:\/\/baralivres.ma\/index.php?rest_route=\/wp\/v2\/media\/16469"}],"wp:attachment":[{"href":"https:\/\/baralivres.ma\/index.php?rest_route=%2Fwp%2Fv2%2Fmedia&parent=16468"}],"wp:term":[{"taxonomy":"product_cat","embeddable":true,"href":"https:\/\/baralivres.ma\/index.php?rest_route=%2Fwp%2Fv2%2Fproduct_cat&post=16468"},{"taxonomy":"product_tag","embeddable":true,"href":"https:\/\/baralivres.ma\/index.php?rest_route=%2Fwp%2Fv2%2Fproduct_tag&post=16468"}],"curies":[{"name":"wp","href":"https:\/\/api.w.org\/{rel}","templated":true}]}}