{"id":16464,"date":"2023-10-31T12:16:16","date_gmt":"2023-10-31T11:16:16","guid":{"rendered":"https:\/\/baralivres.ma\/?post_type=product&#038;p=16464"},"modified":"2023-10-31T12:17:24","modified_gmt":"2023-10-31T11:17:24","slug":"faire-la-paix-avec-soi","status":"publish","type":"product","link":"https:\/\/baralivres.ma\/?product=faire-la-paix-avec-soi","title":{"rendered":"FAIRE LA PAIX AVEC SOI"},"content":{"rendered":"<p>Ce livre vise \u00e0 lib\u00e9rer vos sentiments d&rsquo;amour-propre et \u00e0 apporter un sens \u00e0 votre existence. Faire la paix avec soi n\u00e9cessite d&rsquo;affronter vos souffrances pass\u00e9es et actuelles, tout en cultivant la compr\u00e9hension de vos r\u00e9actions \u00e9motionnelles, vos peurs, et vos d\u00e9pendances. Cette analyse introspective facilite vos futures r\u00e9actions et vous aide \u00e0 trouver la paix \u00e9motionnelle en comblant vos besoins fondamentaux. L&rsquo;amour, l&rsquo;affection, la s\u00e9curit\u00e9, la famille, les loisirs sont des \u00e9l\u00e9ments cruciaux \u00e0 prendre en compte pour am\u00e9liorer votre bien-\u00eatre. Il est temps de simplifier votre vie pour votre mieux-\u00eatre et celui des autres, car le bonheur personnel peut inspirer les autres \u00e0 leur tour.<\/p>\n","protected":false},"excerpt":{"rendered":"<p>Lib\u00e9rer l&rsquo;amour de soi, trouver la paix int\u00e9rieure, et simplifier la vie pour le bien-\u00eatre g\u00e9n\u00e9ral.<\/p>\n","protected":false},"featured_media":16473,"comment_status":"open","ping_status":"closed","template":"","meta":{"inline_featured_image":false},"product_cat":[204,91],"product_tag":[],"class_list":{"0":"post-16464","1":"product","2":"type-product","3":"status-publish","4":"has-post-thumbnail","6":"product_cat-francais","7":"product_cat-developpement","8":"pa_auteurs-marc-gervais","10":"first","11":"instock","12":"shipping-taxable","13":"purchasable","14":"product-type-simple"},"_links":{"self":[{"href":"https:\/\/baralivres.ma\/index.php?rest_route=\/wp\/v2\/product\/16464","targetHints":{"allow":["GET"]}}],"collection":[{"href":"https:\/\/baralivres.ma\/index.php?rest_route=\/wp\/v2\/product"}],"about":[{"href":"https:\/\/baralivres.ma\/index.php?rest_route=\/wp\/v2\/types\/product"}],"replies":[{"embeddable":true,"href":"https:\/\/baralivres.ma\/index.php?rest_route=%2Fwp%2Fv2%2Fcomments&post=16464"}],"version-history":[{"count":2,"href":"https:\/\/baralivres.ma\/index.php?rest_route=\/wp\/v2\/product\/16464\/revisions"}],"predecessor-version":[{"id":16474,"href":"https:\/\/baralivres.ma\/index.php?rest_route=\/wp\/v2\/product\/16464\/revisions\/16474"}],"wp:featuredmedia":[{"embeddable":true,"href":"https:\/\/baralivres.ma\/index.php?rest_route=\/wp\/v2\/media\/16473"}],"wp:attachment":[{"href":"https:\/\/baralivres.ma\/index.php?rest_route=%2Fwp%2Fv2%2Fmedia&parent=16464"}],"wp:term":[{"taxonomy":"product_cat","embeddable":true,"href":"https:\/\/baralivres.ma\/index.php?rest_route=%2Fwp%2Fv2%2Fproduct_cat&post=16464"},{"taxonomy":"product_tag","embeddable":true,"href":"https:\/\/baralivres.ma\/index.php?rest_route=%2Fwp%2Fv2%2Fproduct_tag&post=16464"}],"curies":[{"name":"wp","href":"https:\/\/api.w.org\/{rel}","templated":true}]}}