{"id":16460,"date":"2023-10-31T12:11:08","date_gmt":"2023-10-31T11:11:08","guid":{"rendered":"https:\/\/baralivres.ma\/?post_type=product&#038;p=16460"},"modified":"2023-10-31T12:11:08","modified_gmt":"2023-10-31T11:11:08","slug":"une-page-dhistoire-et-autres-nouvelles","status":"publish","type":"product","link":"https:\/\/baralivres.ma\/?product=une-page-dhistoire-et-autres-nouvelles","title":{"rendered":"Une page d&rsquo;histoire et autres nouvelles"},"content":{"rendered":"<p>Que ce soient des ambassadeurs \u00e0 Istanbul, des collectionneurs d&rsquo;art passionn\u00e9s par la beaut\u00e9 f\u00e9minine, des vaillants soldats, des captifs ou des survivants de la guerre, Romain Gary d\u00e9crit tous ses h\u00e9ros comme des individus pris au pi\u00e8ge du d\u00e9sespoir et de la folie humaine. Ils luttent, s&rsquo;agitant telles des marionnettes d\u00e9sarticul\u00e9es, essayant en vain de r\u00e9sister aux forces qui les emportent malgr\u00e9 eux&#8230; Ces nouvelles, \u00e0 la fois po\u00e9tiques, souvent cruelles et empreintes de d\u00e9sillusion, sont le fruit d&rsquo;un talentueux illusionniste de l&rsquo;imaginaire.<\/p>\n","protected":false},"excerpt":{"rendered":"<p>Les h\u00e9ros de Romain Gary, qu&rsquo;ils soient ambassadeurs, collectionneurs ou soldats, incarnent la lutte d\u00e9sesp\u00e9r\u00e9e contre la folie humaine.<\/p>\n","protected":false},"featured_media":16461,"comment_status":"open","ping_status":"closed","template":"","meta":{"inline_featured_image":false},"product_cat":[204,143],"product_tag":[],"class_list":{"0":"post-16460","1":"product","2":"type-product","3":"status-publish","4":"has-post-thumbnail","6":"product_cat-francais","7":"product_cat-roman","8":"pa_auteurs-romain-gary","10":"first","11":"instock","12":"shipping-taxable","13":"purchasable","14":"product-type-simple"},"_links":{"self":[{"href":"https:\/\/baralivres.ma\/index.php?rest_route=\/wp\/v2\/product\/16460","targetHints":{"allow":["GET"]}}],"collection":[{"href":"https:\/\/baralivres.ma\/index.php?rest_route=\/wp\/v2\/product"}],"about":[{"href":"https:\/\/baralivres.ma\/index.php?rest_route=\/wp\/v2\/types\/product"}],"replies":[{"embeddable":true,"href":"https:\/\/baralivres.ma\/index.php?rest_route=%2Fwp%2Fv2%2Fcomments&post=16460"}],"version-history":[{"count":2,"href":"https:\/\/baralivres.ma\/index.php?rest_route=\/wp\/v2\/product\/16460\/revisions"}],"predecessor-version":[{"id":16467,"href":"https:\/\/baralivres.ma\/index.php?rest_route=\/wp\/v2\/product\/16460\/revisions\/16467"}],"wp:featuredmedia":[{"embeddable":true,"href":"https:\/\/baralivres.ma\/index.php?rest_route=\/wp\/v2\/media\/16461"}],"wp:attachment":[{"href":"https:\/\/baralivres.ma\/index.php?rest_route=%2Fwp%2Fv2%2Fmedia&parent=16460"}],"wp:term":[{"taxonomy":"product_cat","embeddable":true,"href":"https:\/\/baralivres.ma\/index.php?rest_route=%2Fwp%2Fv2%2Fproduct_cat&post=16460"},{"taxonomy":"product_tag","embeddable":true,"href":"https:\/\/baralivres.ma\/index.php?rest_route=%2Fwp%2Fv2%2Fproduct_tag&post=16460"}],"curies":[{"name":"wp","href":"https:\/\/api.w.org\/{rel}","templated":true}]}}