{"id":16458,"date":"2023-10-31T12:09:54","date_gmt":"2023-10-31T11:09:54","guid":{"rendered":"https:\/\/baralivres.ma\/?post_type=product&#038;p=16458"},"modified":"2023-10-31T12:09:54","modified_gmt":"2023-10-31T11:09:54","slug":"le-pouvoir-magique-des-relations-daffaires","status":"publish","type":"product","link":"https:\/\/baralivres.ma\/?product=le-pouvoir-magique-des-relations-daffaires","title":{"rendered":"Le pouvoir magique des relations d&rsquo;affaires"},"content":{"rendered":"<p>Pour r\u00e9ussir dans le monde des affaires, il est essentiel de mettre l&rsquo;accent sur les relations interpersonnelles avec vos clients. Peu importe la nature de votre entreprise, une v\u00e9rit\u00e9 fondamentale demeure : les relations que vous \u00e9tablissez sont plus cruciales que les profits imm\u00e9diats r\u00e9sultant de la vente de produits ou de services. Le niveau de succ\u00e8s, que ce soit au niveau individuel, entrepreneurial, ou professionnel, est directement li\u00e9 \u00e0 la qualit\u00e9 des relations que vous entretenez avec les autres.<\/p>\n<p>Investir dans l&rsquo;amiti\u00e9 et le bien-\u00eatre de vos clients, ainsi que r\u00e9pondre \u00e0 leurs besoins, est la cl\u00e9 pour les fid\u00e9liser et les inciter \u00e0 vous recommander. En cons\u00e9quence, de nouveaux clients viendront naturellement vers vous, assurant la croissance de votre entreprise.<\/p>\n<p>Cet ouvrage utilise une all\u00e9gorie pour illustrer ces enseignements, mettant en lumi\u00e8re les \u00e9motions que tout commer\u00e7ant, vendeur ou entrepreneur peut avoir v\u00e9cues \u00e0 un moment de sa carri\u00e8re. Il constitue une r\u00e9f\u00e9rence en mati\u00e8re de sollicitation, de recommandation et de fid\u00e9lisation de la client\u00e8le, offrant une multitude d&rsquo;id\u00e9es et de conseils pour ceux qui souhaitent \u00e9tablir des relations d&rsquo;affaires durables et fructueuses avec leurs clients.<\/p>\n","protected":false},"excerpt":{"rendered":"<p>Priorisez les relations d&rsquo;affaires pour le succ\u00e8s. La qualit\u00e9 des relations est essentielle. Investissez dans l&rsquo;amiti\u00e9, comblez les besoins, attirez de nouveaux clients. Ce livre offre des conseils pr\u00e9cieux pour des relations d&rsquo;affaires durables et rentables.<\/p>\n","protected":false},"featured_media":16462,"comment_status":"open","ping_status":"closed","template":"","meta":{"inline_featured_image":false},"product_cat":[204,91],"product_tag":[],"class_list":{"0":"post-16458","1":"product","2":"type-product","3":"status-publish","4":"has-post-thumbnail","6":"product_cat-francais","7":"product_cat-developpement","8":"pa_auteurs-timothy-l-templeton","10":"first","11":"instock","12":"shipping-taxable","13":"purchasable","14":"product-type-simple"},"_links":{"self":[{"href":"https:\/\/baralivres.ma\/index.php?rest_route=\/wp\/v2\/product\/16458","targetHints":{"allow":["GET"]}}],"collection":[{"href":"https:\/\/baralivres.ma\/index.php?rest_route=\/wp\/v2\/product"}],"about":[{"href":"https:\/\/baralivres.ma\/index.php?rest_route=\/wp\/v2\/types\/product"}],"replies":[{"embeddable":true,"href":"https:\/\/baralivres.ma\/index.php?rest_route=%2Fwp%2Fv2%2Fcomments&post=16458"}],"version-history":[{"count":1,"href":"https:\/\/baralivres.ma\/index.php?rest_route=\/wp\/v2\/product\/16458\/revisions"}],"predecessor-version":[{"id":16463,"href":"https:\/\/baralivres.ma\/index.php?rest_route=\/wp\/v2\/product\/16458\/revisions\/16463"}],"wp:featuredmedia":[{"embeddable":true,"href":"https:\/\/baralivres.ma\/index.php?rest_route=\/wp\/v2\/media\/16462"}],"wp:attachment":[{"href":"https:\/\/baralivres.ma\/index.php?rest_route=%2Fwp%2Fv2%2Fmedia&parent=16458"}],"wp:term":[{"taxonomy":"product_cat","embeddable":true,"href":"https:\/\/baralivres.ma\/index.php?rest_route=%2Fwp%2Fv2%2Fproduct_cat&post=16458"},{"taxonomy":"product_tag","embeddable":true,"href":"https:\/\/baralivres.ma\/index.php?rest_route=%2Fwp%2Fv2%2Fproduct_tag&post=16458"}],"curies":[{"name":"wp","href":"https:\/\/api.w.org\/{rel}","templated":true}]}}