{"id":16454,"date":"2023-10-31T12:06:54","date_gmt":"2023-10-31T11:06:54","guid":{"rendered":"https:\/\/baralivres.ma\/?post_type=product&#038;p=16454"},"modified":"2023-10-31T12:06:54","modified_gmt":"2023-10-31T11:06:54","slug":"le-verdict-a-la-colonie-penitentiaire","status":"publish","type":"product","link":"https:\/\/baralivres.ma\/?product=le-verdict-a-la-colonie-penitentiaire","title":{"rendered":"Le Verdict &#8211; \u00c0 la colonie p\u00e9nitentiaire"},"content":{"rendered":"<p>\u00ab\u00a0L&rsquo;\u00e9crivain contemporain a une id\u00e9e \u00e9ditoriale consistant \u00e0 rassembler ces textes, \u00e0 laquelle Kafka s&rsquo;est oppos\u00e9 en 1916 en faisant valoir que \u00ab\u00a0Verdict et Colonie p\u00e9nitentiaire formeraient une combinaison ex\u00e9crable ; \u00e0 la limite, La M\u00e9tamorphose pourrait servir d&rsquo;interm\u00e9diaire entre eux, mais sans cela, cela reviendrait vraiment \u00e0 prendre deux t\u00eates \u00e9trang\u00e8res et \u00e0 les heurter violemment l&rsquo;une contre l&rsquo;autre.\u00a0\u00bb Nous prenons cette d\u00e9claration au s\u00e9rieux et confrontons ces deux r\u00e9cits en les \u00e9clairant \u00e0 la lumi\u00e8re des \u0153uvres post\u00e9rieures. \u00ab\u00a0Le principe sur lequel je m&rsquo;appuie est que la culpabilit\u00e9 est toujours indiscutable.\u00a0\u00bb<\/p>\n","protected":false},"excerpt":{"rendered":"<p>Kafka s&rsquo;oppose \u00e0 fusionner \u00ab\u00a0Verdict\u00a0\u00bb et \u00ab\u00a0Colonie p\u00e9nitentiaire\u00a0\u00bb, mais nous les confrontons, explorant la culpabilit\u00e9.<\/p>\n","protected":false},"featured_media":16455,"comment_status":"open","ping_status":"closed","template":"","meta":{"inline_featured_image":false},"product_cat":[204,143],"product_tag":[],"class_list":{"0":"post-16454","1":"product","2":"type-product","3":"status-publish","4":"has-post-thumbnail","6":"product_cat-francais","7":"product_cat-roman","8":"pa_auteurs-franz-kafka","10":"first","11":"instock","12":"shipping-taxable","13":"purchasable","14":"product-type-simple"},"_links":{"self":[{"href":"https:\/\/baralivres.ma\/index.php?rest_route=\/wp\/v2\/product\/16454","targetHints":{"allow":["GET"]}}],"collection":[{"href":"https:\/\/baralivres.ma\/index.php?rest_route=\/wp\/v2\/product"}],"about":[{"href":"https:\/\/baralivres.ma\/index.php?rest_route=\/wp\/v2\/types\/product"}],"replies":[{"embeddable":true,"href":"https:\/\/baralivres.ma\/index.php?rest_route=%2Fwp%2Fv2%2Fcomments&post=16454"}],"version-history":[{"count":1,"href":"https:\/\/baralivres.ma\/index.php?rest_route=\/wp\/v2\/product\/16454\/revisions"}],"predecessor-version":[{"id":16459,"href":"https:\/\/baralivres.ma\/index.php?rest_route=\/wp\/v2\/product\/16454\/revisions\/16459"}],"wp:featuredmedia":[{"embeddable":true,"href":"https:\/\/baralivres.ma\/index.php?rest_route=\/wp\/v2\/media\/16455"}],"wp:attachment":[{"href":"https:\/\/baralivres.ma\/index.php?rest_route=%2Fwp%2Fv2%2Fmedia&parent=16454"}],"wp:term":[{"taxonomy":"product_cat","embeddable":true,"href":"https:\/\/baralivres.ma\/index.php?rest_route=%2Fwp%2Fv2%2Fproduct_cat&post=16454"},{"taxonomy":"product_tag","embeddable":true,"href":"https:\/\/baralivres.ma\/index.php?rest_route=%2Fwp%2Fv2%2Fproduct_tag&post=16454"}],"curies":[{"name":"wp","href":"https:\/\/api.w.org\/{rel}","templated":true}]}}