{"id":16453,"date":"2023-10-31T12:06:39","date_gmt":"2023-10-31T11:06:39","guid":{"rendered":"https:\/\/baralivres.ma\/?post_type=product&#038;p=16453"},"modified":"2023-10-31T12:06:40","modified_gmt":"2023-10-31T11:06:40","slug":"les-10-secrets-du-succes-et-de-md","status":"publish","type":"product","link":"https:\/\/baralivres.ma\/?product=les-10-secrets-du-succes-et-de-md","title":{"rendered":"LES 10 SECRETS DU SUCCES ET DE (MD)"},"content":{"rendered":"<p>Le Dr. Dyer partage dix secrets pour une vie \u00e9panouie et spirituelle. Ouvrez votre esprit, jouez votre musique int\u00e9rieure, cultivez l&rsquo;amour de soi, pratiquez le silence et la r\u00e9silience, ch\u00e9rissez le divin en vous. \u00c9vitez les pens\u00e9es n\u00e9gatives. Un guide inspirant pour une vie enrichissante.<\/p>\n","protected":false},"excerpt":{"rendered":"<p>D\u00e9couvrez 10 secrets de vie inspirants pour une existence \u00e9panouie, spirituelle et remplie de sens.<\/p>\n","protected":false},"featured_media":16456,"comment_status":"open","ping_status":"closed","template":"","meta":{"inline_featured_image":false},"product_cat":[204,91],"product_tag":[],"class_list":{"0":"post-16453","1":"product","2":"type-product","3":"status-publish","4":"has-post-thumbnail","6":"product_cat-francais","7":"product_cat-developpement","8":"pa_auteurs-wayne-w-dyer-2","10":"first","11":"instock","12":"shipping-taxable","13":"purchasable","14":"product-type-simple"},"_links":{"self":[{"href":"https:\/\/baralivres.ma\/index.php?rest_route=\/wp\/v2\/product\/16453","targetHints":{"allow":["GET"]}}],"collection":[{"href":"https:\/\/baralivres.ma\/index.php?rest_route=\/wp\/v2\/product"}],"about":[{"href":"https:\/\/baralivres.ma\/index.php?rest_route=\/wp\/v2\/types\/product"}],"replies":[{"embeddable":true,"href":"https:\/\/baralivres.ma\/index.php?rest_route=%2Fwp%2Fv2%2Fcomments&post=16453"}],"version-history":[{"count":1,"href":"https:\/\/baralivres.ma\/index.php?rest_route=\/wp\/v2\/product\/16453\/revisions"}],"predecessor-version":[{"id":16457,"href":"https:\/\/baralivres.ma\/index.php?rest_route=\/wp\/v2\/product\/16453\/revisions\/16457"}],"wp:featuredmedia":[{"embeddable":true,"href":"https:\/\/baralivres.ma\/index.php?rest_route=\/wp\/v2\/media\/16456"}],"wp:attachment":[{"href":"https:\/\/baralivres.ma\/index.php?rest_route=%2Fwp%2Fv2%2Fmedia&parent=16453"}],"wp:term":[{"taxonomy":"product_cat","embeddable":true,"href":"https:\/\/baralivres.ma\/index.php?rest_route=%2Fwp%2Fv2%2Fproduct_cat&post=16453"},{"taxonomy":"product_tag","embeddable":true,"href":"https:\/\/baralivres.ma\/index.php?rest_route=%2Fwp%2Fv2%2Fproduct_tag&post=16453"}],"curies":[{"name":"wp","href":"https:\/\/api.w.org\/{rel}","templated":true}]}}