{"id":16448,"date":"2023-10-31T12:03:26","date_gmt":"2023-10-31T11:03:26","guid":{"rendered":"https:\/\/baralivres.ma\/?post_type=product&#038;p=16448"},"modified":"2023-12-04T11:46:24","modified_gmt":"2023-12-04T10:46:24","slug":"attitude-dun-gagnant","status":"publish","type":"product","link":"https:\/\/baralivres.ma\/?product=attitude-dun-gagnant","title":{"rendered":"ATTITUDE D&rsquo;UN GAGNANT"},"content":{"rendered":"<p>Denis Waitley, expert en am\u00e9lioration des performances, partage des cl\u00e9s pour cultiver une attitude gagnante. D\u00e9veloppez l&rsquo;abondance, l&#8217;empathie, la gestion du stress, l&rsquo;estime de soi et la motivation positive. Adoptez une attitude gagnante pour r\u00e9ussir dans la vie. Suivez le chemin vers le succ\u00e8s.<\/p>\n","protected":false},"excerpt":{"rendered":"<p>Cultivez l&rsquo;attitude gagnante avec les conseils de Denis Waitley pour r\u00e9ussir, d\u00e9velopper l&rsquo;estime de soi et la motivation.<\/p>\n","protected":false},"featured_media":16450,"comment_status":"open","ping_status":"closed","template":"","meta":{"inline_featured_image":false},"product_cat":[204,91],"product_tag":[],"class_list":{"0":"post-16448","1":"product","2":"type-product","3":"status-publish","4":"has-post-thumbnail","6":"product_cat-francais","7":"product_cat-developpement","8":"pa_auteurs-denis-waitley","10":"first","11":"instock","12":"shipping-taxable","13":"purchasable","14":"product-type-simple"},"_links":{"self":[{"href":"https:\/\/baralivres.ma\/index.php?rest_route=\/wp\/v2\/product\/16448","targetHints":{"allow":["GET"]}}],"collection":[{"href":"https:\/\/baralivres.ma\/index.php?rest_route=\/wp\/v2\/product"}],"about":[{"href":"https:\/\/baralivres.ma\/index.php?rest_route=\/wp\/v2\/types\/product"}],"replies":[{"embeddable":true,"href":"https:\/\/baralivres.ma\/index.php?rest_route=%2Fwp%2Fv2%2Fcomments&post=16448"}],"version-history":[{"count":1,"href":"https:\/\/baralivres.ma\/index.php?rest_route=\/wp\/v2\/product\/16448\/revisions"}],"predecessor-version":[{"id":16452,"href":"https:\/\/baralivres.ma\/index.php?rest_route=\/wp\/v2\/product\/16448\/revisions\/16452"}],"wp:featuredmedia":[{"embeddable":true,"href":"https:\/\/baralivres.ma\/index.php?rest_route=\/wp\/v2\/media\/16450"}],"wp:attachment":[{"href":"https:\/\/baralivres.ma\/index.php?rest_route=%2Fwp%2Fv2%2Fmedia&parent=16448"}],"wp:term":[{"taxonomy":"product_cat","embeddable":true,"href":"https:\/\/baralivres.ma\/index.php?rest_route=%2Fwp%2Fv2%2Fproduct_cat&post=16448"},{"taxonomy":"product_tag","embeddable":true,"href":"https:\/\/baralivres.ma\/index.php?rest_route=%2Fwp%2Fv2%2Fproduct_tag&post=16448"}],"curies":[{"name":"wp","href":"https:\/\/api.w.org\/{rel}","templated":true}]}}