{"id":16439,"date":"2023-10-31T11:50:05","date_gmt":"2023-10-31T10:50:05","guid":{"rendered":"https:\/\/baralivres.ma\/?post_type=product&#038;p=16439"},"modified":"2023-10-31T11:50:05","modified_gmt":"2023-10-31T10:50:05","slug":"sesame-ouvre-toi-md","status":"publish","type":"product","link":"https:\/\/baralivres.ma\/?product=sesame-ouvre-toi-md","title":{"rendered":"SESAME, OUVRE-TOI ! \/ MD"},"content":{"rendered":"<p>Explorez votre bien-\u00eatre et d\u00e9passer les obstacles gr\u00e2ce \u00e0 ce guide pratique et inspirant. Identifiez vos blocages, saisissez les opportunit\u00e9s, et cr\u00e9ez votre bonheur. Cet ouvrage offre des outils, des d\u00e9codeurs et des exercices pour guider votre parcours. Il vous permet de trouver votre voie et de r\u00e9aliser vos r\u00eaves sans pression. Utilisable \u00e0 tout moment pour vous motiver. Connectez-vous pleinement \u00e0 la vie et \u00e0 vos aspirations.<\/p>\n","protected":false},"excerpt":{"rendered":"<p>Guide pratique pour explorer le bien-\u00eatre, surmonter les obstacles, saisir les opportunit\u00e9s et r\u00e9aliser ses r\u00eaves.<\/p>\n","protected":false},"featured_media":16443,"comment_status":"open","ping_status":"closed","template":"","meta":{"inline_featured_image":false},"product_cat":[204,91],"product_tag":[],"class_list":{"0":"post-16439","1":"product","2":"type-product","3":"status-publish","4":"has-post-thumbnail","6":"product_cat-francais","7":"product_cat-developpement","8":"pa_auteurs-maha-tissot","10":"first","11":"instock","12":"shipping-taxable","13":"purchasable","14":"product-type-simple"},"_links":{"self":[{"href":"https:\/\/baralivres.ma\/index.php?rest_route=\/wp\/v2\/product\/16439","targetHints":{"allow":["GET"]}}],"collection":[{"href":"https:\/\/baralivres.ma\/index.php?rest_route=\/wp\/v2\/product"}],"about":[{"href":"https:\/\/baralivres.ma\/index.php?rest_route=\/wp\/v2\/types\/product"}],"replies":[{"embeddable":true,"href":"https:\/\/baralivres.ma\/index.php?rest_route=%2Fwp%2Fv2%2Fcomments&post=16439"}],"version-history":[{"count":1,"href":"https:\/\/baralivres.ma\/index.php?rest_route=\/wp\/v2\/product\/16439\/revisions"}],"predecessor-version":[{"id":16444,"href":"https:\/\/baralivres.ma\/index.php?rest_route=\/wp\/v2\/product\/16439\/revisions\/16444"}],"wp:featuredmedia":[{"embeddable":true,"href":"https:\/\/baralivres.ma\/index.php?rest_route=\/wp\/v2\/media\/16443"}],"wp:attachment":[{"href":"https:\/\/baralivres.ma\/index.php?rest_route=%2Fwp%2Fv2%2Fmedia&parent=16439"}],"wp:term":[{"taxonomy":"product_cat","embeddable":true,"href":"https:\/\/baralivres.ma\/index.php?rest_route=%2Fwp%2Fv2%2Fproduct_cat&post=16439"},{"taxonomy":"product_tag","embeddable":true,"href":"https:\/\/baralivres.ma\/index.php?rest_route=%2Fwp%2Fv2%2Fproduct_tag&post=16439"}],"curies":[{"name":"wp","href":"https:\/\/api.w.org\/{rel}","templated":true}]}}