{"id":16436,"date":"2023-10-31T11:46:49","date_gmt":"2023-10-31T10:46:49","guid":{"rendered":"https:\/\/baralivres.ma\/?post_type=product&#038;p=16436"},"modified":"2023-10-31T11:46:50","modified_gmt":"2023-10-31T10:46:50","slug":"les-enfants-de-lombre-et-autres-nouvelles","status":"publish","type":"product","link":"https:\/\/baralivres.ma\/?product=les-enfants-de-lombre-et-autres-nouvelles","title":{"rendered":"Les enfants de l&rsquo;ombre et autres nouvelles"},"content":{"rendered":"<p>Un prince r\u00e9put\u00e9 pour ses innombrables qualit\u00e9s, plong\u00e9 dans un ab\u00eeme de d\u00e9sespoir \u00e0 cause d&rsquo;un amour perdu ; une petite station thermale o\u00f9 les citoyens z\u00e9l\u00e9s, orient\u00e9s vers le profit, s&rsquo;ennuient profond\u00e9ment ; un groupe de survivants \u00e9chapp\u00e9s d&rsquo;une guerre nucl\u00e9aire \u00e0 la recherche d&rsquo;un nouvel paradis&#8230; Ces personnages, issus de divers horizons, portent en eux la nostalgie de leur enfance, une \u00e9poque o\u00f9 leurs yeux \u00e9taient empreints de clart\u00e9, o\u00f9 les limites de la r\u00e9alit\u00e9 n&rsquo;entravaient pas leur monde, et o\u00f9 chaque aventure \u00e9tait envisageable. Trois nouvelles con\u00e7ues pour raviver l&rsquo;\u00e2me d&rsquo;un monde meurtri par la folie des hommes, et pour red\u00e9couvrir la magie de l&rsquo;innocence de l&rsquo;enfance.<\/p>\n","protected":false},"excerpt":{"rendered":"<p>Prince vertueux d\u00e9sesp\u00e9r\u00e9, citoyens ennuy\u00e9s, survivants guerre cherchent Eden. Nostalgie enfance. Trois nouvelles pour r\u00e9enchanter.<\/p>\n","protected":false},"featured_media":16440,"comment_status":"open","ping_status":"closed","template":"","meta":{"inline_featured_image":false},"product_cat":[204,143],"product_tag":[],"class_list":{"0":"post-16436","1":"product","2":"type-product","3":"status-publish","4":"has-post-thumbnail","6":"product_cat-francais","7":"product_cat-roman","8":"pa_auteurs-rene-barjavel","10":"first","11":"instock","12":"shipping-taxable","13":"purchasable","14":"product-type-simple"},"_links":{"self":[{"href":"https:\/\/baralivres.ma\/index.php?rest_route=\/wp\/v2\/product\/16436","targetHints":{"allow":["GET"]}}],"collection":[{"href":"https:\/\/baralivres.ma\/index.php?rest_route=\/wp\/v2\/product"}],"about":[{"href":"https:\/\/baralivres.ma\/index.php?rest_route=\/wp\/v2\/types\/product"}],"replies":[{"embeddable":true,"href":"https:\/\/baralivres.ma\/index.php?rest_route=%2Fwp%2Fv2%2Fcomments&post=16436"}],"version-history":[{"count":1,"href":"https:\/\/baralivres.ma\/index.php?rest_route=\/wp\/v2\/product\/16436\/revisions"}],"predecessor-version":[{"id":16441,"href":"https:\/\/baralivres.ma\/index.php?rest_route=\/wp\/v2\/product\/16436\/revisions\/16441"}],"wp:featuredmedia":[{"embeddable":true,"href":"https:\/\/baralivres.ma\/index.php?rest_route=\/wp\/v2\/media\/16440"}],"wp:attachment":[{"href":"https:\/\/baralivres.ma\/index.php?rest_route=%2Fwp%2Fv2%2Fmedia&parent=16436"}],"wp:term":[{"taxonomy":"product_cat","embeddable":true,"href":"https:\/\/baralivres.ma\/index.php?rest_route=%2Fwp%2Fv2%2Fproduct_cat&post=16436"},{"taxonomy":"product_tag","embeddable":true,"href":"https:\/\/baralivres.ma\/index.php?rest_route=%2Fwp%2Fv2%2Fproduct_tag&post=16436"}],"curies":[{"name":"wp","href":"https:\/\/api.w.org\/{rel}","templated":true}]}}