{"id":16431,"date":"2023-10-31T11:42:31","date_gmt":"2023-10-31T10:42:31","guid":{"rendered":"https:\/\/baralivres.ma\/?post_type=product&#038;p=16431"},"modified":"2023-10-31T11:42:32","modified_gmt":"2023-10-31T10:42:32","slug":"ultimes-secrets-confiance-soi","status":"publish","type":"product","link":"https:\/\/baralivres.ma\/?product=ultimes-secrets-confiance-soi","title":{"rendered":"ULTIMES SECRETS CONFIANCE SOI"},"content":{"rendered":"<p>\u00ab\u00a0Osez croire en vous, agissez, et renouvelez-vous !<\/p>\n<p>Si vous avez tendance \u00e0 vous sous-estimer, \u00e0 craindre l&rsquo;expression de vos opinions ou \u00e0 vous sentir r\u00e9sign\u00e9, ce livre peut vous apporter une solution. La confiance en soi n&rsquo;est pas un myst\u00e8re compliqu\u00e9. En suivant les principes expliqu\u00e9s dans ces pages, vous pouvez d\u00e9velopper votre confiance en vous et vous affirmer avec assurance.<\/p>\n<p>Le Dr Robert Anthony partage les enseignements qu&rsquo;il a transmis lors de ses milliers de s\u00e9minaires et d&rsquo;ateliers. Il r\u00e9v\u00e8le les secrets pour remodeler vos pens\u00e9es et r\u00e9veiller une nouvelle version de vous-m\u00eame.<\/p>\n<p>Les entrepreneurs, les athl\u00e8tes de haut niveau, et les personnalit\u00e9s publiques savent que la confiance en soi est essentielle \u00e0 leur succ\u00e8s. Vous pouvez aussi b\u00e9n\u00e9ficier de ces connaissances pour aborder la vie avec un regard positif, renouvel\u00e9, et confiant.\u00a0\u00bb<\/p>\n","protected":false},"excerpt":{"rendered":"<p>Gagnez en confiance en vous, transformez votre perspective avec les principes de ce livre. R\u00e9v\u00e9lations du Dr Robert Anthony sur le succ\u00e8s personnel et professionnel.<\/p>\n","protected":false},"featured_media":16433,"comment_status":"open","ping_status":"closed","template":"","meta":{"inline_featured_image":false},"product_cat":[204,91],"product_tag":[],"class_list":{"0":"post-16431","1":"product","2":"type-product","3":"status-publish","4":"has-post-thumbnail","6":"product_cat-francais","7":"product_cat-developpement","8":"pa_auteurs-robert-anthony","10":"first","11":"instock","12":"shipping-taxable","13":"purchasable","14":"product-type-simple"},"_links":{"self":[{"href":"https:\/\/baralivres.ma\/index.php?rest_route=\/wp\/v2\/product\/16431","targetHints":{"allow":["GET"]}}],"collection":[{"href":"https:\/\/baralivres.ma\/index.php?rest_route=\/wp\/v2\/product"}],"about":[{"href":"https:\/\/baralivres.ma\/index.php?rest_route=\/wp\/v2\/types\/product"}],"replies":[{"embeddable":true,"href":"https:\/\/baralivres.ma\/index.php?rest_route=%2Fwp%2Fv2%2Fcomments&post=16431"}],"version-history":[{"count":1,"href":"https:\/\/baralivres.ma\/index.php?rest_route=\/wp\/v2\/product\/16431\/revisions"}],"predecessor-version":[{"id":16434,"href":"https:\/\/baralivres.ma\/index.php?rest_route=\/wp\/v2\/product\/16431\/revisions\/16434"}],"wp:featuredmedia":[{"embeddable":true,"href":"https:\/\/baralivres.ma\/index.php?rest_route=\/wp\/v2\/media\/16433"}],"wp:attachment":[{"href":"https:\/\/baralivres.ma\/index.php?rest_route=%2Fwp%2Fv2%2Fmedia&parent=16431"}],"wp:term":[{"taxonomy":"product_cat","embeddable":true,"href":"https:\/\/baralivres.ma\/index.php?rest_route=%2Fwp%2Fv2%2Fproduct_cat&post=16431"},{"taxonomy":"product_tag","embeddable":true,"href":"https:\/\/baralivres.ma\/index.php?rest_route=%2Fwp%2Fv2%2Fproduct_tag&post=16431"}],"curies":[{"name":"wp","href":"https:\/\/api.w.org\/{rel}","templated":true}]}}