{"id":16426,"date":"2023-10-31T11:38:45","date_gmt":"2023-10-31T10:38:45","guid":{"rendered":"https:\/\/baralivres.ma\/?post_type=product&#038;p=16426"},"modified":"2023-10-31T11:38:45","modified_gmt":"2023-10-31T10:38:45","slug":"en-route-vers-le-succes","status":"publish","type":"product","link":"https:\/\/baralivres.ma\/?product=en-route-vers-le-succes","title":{"rendered":"EN ROUTE VERS LE SUCCES"},"content":{"rendered":"<p>Vous avez choisi de poursuivre vos \u00e9tudes, un voyage \u00e9ducatif important. Pour r\u00e9ussir, commencez par vous conna\u00eetre en tant qu&rsquo;apprenant, comprenez vos besoins, motivations, organisation et gestion du stress. La r\u00e9ussite personnelle et professionnelle est un objectif partag\u00e9, et l&rsquo;\u00e9ducation sup\u00e9rieure en est une \u00e9tape cruciale. Rejoignez-nous pour ce voyage vers la r\u00e9ussite \u00e9ducative !<\/p>\n","protected":false},"excerpt":{"rendered":"<p>Pr\u00e9parez votre parcours \u00e9ducatif en comprenant vos besoins, motivations, organisation et gestion du stress pour r\u00e9ussir.<\/p>\n","protected":false},"featured_media":16429,"comment_status":"open","ping_status":"closed","template":"","meta":{"inline_featured_image":false},"product_cat":[204,91],"product_tag":[],"class_list":{"0":"post-16426","1":"product","2":"type-product","3":"status-publish","4":"has-post-thumbnail","6":"product_cat-francais","7":"product_cat-developpement","8":"pa_auteurs-rosaire-desrosby","10":"first","11":"instock","12":"shipping-taxable","13":"purchasable","14":"product-type-simple"},"_links":{"self":[{"href":"https:\/\/baralivres.ma\/index.php?rest_route=\/wp\/v2\/product\/16426","targetHints":{"allow":["GET"]}}],"collection":[{"href":"https:\/\/baralivres.ma\/index.php?rest_route=\/wp\/v2\/product"}],"about":[{"href":"https:\/\/baralivres.ma\/index.php?rest_route=\/wp\/v2\/types\/product"}],"replies":[{"embeddable":true,"href":"https:\/\/baralivres.ma\/index.php?rest_route=%2Fwp%2Fv2%2Fcomments&post=16426"}],"version-history":[{"count":1,"href":"https:\/\/baralivres.ma\/index.php?rest_route=\/wp\/v2\/product\/16426\/revisions"}],"predecessor-version":[{"id":16430,"href":"https:\/\/baralivres.ma\/index.php?rest_route=\/wp\/v2\/product\/16426\/revisions\/16430"}],"wp:featuredmedia":[{"embeddable":true,"href":"https:\/\/baralivres.ma\/index.php?rest_route=\/wp\/v2\/media\/16429"}],"wp:attachment":[{"href":"https:\/\/baralivres.ma\/index.php?rest_route=%2Fwp%2Fv2%2Fmedia&parent=16426"}],"wp:term":[{"taxonomy":"product_cat","embeddable":true,"href":"https:\/\/baralivres.ma\/index.php?rest_route=%2Fwp%2Fv2%2Fproduct_cat&post=16426"},{"taxonomy":"product_tag","embeddable":true,"href":"https:\/\/baralivres.ma\/index.php?rest_route=%2Fwp%2Fv2%2Fproduct_tag&post=16426"}],"curies":[{"name":"wp","href":"https:\/\/api.w.org\/{rel}","templated":true}]}}