{"id":16422,"date":"2023-10-31T11:35:21","date_gmt":"2023-10-31T10:35:21","guid":{"rendered":"https:\/\/baralivres.ma\/?post_type=product&#038;p=16422"},"modified":"2023-10-31T11:35:22","modified_gmt":"2023-10-31T10:35:22","slug":"gardez-une-longueur-davance","status":"publish","type":"product","link":"https:\/\/baralivres.ma\/?product=gardez-une-longueur-davance","title":{"rendered":"GARDEZ UNE LONGUEUR D&rsquo;AVANCE"},"content":{"rendered":"<p>Ce livre s&rsquo;adresse aux dirigeants confront\u00e9s \u00e0 des d\u00e9fis tels que la d\u00e9l\u00e9gation, le contr\u00f4le et la prise de d\u00e9cision. Il explore comment maintenir la direction d&rsquo;une entreprise sans perdre son identit\u00e9. L&rsquo;auteur propose un audit en six points pour \u00e9valuer l&rsquo;entreprise et prioriser les domaines o\u00f9 le leadership apporte une r\u00e9elle valeur. Les dirigeants apprendront comment \u00eatre plus efficaces et stimuler leur entreprise en se concentrant sur les domaines o\u00f9 ils peuvent vraiment faire la diff\u00e9rence. Une approche pragmatique de la gestion d&rsquo;une petite ou moyenne entreprise qui aspire \u00e0 la croissance.<\/p>\n","protected":false},"excerpt":{"rendered":"<p>Comment maintenir la direction d&rsquo;une entreprise en se concentrant sur les domaines o\u00f9 le leadership compte vraiment.<\/p>\n","protected":false},"featured_media":16423,"comment_status":"open","ping_status":"closed","template":"","meta":{"inline_featured_image":false},"product_cat":[204,91],"product_tag":[],"class_list":{"0":"post-16422","1":"product","2":"type-product","3":"status-publish","4":"has-post-thumbnail","6":"product_cat-francais","7":"product_cat-developpement","8":"pa_auteurs-gino-wickman","10":"first","11":"instock","12":"shipping-taxable","13":"purchasable","14":"product-type-simple"},"_links":{"self":[{"href":"https:\/\/baralivres.ma\/index.php?rest_route=\/wp\/v2\/product\/16422","targetHints":{"allow":["GET"]}}],"collection":[{"href":"https:\/\/baralivres.ma\/index.php?rest_route=\/wp\/v2\/product"}],"about":[{"href":"https:\/\/baralivres.ma\/index.php?rest_route=\/wp\/v2\/types\/product"}],"replies":[{"embeddable":true,"href":"https:\/\/baralivres.ma\/index.php?rest_route=%2Fwp%2Fv2%2Fcomments&post=16422"}],"version-history":[{"count":1,"href":"https:\/\/baralivres.ma\/index.php?rest_route=\/wp\/v2\/product\/16422\/revisions"}],"predecessor-version":[{"id":16424,"href":"https:\/\/baralivres.ma\/index.php?rest_route=\/wp\/v2\/product\/16422\/revisions\/16424"}],"wp:featuredmedia":[{"embeddable":true,"href":"https:\/\/baralivres.ma\/index.php?rest_route=\/wp\/v2\/media\/16423"}],"wp:attachment":[{"href":"https:\/\/baralivres.ma\/index.php?rest_route=%2Fwp%2Fv2%2Fmedia&parent=16422"}],"wp:term":[{"taxonomy":"product_cat","embeddable":true,"href":"https:\/\/baralivres.ma\/index.php?rest_route=%2Fwp%2Fv2%2Fproduct_cat&post=16422"},{"taxonomy":"product_tag","embeddable":true,"href":"https:\/\/baralivres.ma\/index.php?rest_route=%2Fwp%2Fv2%2Fproduct_tag&post=16422"}],"curies":[{"name":"wp","href":"https:\/\/api.w.org\/{rel}","templated":true}]}}