{"id":16419,"date":"2023-10-31T11:36:54","date_gmt":"2023-10-31T10:36:54","guid":{"rendered":"https:\/\/baralivres.ma\/?post_type=product&#038;p=16419"},"modified":"2023-10-31T11:36:55","modified_gmt":"2023-10-31T10:36:55","slug":"une-drole-de-traversee","status":"publish","type":"product","link":"https:\/\/baralivres.ma\/?product=une-drole-de-traversee","title":{"rendered":"Une dr\u00f4le de travers\u00e9e"},"content":{"rendered":"<p>En 1933 \u00e0 Cuba, Harry Morgan, un contrebandier occasionnel, utilise son bateau pour transporter \u00e0 la fois des touristes et des p\u00eacheurs. Tout en sirotant son rhum, il est approch\u00e9 par Mr. Sing, surnomm\u00e9 \u00ab\u00a0le Chinois\u00a0\u00bb, un homme d&rsquo;affaires aux activit\u00e9s douteuses, qui lui fait une proposition intrigante : convoyer douze clandestins chinois depuis Cuba jusqu&rsquo;\u00e0 Key West moyennant cent dollars par personne, pour ensuite les abandonner en pleine mer. Cette histoire peu connue est \u00e0 l&rsquo;origine du c\u00e9l\u00e8bre roman d&rsquo;Ernest Hemingway \u00ab\u00a0En avoir ou pas\u00a0\u00bb, qui a \u00e9t\u00e9 adapt\u00e9 au cin\u00e9ma par Howard Hawks dans \u00ab\u00a0Le port de l&rsquo;angoisse\u00a0\u00bb, mettant en vedette Humphrey Bogart et Lauren Bacall.<\/p>\n","protected":false},"excerpt":{"rendered":"<p>En 1933 Cuba, Harry, un contrebandier, accepte de transporter 12 clandestins chinois pour Mr. Sing.<\/p>\n","protected":false},"featured_media":16425,"comment_status":"open","ping_status":"closed","template":"","meta":{"inline_featured_image":false},"product_cat":[204,143],"product_tag":[],"class_list":{"0":"post-16419","1":"product","2":"type-product","3":"status-publish","4":"has-post-thumbnail","6":"product_cat-francais","7":"product_cat-roman","8":"pa_auteurs-ernest-hemingway","10":"first","11":"instock","12":"shipping-taxable","13":"purchasable","14":"product-type-simple"},"_links":{"self":[{"href":"https:\/\/baralivres.ma\/index.php?rest_route=\/wp\/v2\/product\/16419","targetHints":{"allow":["GET"]}}],"collection":[{"href":"https:\/\/baralivres.ma\/index.php?rest_route=\/wp\/v2\/product"}],"about":[{"href":"https:\/\/baralivres.ma\/index.php?rest_route=\/wp\/v2\/types\/product"}],"replies":[{"embeddable":true,"href":"https:\/\/baralivres.ma\/index.php?rest_route=%2Fwp%2Fv2%2Fcomments&post=16419"}],"version-history":[{"count":2,"href":"https:\/\/baralivres.ma\/index.php?rest_route=\/wp\/v2\/product\/16419\/revisions"}],"predecessor-version":[{"id":16428,"href":"https:\/\/baralivres.ma\/index.php?rest_route=\/wp\/v2\/product\/16419\/revisions\/16428"}],"wp:featuredmedia":[{"embeddable":true,"href":"https:\/\/baralivres.ma\/index.php?rest_route=\/wp\/v2\/media\/16425"}],"wp:attachment":[{"href":"https:\/\/baralivres.ma\/index.php?rest_route=%2Fwp%2Fv2%2Fmedia&parent=16419"}],"wp:term":[{"taxonomy":"product_cat","embeddable":true,"href":"https:\/\/baralivres.ma\/index.php?rest_route=%2Fwp%2Fv2%2Fproduct_cat&post=16419"},{"taxonomy":"product_tag","embeddable":true,"href":"https:\/\/baralivres.ma\/index.php?rest_route=%2Fwp%2Fv2%2Fproduct_tag&post=16419"}],"curies":[{"name":"wp","href":"https:\/\/api.w.org\/{rel}","templated":true}]}}