{"id":16416,"date":"2023-10-31T11:31:32","date_gmt":"2023-10-31T10:31:32","guid":{"rendered":"https:\/\/baralivres.ma\/?post_type=product&#038;p=16416"},"modified":"2023-10-31T11:31:32","modified_gmt":"2023-10-31T10:31:32","slug":"elon-musk","status":"publish","type":"product","link":"https:\/\/baralivres.ma\/?product=elon-musk","title":{"rendered":"ELON MUSK"},"content":{"rendered":"<p>R\u00e9dig\u00e9 par l&rsquo;auteur de la biographie autoris\u00e9e de Steve Jobs, ce livre explore la vie intime du visionnaire et controvers\u00e9 Elon Musk, un pionnier dans l&rsquo;\u00e8re des v\u00e9hicules \u00e9lectriques, de l&rsquo;exploration spatiale priv\u00e9e et de l&rsquo;intelligence artificielle. Musk a surmont\u00e9 des d\u00e9fis personnels et des influences familiales n\u00e9gatives pour devenir un entrepreneur exceptionnel, m\u00e9langeant audace et controverse. L&rsquo;auteur a suivi Musk pendant deux ans, offrant un r\u00e9cit fascinant de sa vie, mettant en lumi\u00e8re ses succ\u00e8s et ses \u00e9checs, tout en se demandant si les d\u00e9mons qui le tourmentent sont \u00e9galement la source de son g\u00e9nie innovant.<\/p>\n","protected":false},"excerpt":{"rendered":"<p>Biographie d&rsquo;Elon Musk, innovateur majeur, de l&rsquo;enfance difficile \u00e0 la r\u00e9ussite dans la technologie et l&rsquo;exploration spatiale.<\/p>\n","protected":false},"featured_media":16420,"comment_status":"open","ping_status":"closed","template":"","meta":{"inline_featured_image":false},"product_cat":[204,91],"product_tag":[],"class_list":{"0":"post-16416","1":"product","2":"type-product","3":"status-publish","4":"has-post-thumbnail","6":"product_cat-francais","7":"product_cat-developpement","8":"pa_auteurs-walter-isaacson","10":"first","11":"instock","12":"shipping-taxable","13":"purchasable","14":"product-type-simple"},"_links":{"self":[{"href":"https:\/\/baralivres.ma\/index.php?rest_route=\/wp\/v2\/product\/16416","targetHints":{"allow":["GET"]}}],"collection":[{"href":"https:\/\/baralivres.ma\/index.php?rest_route=\/wp\/v2\/product"}],"about":[{"href":"https:\/\/baralivres.ma\/index.php?rest_route=\/wp\/v2\/types\/product"}],"replies":[{"embeddable":true,"href":"https:\/\/baralivres.ma\/index.php?rest_route=%2Fwp%2Fv2%2Fcomments&post=16416"}],"version-history":[{"count":1,"href":"https:\/\/baralivres.ma\/index.php?rest_route=\/wp\/v2\/product\/16416\/revisions"}],"predecessor-version":[{"id":16421,"href":"https:\/\/baralivres.ma\/index.php?rest_route=\/wp\/v2\/product\/16416\/revisions\/16421"}],"wp:featuredmedia":[{"embeddable":true,"href":"https:\/\/baralivres.ma\/index.php?rest_route=\/wp\/v2\/media\/16420"}],"wp:attachment":[{"href":"https:\/\/baralivres.ma\/index.php?rest_route=%2Fwp%2Fv2%2Fmedia&parent=16416"}],"wp:term":[{"taxonomy":"product_cat","embeddable":true,"href":"https:\/\/baralivres.ma\/index.php?rest_route=%2Fwp%2Fv2%2Fproduct_cat&post=16416"},{"taxonomy":"product_tag","embeddable":true,"href":"https:\/\/baralivres.ma\/index.php?rest_route=%2Fwp%2Fv2%2Fproduct_tag&post=16416"}],"curies":[{"name":"wp","href":"https:\/\/api.w.org\/{rel}","templated":true}]}}