{"id":16415,"date":"2023-10-31T11:30:52","date_gmt":"2023-10-31T10:30:52","guid":{"rendered":"https:\/\/baralivres.ma\/?post_type=product&#038;p=16415"},"modified":"2023-10-31T11:30:53","modified_gmt":"2023-10-31T10:30:53","slug":"etait-ce-lui-un-homme-quon-noublie-pas","status":"publish","type":"product","link":"https:\/\/baralivres.ma\/?product=etait-ce-lui-un-homme-quon-noublie-pas","title":{"rendered":"\u00c9tait-ce lui ?\/Un homme qu&rsquo;on n&rsquo;oublie pas"},"content":{"rendered":"<p>Personnellement, je suis pratiquement certaine que l&rsquo;assassin est lui, mais il me manque la preuve d\u00e9finitive, la preuve incontestable.\u00a0\u00bb Apr\u00e8s un tragique \u00e9v\u00e9nement, Betsy plonge dans ses souvenirs. Personne ne pourrait imaginer ce calculateur meurtrier en lui. Pourtant, elle est profond\u00e9ment persuad\u00e9e de sa culpabilit\u00e9&#8230; Qui soup\u00e7onne-t-elle d&rsquo;\u00eatre derri\u00e8re cet acte criminel ? Deux nouvelles qui explorent de mani\u00e8re pr\u00e9cise les \u00e9motions qui nous traversent, de la jalousie destructrice \u00e0 la pure g\u00e9n\u00e9rosit\u00e9.<\/p>\n","protected":false},"excerpt":{"rendered":"<p>Betsy suspecte un meurtre, manquant de preuves, elle explore des \u00e9motions contradictoires dans deux nouvelles.<\/p>\n","protected":false},"featured_media":16417,"comment_status":"open","ping_status":"closed","template":"","meta":{"inline_featured_image":false},"product_cat":[204,143],"product_tag":[],"class_list":{"0":"post-16415","1":"product","2":"type-product","3":"status-publish","4":"has-post-thumbnail","6":"product_cat-francais","7":"product_cat-roman","8":"pa_auteurs-stefan-zweig-2","10":"first","11":"instock","12":"shipping-taxable","13":"purchasable","14":"product-type-simple"},"_links":{"self":[{"href":"https:\/\/baralivres.ma\/index.php?rest_route=\/wp\/v2\/product\/16415","targetHints":{"allow":["GET"]}}],"collection":[{"href":"https:\/\/baralivres.ma\/index.php?rest_route=\/wp\/v2\/product"}],"about":[{"href":"https:\/\/baralivres.ma\/index.php?rest_route=\/wp\/v2\/types\/product"}],"replies":[{"embeddable":true,"href":"https:\/\/baralivres.ma\/index.php?rest_route=%2Fwp%2Fv2%2Fcomments&post=16415"}],"version-history":[{"count":1,"href":"https:\/\/baralivres.ma\/index.php?rest_route=\/wp\/v2\/product\/16415\/revisions"}],"predecessor-version":[{"id":16418,"href":"https:\/\/baralivres.ma\/index.php?rest_route=\/wp\/v2\/product\/16415\/revisions\/16418"}],"wp:featuredmedia":[{"embeddable":true,"href":"https:\/\/baralivres.ma\/index.php?rest_route=\/wp\/v2\/media\/16417"}],"wp:attachment":[{"href":"https:\/\/baralivres.ma\/index.php?rest_route=%2Fwp%2Fv2%2Fmedia&parent=16415"}],"wp:term":[{"taxonomy":"product_cat","embeddable":true,"href":"https:\/\/baralivres.ma\/index.php?rest_route=%2Fwp%2Fv2%2Fproduct_cat&post=16415"},{"taxonomy":"product_tag","embeddable":true,"href":"https:\/\/baralivres.ma\/index.php?rest_route=%2Fwp%2Fv2%2Fproduct_tag&post=16415"}],"curies":[{"name":"wp","href":"https:\/\/api.w.org\/{rel}","templated":true}]}}