{"id":16411,"date":"2023-10-31T11:23:26","date_gmt":"2023-10-31T10:23:26","guid":{"rendered":"https:\/\/baralivres.ma\/?post_type=product&#038;p=16411"},"modified":"2023-10-31T11:23:27","modified_gmt":"2023-10-31T10:23:27","slug":"vacances-de-paques-et-autres-chroniques","status":"publish","type":"product","link":"https:\/\/baralivres.ma\/?product=vacances-de-paques-et-autres-chroniques","title":{"rendered":"Vacances de P\u00e2ques et autres chroniques"},"content":{"rendered":"<p>L&rsquo;ann\u00e9e pr\u00e9c\u00e9dente, j&rsquo;avais commenc\u00e9 \u00e0 douter que le jour de P\u00e2ques f\u00fbt vraiment sp\u00e9cial, qu&rsquo;il m\u00e9rit\u00e2t le nom de P\u00e2ques. Alors que le vent soufflait, il me semblait reconna\u00eetre une douceur famili\u00e8re, la m\u00eame substance immuable, l&rsquo;humidit\u00e9 que j&rsquo;avais d\u00e9j\u00e0 ressentie, la fluidit\u00e9 ignorante des jours pass\u00e9s. Malgr\u00e9 tout, les souvenirs de mes projets de l&rsquo;ann\u00e9e pr\u00e9c\u00e9dente pour rendre la Semaine de P\u00e2ques un peu plus florentine et Florence un peu plus pascalienne ne me quittaient pas. Dans ces six \u00ab\u00a0chroniques\u00a0\u00bb publi\u00e9es avant le premier volume de \u00ab\u00a0\u00c0 la recherche du temps perdu,\u00a0\u00bb on peut entrevoir les pr\u00e9misses de certains des grands th\u00e8mes et des pages c\u00e9l\u00e8bres de l&rsquo;\u0153uvre de Proust, tels que les aub\u00e9pines printani\u00e8res, les jeux d&rsquo;enfants sur les Champs-\u00c9lys\u00e9es et les \u00ab\u00a0noms de pays\u00a0\u00bb.<\/p>\n","protected":false},"excerpt":{"rendered":"<p>Doute sur P\u00e2ques, vent familier, souvenirs de projets, pr\u00e9ambule \u00e0 th\u00e8mes marquants de Proust dans \u00ab\u00a0chroniques.\u00a0\u00bb<\/p>\n","protected":false},"featured_media":16413,"comment_status":"open","ping_status":"closed","template":"","meta":{"inline_featured_image":false},"product_cat":[204,143],"product_tag":[],"class_list":{"0":"post-16411","1":"product","2":"type-product","3":"status-publish","4":"has-post-thumbnail","6":"product_cat-francais","7":"product_cat-roman","8":"pa_auteurs-marcel-proust","10":"first","11":"instock","12":"shipping-taxable","13":"purchasable","14":"product-type-simple"},"_links":{"self":[{"href":"https:\/\/baralivres.ma\/index.php?rest_route=\/wp\/v2\/product\/16411","targetHints":{"allow":["GET"]}}],"collection":[{"href":"https:\/\/baralivres.ma\/index.php?rest_route=\/wp\/v2\/product"}],"about":[{"href":"https:\/\/baralivres.ma\/index.php?rest_route=\/wp\/v2\/types\/product"}],"replies":[{"embeddable":true,"href":"https:\/\/baralivres.ma\/index.php?rest_route=%2Fwp%2Fv2%2Fcomments&post=16411"}],"version-history":[{"count":1,"href":"https:\/\/baralivres.ma\/index.php?rest_route=\/wp\/v2\/product\/16411\/revisions"}],"predecessor-version":[{"id":16414,"href":"https:\/\/baralivres.ma\/index.php?rest_route=\/wp\/v2\/product\/16411\/revisions\/16414"}],"wp:featuredmedia":[{"embeddable":true,"href":"https:\/\/baralivres.ma\/index.php?rest_route=\/wp\/v2\/media\/16413"}],"wp:attachment":[{"href":"https:\/\/baralivres.ma\/index.php?rest_route=%2Fwp%2Fv2%2Fmedia&parent=16411"}],"wp:term":[{"taxonomy":"product_cat","embeddable":true,"href":"https:\/\/baralivres.ma\/index.php?rest_route=%2Fwp%2Fv2%2Fproduct_cat&post=16411"},{"taxonomy":"product_tag","embeddable":true,"href":"https:\/\/baralivres.ma\/index.php?rest_route=%2Fwp%2Fv2%2Fproduct_tag&post=16411"}],"curies":[{"name":"wp","href":"https:\/\/api.w.org\/{rel}","templated":true}]}}