{"id":16405,"date":"2023-10-31T11:07:50","date_gmt":"2023-10-31T10:07:50","guid":{"rendered":"https:\/\/baralivres.ma\/?post_type=product&#038;p=16405"},"modified":"2023-10-31T11:07:51","modified_gmt":"2023-10-31T10:07:51","slug":"la-bible-de-la-petite-entreprise","status":"publish","type":"product","link":"https:\/\/baralivres.ma\/?product=la-bible-de-la-petite-entreprise","title":{"rendered":"LA BIBLE DE LA PETITE ENTREPRISE"},"content":{"rendered":"<p>Un guide exhaustif destin\u00e9 aux entrepreneurs, qu&rsquo;ils soient novices ou exp\u00e9riment\u00e9s, qui offre une approche compl\u00e8te de la cr\u00e9ation et du d\u00e9veloppement d&rsquo;entreprises prosp\u00e8res. Cet ouvrage pratique d\u00e9livre des conseils, des techniques et d\u00e9voile les cl\u00e9s du succ\u00e8s. Il couvre en profondeur tous les aspects et \u00e9tapes li\u00e9s \u00e0 la cr\u00e9ation d&rsquo;entreprise, offrant ainsi une ressource inestimable pour ceux qui cherchent \u00e0 b\u00e2tir et \u00e0 d\u00e9velopper leur entreprise avec succ\u00e8s.<\/p>\n","protected":false},"excerpt":{"rendered":"<p>Un guide complet pour les entrepreneurs d\u00e9butants et exp\u00e9riment\u00e9s, couvrant la cr\u00e9ation et la croissance d&rsquo;entreprises.<\/p>\n","protected":false},"featured_media":16407,"comment_status":"open","ping_status":"closed","template":"","meta":{"inline_featured_image":false},"product_cat":[204,91],"product_tag":[],"class_list":{"0":"post-16405","1":"product","2":"type-product","3":"status-publish","4":"has-post-thumbnail","6":"product_cat-francais","7":"product_cat-developpement","8":"pa_auteurs-steven-d-strauss","10":"first","11":"instock","12":"shipping-taxable","13":"purchasable","14":"product-type-simple"},"_links":{"self":[{"href":"https:\/\/baralivres.ma\/index.php?rest_route=\/wp\/v2\/product\/16405","targetHints":{"allow":["GET"]}}],"collection":[{"href":"https:\/\/baralivres.ma\/index.php?rest_route=\/wp\/v2\/product"}],"about":[{"href":"https:\/\/baralivres.ma\/index.php?rest_route=\/wp\/v2\/types\/product"}],"replies":[{"embeddable":true,"href":"https:\/\/baralivres.ma\/index.php?rest_route=%2Fwp%2Fv2%2Fcomments&post=16405"}],"version-history":[{"count":1,"href":"https:\/\/baralivres.ma\/index.php?rest_route=\/wp\/v2\/product\/16405\/revisions"}],"predecessor-version":[{"id":16408,"href":"https:\/\/baralivres.ma\/index.php?rest_route=\/wp\/v2\/product\/16405\/revisions\/16408"}],"wp:featuredmedia":[{"embeddable":true,"href":"https:\/\/baralivres.ma\/index.php?rest_route=\/wp\/v2\/media\/16407"}],"wp:attachment":[{"href":"https:\/\/baralivres.ma\/index.php?rest_route=%2Fwp%2Fv2%2Fmedia&parent=16405"}],"wp:term":[{"taxonomy":"product_cat","embeddable":true,"href":"https:\/\/baralivres.ma\/index.php?rest_route=%2Fwp%2Fv2%2Fproduct_cat&post=16405"},{"taxonomy":"product_tag","embeddable":true,"href":"https:\/\/baralivres.ma\/index.php?rest_route=%2Fwp%2Fv2%2Fproduct_tag&post=16405"}],"curies":[{"name":"wp","href":"https:\/\/api.w.org\/{rel}","templated":true}]}}