{"id":16401,"date":"2023-10-31T11:03:37","date_gmt":"2023-10-31T10:03:37","guid":{"rendered":"https:\/\/baralivres.ma\/?post_type=product&#038;p=16401"},"modified":"2023-10-31T11:03:37","modified_gmt":"2023-10-31T10:03:37","slug":"merci-pour-le-feedback","status":"publish","type":"product","link":"https:\/\/baralivres.ma\/?product=merci-pour-le-feedback","title":{"rendered":"MERCI POUR LE FEEDBACK"},"content":{"rendered":"<p>Le feedback est souvent mal accueilli, mais Douglas Stone et Sheila Heen de Harvard soulignent son importance. Le livre explore comment recevoir le feedback, mettant l&rsquo;accent sur l&rsquo;objectivit\u00e9 et la gestion \u00e9motionnelle. Il offre une perspective novatrice sur la gestion du feedback, aidant \u00e0 progresser. Les auteurs, experts en n\u00e9gociation, ont contribu\u00e9 \u00e0 enrichir les relations et la communication. Un livre incontournable pour comprendre l&rsquo;art de recevoir le feedback.<\/p>\n","protected":false},"excerpt":{"rendered":"<p>Accepter le feedback est essentiel. Stone et Heen de Harvard expliquent comment recevoir et progresser. Relations enrichies.<\/p>\n","protected":false},"featured_media":16403,"comment_status":"open","ping_status":"closed","template":"","meta":{"inline_featured_image":false},"product_cat":[204,91],"product_tag":[],"class_list":{"0":"post-16401","1":"product","2":"type-product","3":"status-publish","4":"has-post-thumbnail","6":"product_cat-francais","7":"product_cat-developpement","9":"first","10":"instock","11":"shipping-taxable","12":"purchasable","13":"product-type-simple"},"_links":{"self":[{"href":"https:\/\/baralivres.ma\/index.php?rest_route=\/wp\/v2\/product\/16401","targetHints":{"allow":["GET"]}}],"collection":[{"href":"https:\/\/baralivres.ma\/index.php?rest_route=\/wp\/v2\/product"}],"about":[{"href":"https:\/\/baralivres.ma\/index.php?rest_route=\/wp\/v2\/types\/product"}],"replies":[{"embeddable":true,"href":"https:\/\/baralivres.ma\/index.php?rest_route=%2Fwp%2Fv2%2Fcomments&post=16401"}],"version-history":[{"count":1,"href":"https:\/\/baralivres.ma\/index.php?rest_route=\/wp\/v2\/product\/16401\/revisions"}],"predecessor-version":[{"id":16404,"href":"https:\/\/baralivres.ma\/index.php?rest_route=\/wp\/v2\/product\/16401\/revisions\/16404"}],"wp:featuredmedia":[{"embeddable":true,"href":"https:\/\/baralivres.ma\/index.php?rest_route=\/wp\/v2\/media\/16403"}],"wp:attachment":[{"href":"https:\/\/baralivres.ma\/index.php?rest_route=%2Fwp%2Fv2%2Fmedia&parent=16401"}],"wp:term":[{"taxonomy":"product_cat","embeddable":true,"href":"https:\/\/baralivres.ma\/index.php?rest_route=%2Fwp%2Fv2%2Fproduct_cat&post=16401"},{"taxonomy":"product_tag","embeddable":true,"href":"https:\/\/baralivres.ma\/index.php?rest_route=%2Fwp%2Fv2%2Fproduct_tag&post=16401"}],"curies":[{"name":"wp","href":"https:\/\/api.w.org\/{rel}","templated":true}]}}