{"id":16397,"date":"2023-10-31T10:58:34","date_gmt":"2023-10-31T09:58:34","guid":{"rendered":"https:\/\/baralivres.ma\/?post_type=product&#038;p=16397"},"modified":"2023-10-31T10:58:34","modified_gmt":"2023-10-31T09:58:34","slug":"lean-startup","status":"publish","type":"product","link":"https:\/\/baralivres.ma\/?product=lean-startup","title":{"rendered":"Lean startup"},"content":{"rendered":"<p>Un ouvrage essentiel dans le monde entrepreneurial, le \u00ab\u00a0Lean Startup\u00a0\u00bb d&rsquo;Eric Ries r\u00e9volutionne la cr\u00e9ation d&rsquo;entreprises en appliquant les principes du lean management au d\u00e9veloppement de nouveaux produits. Il encourage une adaptation constante aux \u00e9volutions du march\u00e9, promouvant l&rsquo;innovation continue. Ries pr\u00e9sente sa m\u00e9thodologie avec des exemples d&rsquo;entreprises (Groupon, Zappos, Dropbox, Intuit) qui ont r\u00e9ussi en \u00e9coutant les besoins des clients et en modifiant leur mod\u00e8le \u00e9conomique initial. C&rsquo;est un guide pratique pour am\u00e9liorer les chances de succ\u00e8s, adapt\u00e9 aux grandes entreprises et aux startups, promouvant le travail collaboratif et le management cr\u00e9atif, particuli\u00e8rement pertinent dans un environnement de comp\u00e9tition intense. Une lecture incontournable pour les temps de mondialisation acharn\u00e9e.<\/p>\n","protected":false},"excerpt":{"rendered":"<div class=\"group w-full text-token-text-primary border-b border-black\/10 gizmo:border-0 dark:border-gray-900\/50 gizmo:dark:border-0 bg-gray-50 gizmo:bg-transparent dark:bg-[#444654] gizmo:dark:bg-transparent\" data-testid=\"conversation-turn-33\">\n<div class=\"p-4 gizmo:py-2 justify-center text-base md:gap-6 md:py-6 m-auto\">\n<div class=\"flex flex-1 gap-4 text-base mx-auto md:gap-6 gizmo:gap-3 gizmo:md:px-5 gizmo:lg:px-1 gizmo:xl:px-5 md:max-w-2xl lg:max-w-[38rem] gizmo:md:max-w-3xl gizmo:lg:max-w-[40rem] gizmo:xl:max-w-[48rem] xl:max-w-3xl }\">\n<div class=\"relative flex w-[calc(100%-50px)] flex-col gizmo:w-full lg:w-[calc(100%-115px)] agent-turn\">\n<div class=\"flex-col gap-1 md:gap-3\">\n<div class=\"flex flex-grow flex-col gap-3 max-w-full\">\n<div class=\"min-h-[20px] flex flex-col items-start gap-3 whitespace-pre-wrap break-words overflow-x-auto\" data-message-author-role=\"assistant\" data-message-id=\"e260f5a3-9335-440c-a8e1-797c1f306c9a\">\n<div class=\"markdown prose w-full break-words dark:prose-invert light\">\n<p>\u00ab\u00a0L&rsquo;approche Lean Startup\u00a0\u00bb d&rsquo;Eric Ries r\u00e9volutionne la cr\u00e9ation d&rsquo;entreprise en encourageant l&rsquo;adaptation constante aux besoins du march\u00e9.<\/p>\n<\/div>\n<\/div>\n<\/div>\n<div class=\"flex justify-between empty:hidden gizmo:justify-start gizmo:gap-3 lg:block gizmo:lg:flex\">\n<div class=\"text-gray-400 flex self-end lg:self-center justify-center gizmo:lg:justify-start mt-2 gizmo:mt-0 visible lg:gap-1 lg:absolute lg:top-0 lg:translate-x-full lg:right-0 lg:mt-0 lg:pl-2 gap-2 md:gap-3\"><button class=\"flex ml-auto gizmo:ml-0 gap-2 items-center rounded-md p-1 text-xs gizmo:gap-1.5 gizmo:pl-0 dark:text-gray-400 dark:hover:text-gray-200 disabled:dark:hover:text-gray-400 hover:text-gray-700\"><\/button><\/p>\n<div class=\"flex gap-1\"><\/div>\n<\/div>\n<\/div>\n<\/div>\n<\/div>\n<\/div>\n<\/div>\n<\/div>\n","protected":false},"featured_media":16399,"comment_status":"open","ping_status":"closed","template":"","meta":{"inline_featured_image":false},"product_cat":[204,91],"product_tag":[],"class_list":{"0":"post-16397","1":"product","2":"type-product","3":"status-publish","4":"has-post-thumbnail","6":"product_cat-francais","7":"product_cat-developpement","8":"pa_auteurs-eric-ries","10":"first","11":"instock","12":"shipping-taxable","13":"purchasable","14":"product-type-simple"},"_links":{"self":[{"href":"https:\/\/baralivres.ma\/index.php?rest_route=\/wp\/v2\/product\/16397","targetHints":{"allow":["GET"]}}],"collection":[{"href":"https:\/\/baralivres.ma\/index.php?rest_route=\/wp\/v2\/product"}],"about":[{"href":"https:\/\/baralivres.ma\/index.php?rest_route=\/wp\/v2\/types\/product"}],"replies":[{"embeddable":true,"href":"https:\/\/baralivres.ma\/index.php?rest_route=%2Fwp%2Fv2%2Fcomments&post=16397"}],"version-history":[{"count":1,"href":"https:\/\/baralivres.ma\/index.php?rest_route=\/wp\/v2\/product\/16397\/revisions"}],"predecessor-version":[{"id":16400,"href":"https:\/\/baralivres.ma\/index.php?rest_route=\/wp\/v2\/product\/16397\/revisions\/16400"}],"wp:featuredmedia":[{"embeddable":true,"href":"https:\/\/baralivres.ma\/index.php?rest_route=\/wp\/v2\/media\/16399"}],"wp:attachment":[{"href":"https:\/\/baralivres.ma\/index.php?rest_route=%2Fwp%2Fv2%2Fmedia&parent=16397"}],"wp:term":[{"taxonomy":"product_cat","embeddable":true,"href":"https:\/\/baralivres.ma\/index.php?rest_route=%2Fwp%2Fv2%2Fproduct_cat&post=16397"},{"taxonomy":"product_tag","embeddable":true,"href":"https:\/\/baralivres.ma\/index.php?rest_route=%2Fwp%2Fv2%2Fproduct_tag&post=16397"}],"curies":[{"name":"wp","href":"https:\/\/api.w.org\/{rel}","templated":true}]}}