{"id":16392,"date":"2023-10-31T10:52:37","date_gmt":"2023-10-31T09:52:37","guid":{"rendered":"https:\/\/baralivres.ma\/?post_type=product&#038;p=16392"},"modified":"2023-10-31T11:05:13","modified_gmt":"2023-10-31T10:05:13","slug":"memoires-dune-jeune-fille-rangee","status":"publish","type":"product","link":"https:\/\/baralivres.ma\/?product=memoires-dune-jeune-fille-rangee","title":{"rendered":"M\u00e9moires d&rsquo;une jeune fille rang\u00e9e"},"content":{"rendered":"<p>J&rsquo;aspirais \u00e0 \u00eatre \u00e0 la fois la source et la finalit\u00e9 de ma propre existence. Je croyais que la litt\u00e9rature pourrait concr\u00e9tiser ce d\u00e9sir, en m&rsquo;offrant une forme d&rsquo;immortalit\u00e9 pour compenser l&rsquo;absence d&rsquo;une \u00e9ternit\u00e9 divine. Plus de Dieu pour m&rsquo;aimer, mais mes mots enflammeraient de nombreux c\u0153urs. En \u00e9crivant une \u0153uvre bas\u00e9e sur mon v\u00e9cu, je me r\u00e9inventerais et donnerais un sens \u00e0 ma vie. En m\u00eame temps, je servirais l&rsquo;humanit\u00e9 en offrant le plus pr\u00e9cieux des dons : des livres. Mon int\u00e9r\u00eat s&rsquo;\u00e9tendait \u00e0 la fois \u00e0 moi-m\u00eame et aux autres ; j&rsquo;acceptais ma propre existence tout en ne renon\u00e7ant pas \u00e0 l&rsquo;universel. Ce projet r\u00e9unissait toutes les aspirations qui avaient germ\u00e9 en moi au cours de ces quinze ann\u00e9es.<\/p>\n","protected":false},"excerpt":{"rendered":"<p>Je voulais \u00eatre ma propre raison d&rsquo;\u00eatre gr\u00e2ce \u00e0 la litt\u00e9rature, devenir immortel et servir l&rsquo;humanit\u00e9.<\/p>\n","protected":false},"featured_media":16393,"comment_status":"open","ping_status":"closed","template":"","meta":{"inline_featured_image":false},"product_cat":[204,143],"product_tag":[],"class_list":{"0":"post-16392","1":"product","2":"type-product","3":"status-publish","4":"has-post-thumbnail","6":"product_cat-francais","7":"product_cat-roman","8":"pa_auteurs-simone-de-beauvoir","10":"first","11":"instock","12":"shipping-taxable","13":"purchasable","14":"product-type-simple"},"_links":{"self":[{"href":"https:\/\/baralivres.ma\/index.php?rest_route=\/wp\/v2\/product\/16392","targetHints":{"allow":["GET"]}}],"collection":[{"href":"https:\/\/baralivres.ma\/index.php?rest_route=\/wp\/v2\/product"}],"about":[{"href":"https:\/\/baralivres.ma\/index.php?rest_route=\/wp\/v2\/types\/product"}],"replies":[{"embeddable":true,"href":"https:\/\/baralivres.ma\/index.php?rest_route=%2Fwp%2Fv2%2Fcomments&post=16392"}],"version-history":[{"count":2,"href":"https:\/\/baralivres.ma\/index.php?rest_route=\/wp\/v2\/product\/16392\/revisions"}],"predecessor-version":[{"id":16398,"href":"https:\/\/baralivres.ma\/index.php?rest_route=\/wp\/v2\/product\/16392\/revisions\/16398"}],"wp:featuredmedia":[{"embeddable":true,"href":"https:\/\/baralivres.ma\/index.php?rest_route=\/wp\/v2\/media\/16393"}],"wp:attachment":[{"href":"https:\/\/baralivres.ma\/index.php?rest_route=%2Fwp%2Fv2%2Fmedia&parent=16392"}],"wp:term":[{"taxonomy":"product_cat","embeddable":true,"href":"https:\/\/baralivres.ma\/index.php?rest_route=%2Fwp%2Fv2%2Fproduct_cat&post=16392"},{"taxonomy":"product_tag","embeddable":true,"href":"https:\/\/baralivres.ma\/index.php?rest_route=%2Fwp%2Fv2%2Fproduct_tag&post=16392"}],"curies":[{"name":"wp","href":"https:\/\/api.w.org\/{rel}","templated":true}]}}