{"id":16381,"date":"2023-10-31T10:45:47","date_gmt":"2023-10-31T09:45:47","guid":{"rendered":"https:\/\/baralivres.ma\/?post_type=product&#038;p=16381"},"modified":"2023-10-31T10:45:47","modified_gmt":"2023-10-31T09:45:47","slug":"le-journal-dun-homme-de-trop","status":"publish","type":"product","link":"https:\/\/baralivres.ma\/?product=le-journal-dun-homme-de-trop","title":{"rendered":"Le Journal d&rsquo;un homme de trop"},"content":{"rendered":"<p>\u00ab\u00a0Le printemps se d\u00e9ploie ! Assis pr\u00e8s de ma fen\u00eatre, mon regard s&rsquo;\u00e9chappe au-del\u00e0 de la rivi\u00e8re vers les champs. \u00d4 nature ! Je te ch\u00e9ris profond\u00e9ment, pourtant, je suis n\u00e9 de toi sans la capacit\u00e9 m\u00eame de vivre pleinement. Regardez ce moineau m\u00e2le qui sautille, d\u00e9ployant ses ailes, chantant. Chaque note de son chant, chaque plume \u00e9bouriff\u00e9e respire la vitalit\u00e9 et la sant\u00e9&#8230; Que puis-je en conclure ? Rien. Il est sain, libre de chanter et de s&rsquo;\u00e9panouir ; tandis que je suis affaibli, destin\u00e9 \u00e0 succomber, voil\u00e0 tout.\u00a0\u00bb Un r\u00e9cit m\u00e9ditatif et m\u00e9lancolique, comme un journal intime, \u00e9crit par le c\u00e9l\u00e8bre auteur russe de \u00ab\u00a0Premier amour\u00a0\u00bb.<\/p>\n","protected":false},"excerpt":{"rendered":"<p>\u00ab\u00a0Le printemps se d\u00e9ploie ! Assis pr\u00e8s de ma fen\u00eatre, mon regard s&rsquo;\u00e9chappe au-del\u00e0 de la rivi\u00e8re vers les champs. \u00d4 nature ! Je te ch\u00e9ris profond\u00e9ment, pourtant, je suis n\u00e9 de toi sans la capacit\u00e9 m\u00eame de vivre pleinement. Regardez ce moineau m\u00e2le qui sautille, d\u00e9ployant ses ailes, chantant. Chaque note de son chant, chaque plume \u00e9bouriff\u00e9e respire la vitalit\u00e9 et la sant\u00e9&#8230; Que puis-je en conclure ? Rien. Il est sain, libre de chanter et de s&rsquo;\u00e9panouir ; tandis que je suis affaibli, destin\u00e9 \u00e0 succomber, voil\u00e0 tout.\u00a0\u00bb Un r\u00e9cit m\u00e9ditatif et m\u00e9lancolique, comme un journal intime, \u00e9crit par le c\u00e9l\u00e8bre auteur russe de \u00ab\u00a0Premier amour\u00a0\u00bb.<\/p>\n","protected":false},"featured_media":16386,"comment_status":"open","ping_status":"closed","template":"","meta":{"inline_featured_image":false},"product_cat":[204,143],"product_tag":[],"class_list":{"0":"post-16381","1":"product","2":"type-product","3":"status-publish","4":"has-post-thumbnail","6":"product_cat-francais","7":"product_cat-roman","8":"pa_auteurs-ivan-sergueievitch-tourgueniev","10":"first","11":"instock","12":"shipping-taxable","13":"purchasable","14":"product-type-simple"},"_links":{"self":[{"href":"https:\/\/baralivres.ma\/index.php?rest_route=\/wp\/v2\/product\/16381","targetHints":{"allow":["GET"]}}],"collection":[{"href":"https:\/\/baralivres.ma\/index.php?rest_route=\/wp\/v2\/product"}],"about":[{"href":"https:\/\/baralivres.ma\/index.php?rest_route=\/wp\/v2\/types\/product"}],"replies":[{"embeddable":true,"href":"https:\/\/baralivres.ma\/index.php?rest_route=%2Fwp%2Fv2%2Fcomments&post=16381"}],"version-history":[{"count":1,"href":"https:\/\/baralivres.ma\/index.php?rest_route=\/wp\/v2\/product\/16381\/revisions"}],"predecessor-version":[{"id":16388,"href":"https:\/\/baralivres.ma\/index.php?rest_route=\/wp\/v2\/product\/16381\/revisions\/16388"}],"wp:featuredmedia":[{"embeddable":true,"href":"https:\/\/baralivres.ma\/index.php?rest_route=\/wp\/v2\/media\/16386"}],"wp:attachment":[{"href":"https:\/\/baralivres.ma\/index.php?rest_route=%2Fwp%2Fv2%2Fmedia&parent=16381"}],"wp:term":[{"taxonomy":"product_cat","embeddable":true,"href":"https:\/\/baralivres.ma\/index.php?rest_route=%2Fwp%2Fv2%2Fproduct_cat&post=16381"},{"taxonomy":"product_tag","embeddable":true,"href":"https:\/\/baralivres.ma\/index.php?rest_route=%2Fwp%2Fv2%2Fproduct_tag&post=16381"}],"curies":[{"name":"wp","href":"https:\/\/api.w.org\/{rel}","templated":true}]}}