{"id":16380,"date":"2023-10-31T10:42:10","date_gmt":"2023-10-31T09:42:10","guid":{"rendered":"https:\/\/baralivres.ma\/?post_type=product&#038;p=16380"},"modified":"2023-10-31T10:42:10","modified_gmt":"2023-10-31T09:42:10","slug":"ces-femmes-qui-pensent-trop","status":"publish","type":"product","link":"https:\/\/baralivres.ma\/?product=ces-femmes-qui-pensent-trop","title":{"rendered":"CES FEMMES QUI PENSENT TROP"},"content":{"rendered":"<p>L&rsquo;insomnie due \u00e0 la rumination constante des pens\u00e9es, l&rsquo;incapacit\u00e9 \u00e0 se concentrer, et les \u00e9motions n\u00e9gatives peuvent \u00eatre des signes d&rsquo;overthinking. Les femmes sont souvent plus touch\u00e9es. Ce livre propose des d\u00e9clencheurs et des solutions pour se lib\u00e9rer de cette spirale. Il comprend \u00e9galement des t\u00e9moignages sur divers aspects de la vie. Retrouvez la s\u00e9r\u00e9nit\u00e9 et la joie de vivre en brisant ce cycle de pens\u00e9es n\u00e9gatives.<\/p>\n","protected":false},"excerpt":{"rendered":"<p>Overthinking : Pens\u00e9es n\u00e9gatives, insomnie, concentration difficile. Ce livre offre des d\u00e9clencheurs et des solutions.<\/p>\n","protected":false},"featured_media":16382,"comment_status":"open","ping_status":"closed","template":"","meta":{"inline_featured_image":false},"product_cat":[204,91],"product_tag":[],"class_list":{"0":"post-16380","1":"product","2":"type-product","3":"status-publish","4":"has-post-thumbnail","6":"product_cat-francais","7":"product_cat-developpement","8":"pa_auteurs-susan-nolen-hoeksema","10":"first","11":"instock","12":"shipping-taxable","13":"purchasable","14":"product-type-simple"},"_links":{"self":[{"href":"https:\/\/baralivres.ma\/index.php?rest_route=\/wp\/v2\/product\/16380","targetHints":{"allow":["GET"]}}],"collection":[{"href":"https:\/\/baralivres.ma\/index.php?rest_route=\/wp\/v2\/product"}],"about":[{"href":"https:\/\/baralivres.ma\/index.php?rest_route=\/wp\/v2\/types\/product"}],"replies":[{"embeddable":true,"href":"https:\/\/baralivres.ma\/index.php?rest_route=%2Fwp%2Fv2%2Fcomments&post=16380"}],"version-history":[{"count":1,"href":"https:\/\/baralivres.ma\/index.php?rest_route=\/wp\/v2\/product\/16380\/revisions"}],"predecessor-version":[{"id":16383,"href":"https:\/\/baralivres.ma\/index.php?rest_route=\/wp\/v2\/product\/16380\/revisions\/16383"}],"wp:featuredmedia":[{"embeddable":true,"href":"https:\/\/baralivres.ma\/index.php?rest_route=\/wp\/v2\/media\/16382"}],"wp:attachment":[{"href":"https:\/\/baralivres.ma\/index.php?rest_route=%2Fwp%2Fv2%2Fmedia&parent=16380"}],"wp:term":[{"taxonomy":"product_cat","embeddable":true,"href":"https:\/\/baralivres.ma\/index.php?rest_route=%2Fwp%2Fv2%2Fproduct_cat&post=16380"},{"taxonomy":"product_tag","embeddable":true,"href":"https:\/\/baralivres.ma\/index.php?rest_route=%2Fwp%2Fv2%2Fproduct_tag&post=16380"}],"curies":[{"name":"wp","href":"https:\/\/api.w.org\/{rel}","templated":true}]}}