{"id":16373,"date":"2023-10-31T10:45:30","date_gmt":"2023-10-31T09:45:30","guid":{"rendered":"https:\/\/baralivres.ma\/?post_type=product&#038;p=16373"},"modified":"2023-10-31T10:45:31","modified_gmt":"2023-10-31T09:45:31","slug":"poesies-une-saison-en-enfer-illuminations","status":"publish","type":"product","link":"https:\/\/baralivres.ma\/?product=poesies-une-saison-en-enfer-illuminations","title":{"rendered":"Po\u00e9sies &#8211; Une saison en enfer &#8211; Illuminations"},"content":{"rendered":"<p>La passion exotique se manifeste dans un tumulte magnifique, ressemblant \u00e0 l&rsquo;\u00e9clat fugace d&rsquo;une m\u00e9t\u00e9ore, selon Mallarm\u00e9. Verlaine, quant \u00e0 lui, d\u00e9crit cette passion comme un ange en exil aux yeux d&rsquo;un bleu p\u00e2le troublant. \u00ab\u00a0Le Bateau ivre\u00a0\u00bb \u00e9merge comme un g\u00e9nie en \u00e9veil, et le jeune homme qui l&rsquo;a cr\u00e9\u00e9 est bri\u00e8vement emport\u00e9 par la litt\u00e9rature, devenant le ma\u00eetre d&rsquo;une expression d&rsquo;une intensit\u00e9 exceptionnelle, traitant de sujets in\u00e9dits. Tout cela est condens\u00e9 dans un mince volume qui est le fruit de l&rsquo;inspiration d&rsquo;un po\u00e8te touch\u00e9 puis abandonn\u00e9 par le g\u00e9nie, une aventure sans pr\u00e9c\u00e9dent dans l&rsquo;histoire de l&rsquo;art.<\/p>\n","protected":false},"excerpt":{"rendered":"<p>Passion exotique, Mallarm\u00e9 et Verlaine, g\u00e9nie \u00e9ph\u00e9m\u00e8re, expression intense, mince volume, aventure unique dans l&rsquo;art.<\/p>\n","protected":false},"featured_media":16385,"comment_status":"open","ping_status":"closed","template":"","meta":{"inline_featured_image":false},"product_cat":[204,143],"product_tag":[],"class_list":{"0":"post-16373","1":"product","2":"type-product","3":"status-publish","4":"has-post-thumbnail","6":"product_cat-francais","7":"product_cat-roman","8":"pa_auteurs-arthur-rimbaud-2","10":"first","11":"instock","12":"shipping-taxable","13":"purchasable","14":"product-type-simple"},"_links":{"self":[{"href":"https:\/\/baralivres.ma\/index.php?rest_route=\/wp\/v2\/product\/16373","targetHints":{"allow":["GET"]}}],"collection":[{"href":"https:\/\/baralivres.ma\/index.php?rest_route=\/wp\/v2\/product"}],"about":[{"href":"https:\/\/baralivres.ma\/index.php?rest_route=\/wp\/v2\/types\/product"}],"replies":[{"embeddable":true,"href":"https:\/\/baralivres.ma\/index.php?rest_route=%2Fwp%2Fv2%2Fcomments&post=16373"}],"version-history":[{"count":1,"href":"https:\/\/baralivres.ma\/index.php?rest_route=\/wp\/v2\/product\/16373\/revisions"}],"predecessor-version":[{"id":16387,"href":"https:\/\/baralivres.ma\/index.php?rest_route=\/wp\/v2\/product\/16373\/revisions\/16387"}],"wp:featuredmedia":[{"embeddable":true,"href":"https:\/\/baralivres.ma\/index.php?rest_route=\/wp\/v2\/media\/16385"}],"wp:attachment":[{"href":"https:\/\/baralivres.ma\/index.php?rest_route=%2Fwp%2Fv2%2Fmedia&parent=16373"}],"wp:term":[{"taxonomy":"product_cat","embeddable":true,"href":"https:\/\/baralivres.ma\/index.php?rest_route=%2Fwp%2Fv2%2Fproduct_cat&post=16373"},{"taxonomy":"product_tag","embeddable":true,"href":"https:\/\/baralivres.ma\/index.php?rest_route=%2Fwp%2Fv2%2Fproduct_tag&post=16373"}],"curies":[{"name":"wp","href":"https:\/\/api.w.org\/{rel}","templated":true}]}}