{"id":16372,"date":"2023-10-31T10:39:12","date_gmt":"2023-10-31T09:39:12","guid":{"rendered":"https:\/\/baralivres.ma\/?post_type=product&#038;p=16372"},"modified":"2023-10-31T10:39:13","modified_gmt":"2023-10-31T09:39:13","slug":"natacha-et-autres-nouvelles","status":"publish","type":"product","link":"https:\/\/baralivres.ma\/?product=natacha-et-autres-nouvelles","title":{"rendered":"Natacha et autres nouvelles"},"content":{"rendered":"<p>Des nouvelles magnifiques aux langage envo\u00fbtant et aux tonalit\u00e9s lumineuses ont \u00e9t\u00e9 exhum\u00e9es des archives de Nabokov et publi\u00e9es \u00e0 partir des ann\u00e9es 1990 dans The New Yorker, explorant des th\u00e8mes tels que le vertige du premier amour, la fin d&rsquo;une liaison entre un adolescent et une femme mari\u00e9e, ainsi que l&rsquo;amour tourment\u00e9 d&rsquo;une femme envers son mari redoutable. Ces r\u00e9cits capturent les perceptions, les angoisses et les sensations li\u00e9es \u00e0 ces exp\u00e9riences.<\/p>\n","protected":false},"excerpt":{"rendered":"<p>Nouvelles envo\u00fbtantes de Nabokov d\u00e9peignent premiers amours, liaisons interdites, angoisses et sensations intenses.<\/p>\n","protected":false},"featured_media":16377,"comment_status":"open","ping_status":"closed","template":"","meta":{"inline_featured_image":false},"product_cat":[204,143],"product_tag":[],"class_list":{"0":"post-16372","1":"product","2":"type-product","3":"status-publish","4":"has-post-thumbnail","6":"product_cat-francais","7":"product_cat-roman","8":"pa_auteurs-vladimir-nabokov","10":"first","11":"instock","12":"shipping-taxable","13":"purchasable","14":"product-type-simple"},"_links":{"self":[{"href":"https:\/\/baralivres.ma\/index.php?rest_route=\/wp\/v2\/product\/16372","targetHints":{"allow":["GET"]}}],"collection":[{"href":"https:\/\/baralivres.ma\/index.php?rest_route=\/wp\/v2\/product"}],"about":[{"href":"https:\/\/baralivres.ma\/index.php?rest_route=\/wp\/v2\/types\/product"}],"replies":[{"embeddable":true,"href":"https:\/\/baralivres.ma\/index.php?rest_route=%2Fwp%2Fv2%2Fcomments&post=16372"}],"version-history":[{"count":1,"href":"https:\/\/baralivres.ma\/index.php?rest_route=\/wp\/v2\/product\/16372\/revisions"}],"predecessor-version":[{"id":16378,"href":"https:\/\/baralivres.ma\/index.php?rest_route=\/wp\/v2\/product\/16372\/revisions\/16378"}],"wp:featuredmedia":[{"embeddable":true,"href":"https:\/\/baralivres.ma\/index.php?rest_route=\/wp\/v2\/media\/16377"}],"wp:attachment":[{"href":"https:\/\/baralivres.ma\/index.php?rest_route=%2Fwp%2Fv2%2Fmedia&parent=16372"}],"wp:term":[{"taxonomy":"product_cat","embeddable":true,"href":"https:\/\/baralivres.ma\/index.php?rest_route=%2Fwp%2Fv2%2Fproduct_cat&post=16372"},{"taxonomy":"product_tag","embeddable":true,"href":"https:\/\/baralivres.ma\/index.php?rest_route=%2Fwp%2Fv2%2Fproduct_tag&post=16372"}],"curies":[{"name":"wp","href":"https:\/\/api.w.org\/{rel}","templated":true}]}}