{"id":16368,"date":"2023-10-31T10:37:14","date_gmt":"2023-10-31T09:37:14","guid":{"rendered":"https:\/\/baralivres.ma\/?post_type=product&#038;p=16368"},"modified":"2023-10-31T10:37:15","modified_gmt":"2023-10-31T09:37:15","slug":"ces-femmes-qui-reprennent-le-pouvoir-sur-leur-vie","status":"publish","type":"product","link":"https:\/\/baralivres.ma\/?product=ces-femmes-qui-reprennent-le-pouvoir-sur-leur-vie","title":{"rendered":"Ces femmes qui reprennent le pouvoir sur leur vie"},"content":{"rendered":"<p>Si vous tendez \u00e0 vous concentrer sur vos \u00e9checs plut\u00f4t que sur vos succ\u00e8s, ce livre est pour vous. Susan Nolen-Hoeksema explore les talents souvent m\u00e9connus des femmes, tels que l&rsquo;\u00e9coute, la patience, la cr\u00e9ativit\u00e9, et bien d&rsquo;autres. Elle identifie 16 forces mentales, \u00e9motionnelles, identitaires et relationnelles propres aux femmes et offre des exercices pratiques pour les mettre en valeur. \u00c0 travers des exemples inspirants, elle montre comment ces forces peuvent \u00eatre appliqu\u00e9es dans diff\u00e9rents r\u00f4les, que ce soit en tant que leader, m\u00e8re, amante ou dans les d\u00e9fis de la vie. Susan Nolen-Hoeksema, une ancienne professeure de psychologie \u00e0 l&rsquo;universit\u00e9 de Yale, est reconnue pour ses recherches sur la d\u00e9pression, les humeurs, et les questions de genre. Ce livre vous aide \u00e0 reconna\u00eetre et \u00e0 revendiquer vos forces uniques.<\/p>\n","protected":false},"excerpt":{"rendered":"<div class=\"group w-full text-token-text-primary border-b border-black\/10 gizmo:border-0 dark:border-gray-900\/50 gizmo:dark:border-0 bg-gray-50 gizmo:bg-transparent dark:bg-[#444654] gizmo:dark:bg-transparent\" data-testid=\"conversation-turn-17\">\n<div class=\"p-4 gizmo:py-2 justify-center text-base md:gap-6 md:py-6 m-auto\">\n<div class=\"flex flex-1 gap-4 text-base mx-auto md:gap-6 gizmo:gap-3 gizmo:md:px-5 gizmo:lg:px-1 gizmo:xl:px-5 md:max-w-2xl lg:max-w-[38rem] gizmo:md:max-w-3xl gizmo:lg:max-w-[40rem] gizmo:xl:max-w-[48rem] xl:max-w-3xl }\">\n<div class=\"relative flex w-[calc(100%-50px)] flex-col gizmo:w-full lg:w-[calc(100%-115px)] agent-turn\">\n<div class=\"flex-col gap-1 md:gap-3\">\n<div class=\"flex flex-grow flex-col gap-3 max-w-full\">\n<div class=\"min-h-[20px] flex flex-col items-start gap-3 whitespace-pre-wrap break-words overflow-x-auto\" data-message-author-role=\"assistant\" data-message-id=\"60b111fb-d921-457a-96a8-43b8d7e4932e\">\n<div class=\"markdown prose w-full break-words dark:prose-invert light\">\n<p>Valorisez les talents f\u00e9minins n\u00e9glig\u00e9s, 16 forces, exemples inspirants, r\u00e9alisez votre potentiel, Susan Nolen-Hoeksema.<\/p>\n<\/div>\n<\/div>\n<\/div>\n<div class=\"flex justify-between empty:hidden gizmo:justify-start gizmo:gap-3 lg:block gizmo:lg:flex\">\n<div class=\"text-gray-400 flex self-end lg:self-center justify-center gizmo:lg:justify-start mt-2 gizmo:mt-0 visible lg:gap-1 lg:absolute lg:top-0 lg:translate-x-full lg:right-0 lg:mt-0 lg:pl-2 gap-2 md:gap-3\"><button class=\"flex ml-auto gizmo:ml-0 gap-2 items-center rounded-md p-1 text-xs gizmo:gap-1.5 gizmo:pl-0 dark:text-gray-400 dark:hover:text-gray-200 disabled:dark:hover:text-gray-400 hover:text-gray-700\"><\/button><\/p>\n<div class=\"flex gap-1\"><\/div>\n<\/div>\n<\/div>\n<\/div>\n<\/div>\n<\/div>\n<\/div>\n<\/div>\n","protected":false},"featured_media":16374,"comment_status":"open","ping_status":"closed","template":"","meta":{"inline_featured_image":false},"product_cat":[204,91],"product_tag":[],"class_list":{"0":"post-16368","1":"product","2":"type-product","3":"status-publish","4":"has-post-thumbnail","6":"product_cat-francais","7":"product_cat-developpement","8":"pa_auteurs-susan-nolen-hoeksema","10":"first","11":"instock","12":"shipping-taxable","13":"purchasable","14":"product-type-simple"},"_links":{"self":[{"href":"https:\/\/baralivres.ma\/index.php?rest_route=\/wp\/v2\/product\/16368","targetHints":{"allow":["GET"]}}],"collection":[{"href":"https:\/\/baralivres.ma\/index.php?rest_route=\/wp\/v2\/product"}],"about":[{"href":"https:\/\/baralivres.ma\/index.php?rest_route=\/wp\/v2\/types\/product"}],"replies":[{"embeddable":true,"href":"https:\/\/baralivres.ma\/index.php?rest_route=%2Fwp%2Fv2%2Fcomments&post=16368"}],"version-history":[{"count":1,"href":"https:\/\/baralivres.ma\/index.php?rest_route=\/wp\/v2\/product\/16368\/revisions"}],"predecessor-version":[{"id":16375,"href":"https:\/\/baralivres.ma\/index.php?rest_route=\/wp\/v2\/product\/16368\/revisions\/16375"}],"wp:featuredmedia":[{"embeddable":true,"href":"https:\/\/baralivres.ma\/index.php?rest_route=\/wp\/v2\/media\/16374"}],"wp:attachment":[{"href":"https:\/\/baralivres.ma\/index.php?rest_route=%2Fwp%2Fv2%2Fmedia&parent=16368"}],"wp:term":[{"taxonomy":"product_cat","embeddable":true,"href":"https:\/\/baralivres.ma\/index.php?rest_route=%2Fwp%2Fv2%2Fproduct_cat&post=16368"},{"taxonomy":"product_tag","embeddable":true,"href":"https:\/\/baralivres.ma\/index.php?rest_route=%2Fwp%2Fv2%2Fproduct_tag&post=16368"}],"curies":[{"name":"wp","href":"https:\/\/api.w.org\/{rel}","templated":true}]}}