{"id":16364,"date":"2023-10-31T10:32:46","date_gmt":"2023-10-31T09:32:46","guid":{"rendered":"https:\/\/baralivres.ma\/?post_type=product&#038;p=16364"},"modified":"2023-10-31T10:32:47","modified_gmt":"2023-10-31T09:32:47","slug":"il-ne-pourront-plus-se-passer-de-toi","status":"publish","type":"product","link":"https:\/\/baralivres.ma\/?product=il-ne-pourront-plus-se-passer-de-toi","title":{"rendered":"IL NE POURRONT PLUS SE PASSER DE TOI"},"content":{"rendered":"<div class=\"group w-full text-token-text-primary border-b border-black\/10 gizmo:border-0 dark:border-gray-900\/50 gizmo:dark:border-0 bg-gray-50 gizmo:bg-transparent dark:bg-[#444654] gizmo:dark:bg-transparent\" data-testid=\"conversation-turn-13\">\n<div class=\"p-4 gizmo:py-2 justify-center text-base md:gap-6 md:py-6 m-auto\">\n<div class=\"flex flex-1 gap-4 text-base mx-auto md:gap-6 gizmo:gap-3 gizmo:md:px-5 gizmo:lg:px-1 gizmo:xl:px-5 md:max-w-2xl lg:max-w-[38rem] gizmo:md:max-w-3xl gizmo:lg:max-w-[40rem] gizmo:xl:max-w-[48rem] xl:max-w-3xl }\">\n<div class=\"relative flex w-[calc(100%-50px)] flex-col gizmo:w-full lg:w-[calc(100%-115px)] agent-turn\">\n<div class=\"flex-col gap-1 md:gap-3\">\n<div class=\"flex flex-grow flex-col gap-3 max-w-full\">\n<div class=\"min-h-[20px] flex flex-col items-start gap-3 whitespace-pre-wrap break-words overflow-x-auto\" data-message-author-role=\"assistant\" data-message-id=\"1b3405b9-0023-43d8-aaec-40d84d381bd9\">\n<div class=\"markdown prose w-full break-words dark:prose-invert light\">\n<p>La clef de la r\u00e9ussite professionnelle ne r\u00e9side pas uniquement dans la recherche obsessionnelle de sa vocation, mais plut\u00f4t dans l&rsquo;engagement \u00e0 exceller dans un domaine sp\u00e9cifique. Cal Newport, un expert mondialement reconnu en productivit\u00e9, r\u00e9v\u00e8le les quatre lois qui remettent en question les id\u00e9es re\u00e7ues sur la r\u00e9ussite professionnelle, d\u00e9montrant que le savoir-faire et le talent surpassent la passion.<\/p>\n<p>\u00c0 travers de nombreux exemples et conseils, Newport nous apprend \u00e0 cultiver des comp\u00e9tences rares et pr\u00e9cieuses, puis \u00e0 les investir strat\u00e9giquement pour devenir le meilleur \u00e0 ce que nous faisons de mani\u00e8re durable. Cette approche est la cl\u00e9 du succ\u00e8s \u00e0 long terme et promet une satisfaction professionnelle durable.<\/p>\n<p>Des personnalit\u00e9s influentes, telles que Reid Hoffman, le cofondateur de LinkedIn, soulignent l&rsquo;importance de ce livre pour quiconque souhaite b\u00e2tir une carri\u00e8re remarquable. Newport vous guide pour cr\u00e9er quelque chose de significatif et le partager avec le monde, une d\u00e9marche soutenue par des mentors de renom.<\/p>\n<p>Cal Newport est professeur au d\u00e9partement d&rsquo;informatique de l&rsquo;universit\u00e9 de Georgetown, auteur de sept ouvrages, dont le best-seller international \u00ab\u00a0Deep Work,\u00a0\u00bb et est reconnu comme un expert en efficacit\u00e9 professionnelle gr\u00e2ce \u00e0 son blog \u00ab\u00a0Study Hacks,\u00a0\u00bb suivi par des millions d&rsquo;internautes.<\/p>\n<\/div>\n<\/div>\n<\/div>\n<div class=\"flex justify-between empty:hidden gizmo:justify-start gizmo:gap-3 lg:block gizmo:lg:flex\">\n<div class=\"text-gray-400 flex self-end lg:self-center justify-center gizmo:lg:justify-start mt-2 gizmo:mt-0 visible lg:gap-1 lg:absolute lg:top-0 lg:translate-x-full lg:right-0 lg:mt-0 lg:pl-2 gap-2 md:gap-3\"><button class=\"flex ml-auto gizmo:ml-0 gap-2 items-center rounded-md p-1 text-xs gizmo:gap-1.5 gizmo:pl-0 dark:text-gray-400 dark:hover:text-gray-200 disabled:dark:hover:text-gray-400 hover:text-gray-700\"><\/button><\/p>\n<div class=\"flex gap-1\"><\/div>\n<\/div>\n<\/div>\n<\/div>\n<\/div>\n<\/div>\n<\/div>\n<\/div>\n","protected":false},"excerpt":{"rendered":"<p>La r\u00e9ussite professionnelle repose sur l&rsquo;excellence, pas seulement la passion. Cal Newport explique comment d\u00e9velopper des comp\u00e9tences pr\u00e9cieuses et les investir judicieusement pour une carri\u00e8re remarquable.<\/p>\n","protected":false},"featured_media":16366,"comment_status":"open","ping_status":"closed","template":"","meta":{"inline_featured_image":false},"product_cat":[204,91],"product_tag":[],"class_list":{"0":"post-16364","1":"product","2":"type-product","3":"status-publish","4":"has-post-thumbnail","6":"product_cat-francais","7":"product_cat-developpement","8":"pa_auteurs-cal-newport","10":"first","11":"instock","12":"shipping-taxable","13":"purchasable","14":"product-type-simple"},"_links":{"self":[{"href":"https:\/\/baralivres.ma\/index.php?rest_route=\/wp\/v2\/product\/16364","targetHints":{"allow":["GET"]}}],"collection":[{"href":"https:\/\/baralivres.ma\/index.php?rest_route=\/wp\/v2\/product"}],"about":[{"href":"https:\/\/baralivres.ma\/index.php?rest_route=\/wp\/v2\/types\/product"}],"replies":[{"embeddable":true,"href":"https:\/\/baralivres.ma\/index.php?rest_route=%2Fwp%2Fv2%2Fcomments&post=16364"}],"version-history":[{"count":1,"href":"https:\/\/baralivres.ma\/index.php?rest_route=\/wp\/v2\/product\/16364\/revisions"}],"predecessor-version":[{"id":16367,"href":"https:\/\/baralivres.ma\/index.php?rest_route=\/wp\/v2\/product\/16364\/revisions\/16367"}],"wp:featuredmedia":[{"embeddable":true,"href":"https:\/\/baralivres.ma\/index.php?rest_route=\/wp\/v2\/media\/16366"}],"wp:attachment":[{"href":"https:\/\/baralivres.ma\/index.php?rest_route=%2Fwp%2Fv2%2Fmedia&parent=16364"}],"wp:term":[{"taxonomy":"product_cat","embeddable":true,"href":"https:\/\/baralivres.ma\/index.php?rest_route=%2Fwp%2Fv2%2Fproduct_cat&post=16364"},{"taxonomy":"product_tag","embeddable":true,"href":"https:\/\/baralivres.ma\/index.php?rest_route=%2Fwp%2Fv2%2Fproduct_tag&post=16364"}],"curies":[{"name":"wp","href":"https:\/\/api.w.org\/{rel}","templated":true}]}}