{"id":16363,"date":"2023-10-31T10:34:35","date_gmt":"2023-10-31T09:34:35","guid":{"rendered":"https:\/\/baralivres.ma\/?post_type=product&#038;p=16363"},"modified":"2023-10-31T10:34:35","modified_gmt":"2023-10-31T09:34:35","slug":"un-parfum-a-sentir-passion-et-vertu","status":"publish","type":"product","link":"https:\/\/baralivres.ma\/?product=un-parfum-a-sentir-passion-et-vertu","title":{"rendered":"Un parfum \u00e0 sentir\/Passion et vertu"},"content":{"rendered":"<p>Marguerite, pr\u00e9cocement vieillie et \u00e9puis\u00e9e, abandonn\u00e9e par son \u00e9poux au profit de l&rsquo;\u00e9nergique et rayonnante Isabellada, cherche d\u00e9sesp\u00e9r\u00e9ment comment regagner l&rsquo;affection de l&rsquo;homme qu&rsquo;elle aime. Malgr\u00e9 sa gentillesse et sa g\u00e9n\u00e9rosit\u00e9, la bataille semble d\u00e9s\u00e9quilibr\u00e9e&#8230; D&rsquo;un autre c\u00f4t\u00e9, Mazza, une jeune femme douce et r\u00eaveuse, engag\u00e9e dans le mariage et la parentalit\u00e9, succombe aux charmes d&rsquo;un opportuniste. Emport\u00e9e par la passion, elle se m\u00e9tamorphose en une criminelle impitoyable pour s&rsquo;enfuir avec son amant. \u00c0 travers ces deux r\u00e9cits m\u00e9connus, Gustave Flaubert, alors un \u00e9crivain \u00e9mergeant, esquisse deux portraits de femmes remarquables pr\u00e9figurant le m\u00e9morable personnage d&rsquo;Emma Bovary.<\/p>\n","protected":false},"excerpt":{"rendered":"<p>Flaubert esquisse des portraits de femmes pr\u00e9figurant Emma Bovary : d\u00e9laiss\u00e9e, passionn\u00e9e, in\u00e9gal combat.<\/p>\n","protected":false},"featured_media":16369,"comment_status":"open","ping_status":"closed","template":"","meta":{"inline_featured_image":false},"product_cat":[204,143],"product_tag":[],"class_list":{"0":"post-16363","1":"product","2":"type-product","3":"status-publish","4":"has-post-thumbnail","6":"product_cat-francais","7":"product_cat-roman","8":"pa_auteurs-gustave-flaubert","10":"first","11":"instock","12":"shipping-taxable","13":"purchasable","14":"product-type-simple"},"_links":{"self":[{"href":"https:\/\/baralivres.ma\/index.php?rest_route=\/wp\/v2\/product\/16363","targetHints":{"allow":["GET"]}}],"collection":[{"href":"https:\/\/baralivres.ma\/index.php?rest_route=\/wp\/v2\/product"}],"about":[{"href":"https:\/\/baralivres.ma\/index.php?rest_route=\/wp\/v2\/types\/product"}],"replies":[{"embeddable":true,"href":"https:\/\/baralivres.ma\/index.php?rest_route=%2Fwp%2Fv2%2Fcomments&post=16363"}],"version-history":[{"count":1,"href":"https:\/\/baralivres.ma\/index.php?rest_route=\/wp\/v2\/product\/16363\/revisions"}],"predecessor-version":[{"id":16370,"href":"https:\/\/baralivres.ma\/index.php?rest_route=\/wp\/v2\/product\/16363\/revisions\/16370"}],"wp:featuredmedia":[{"embeddable":true,"href":"https:\/\/baralivres.ma\/index.php?rest_route=\/wp\/v2\/media\/16369"}],"wp:attachment":[{"href":"https:\/\/baralivres.ma\/index.php?rest_route=%2Fwp%2Fv2%2Fmedia&parent=16363"}],"wp:term":[{"taxonomy":"product_cat","embeddable":true,"href":"https:\/\/baralivres.ma\/index.php?rest_route=%2Fwp%2Fv2%2Fproduct_cat&post=16363"},{"taxonomy":"product_tag","embeddable":true,"href":"https:\/\/baralivres.ma\/index.php?rest_route=%2Fwp%2Fv2%2Fproduct_tag&post=16363"}],"curies":[{"name":"wp","href":"https:\/\/api.w.org\/{rel}","templated":true}]}}