{"id":16359,"date":"2023-10-31T10:35:02","date_gmt":"2023-10-31T09:35:02","guid":{"rendered":"https:\/\/baralivres.ma\/?post_type=product&#038;p=16359"},"modified":"2023-10-31T10:35:02","modified_gmt":"2023-10-31T09:35:02","slug":"lillusion-comique-2","status":"publish","type":"product","link":"https:\/\/baralivres.ma\/?product=lillusion-comique-2","title":{"rendered":"L&rsquo;Illusion comique"},"content":{"rendered":"<p>Apr\u00e8s une d\u00e9cennie \u00e0 rechercher son fils Clindor, qu&rsquo;il avait reni\u00e9, Pridamant se tourne vers un magicien pour le retrouver. Gr\u00e2ce \u00e0 un sort magique, il devient t\u00e9moin, tout comme le public, des aventures de Clindor, de sa bien-aim\u00e9e Isabelle et de leur ma\u00eetre Matamore. Cependant, il se pose la question de savoir si ces p\u00e9rip\u00e9ties sont bien r\u00e9elles. Dans sa pi\u00e8ce \u00ab\u00a0L&rsquo;Illusion comique\u00a0\u00bb (1636), Corneille ma\u00eetrise habilement le m\u00e9lange de com\u00e9die, de trag\u00e9die et de romance, cr\u00e9ant ainsi l&rsquo;exemple le plus c\u00e9l\u00e8bre de th\u00e9\u00e2tre dans le th\u00e9\u00e2tre. Les fronti\u00e8res entre le mirage apparemment r\u00e9aliste et la v\u00e9rit\u00e9 aux reflets illusoires se confondent dans cette \u0153uvre qui nous rappelle que la sc\u00e8ne est le \u00ab\u00a0th\u00e9\u00e2tre o\u00f9 se d\u00e9roule la grande pi\u00e8ce du monde\u00a0\u00bb.<\/p>\n","protected":false},"excerpt":{"rendered":"<p>Pridamant cherche son fils, magicien r\u00e9v\u00e8le aventures de Clindor, Isabelle, et Matamore, brouillant r\u00e9alit\u00e9 et illusion.<\/p>\n","protected":false},"featured_media":16365,"comment_status":"open","ping_status":"closed","template":"","meta":{"inline_featured_image":false},"product_cat":[204,143],"product_tag":[],"class_list":{"0":"post-16359","1":"product","2":"type-product","3":"status-publish","4":"has-post-thumbnail","6":"product_cat-francais","7":"product_cat-roman","8":"pa_auteurs-pierre-corneille","10":"first","11":"instock","12":"shipping-taxable","13":"purchasable","14":"product-type-simple"},"_links":{"self":[{"href":"https:\/\/baralivres.ma\/index.php?rest_route=\/wp\/v2\/product\/16359","targetHints":{"allow":["GET"]}}],"collection":[{"href":"https:\/\/baralivres.ma\/index.php?rest_route=\/wp\/v2\/product"}],"about":[{"href":"https:\/\/baralivres.ma\/index.php?rest_route=\/wp\/v2\/types\/product"}],"replies":[{"embeddable":true,"href":"https:\/\/baralivres.ma\/index.php?rest_route=%2Fwp%2Fv2%2Fcomments&post=16359"}],"version-history":[{"count":1,"href":"https:\/\/baralivres.ma\/index.php?rest_route=\/wp\/v2\/product\/16359\/revisions"}],"predecessor-version":[{"id":16371,"href":"https:\/\/baralivres.ma\/index.php?rest_route=\/wp\/v2\/product\/16359\/revisions\/16371"}],"wp:featuredmedia":[{"embeddable":true,"href":"https:\/\/baralivres.ma\/index.php?rest_route=\/wp\/v2\/media\/16365"}],"wp:attachment":[{"href":"https:\/\/baralivres.ma\/index.php?rest_route=%2Fwp%2Fv2%2Fmedia&parent=16359"}],"wp:term":[{"taxonomy":"product_cat","embeddable":true,"href":"https:\/\/baralivres.ma\/index.php?rest_route=%2Fwp%2Fv2%2Fproduct_cat&post=16359"},{"taxonomy":"product_tag","embeddable":true,"href":"https:\/\/baralivres.ma\/index.php?rest_route=%2Fwp%2Fv2%2Fproduct_tag&post=16359"}],"curies":[{"name":"wp","href":"https:\/\/api.w.org\/{rel}","templated":true}]}}