{"id":16353,"date":"2023-10-31T10:28:01","date_gmt":"2023-10-31T09:28:01","guid":{"rendered":"https:\/\/baralivres.ma\/?post_type=product&#038;p=16353"},"modified":"2023-10-31T10:28:01","modified_gmt":"2023-10-31T09:28:01","slug":"le-quatuor-a-cordes-et-autres-nouvelles","status":"publish","type":"product","link":"https:\/\/baralivres.ma\/?product=le-quatuor-a-cordes-et-autres-nouvelles","title":{"rendered":"Le quatuor \u00e0 cordes et autres nouvelles"},"content":{"rendered":"<p>Cette \u00e9vocation me ram\u00e8ne nettement \u00e0 ce moment pr\u00e9cis, o\u00f9 mon regard \u00e9tait fix\u00e9 sur une libellule et la chaussure de Lily, orn\u00e9e d&rsquo;une boucle d&rsquo;argent carr\u00e9e \u00e0 son extr\u00e9mit\u00e9. Tout en parlant, mon attention se fixait sur le bout de sa chaussure. Chaque mouvement impatient de celle-ci semblait pr\u00e9dire ses paroles ; toute son \u00e9nergie semblait concentr\u00e9e dans cette chaussure. Quant \u00e0 mes sentiments d&rsquo;amour et de d\u00e9sir, ils \u00e9taient captiv\u00e9s par la libellule. \u00c9trangement, je pensais que si cet insecte se posait sur une feuille pr\u00e9cise, l\u00e0-bas, cette grande feuille avec une fleur rouge au centre, Lily dirait \u00ab\u00a0Oui\u00a0\u00bb sur-le-champ.<\/p>\n<p>Cette narration invite \u00e0 aller au-del\u00e0 des apparences, \u00e9manant de l&rsquo;\u0153uvre de la plus \u00e9minente romanci\u00e8re anglaise du vingti\u00e8me si\u00e8cle, l&rsquo;auteure de \u00ab\u00a0Mrs Dalloway\u00a0\u00bb.<\/p>\n","protected":false},"excerpt":{"rendered":"<p>Regard fix\u00e9 sur la chaussure de Lily, une libellule symbolise l&rsquo;accord esp\u00e9r\u00e9.<\/p>\n","protected":false},"featured_media":16358,"comment_status":"open","ping_status":"closed","template":"","meta":{"inline_featured_image":false},"product_cat":[204,143],"product_tag":[],"class_list":{"0":"post-16353","1":"product","2":"type-product","3":"status-publish","4":"has-post-thumbnail","6":"product_cat-francais","7":"product_cat-roman","8":"pa_auteurs-virginia-woolf","10":"first","11":"instock","12":"shipping-taxable","13":"purchasable","14":"product-type-simple"},"_links":{"self":[{"href":"https:\/\/baralivres.ma\/index.php?rest_route=\/wp\/v2\/product\/16353","targetHints":{"allow":["GET"]}}],"collection":[{"href":"https:\/\/baralivres.ma\/index.php?rest_route=\/wp\/v2\/product"}],"about":[{"href":"https:\/\/baralivres.ma\/index.php?rest_route=\/wp\/v2\/types\/product"}],"replies":[{"embeddable":true,"href":"https:\/\/baralivres.ma\/index.php?rest_route=%2Fwp%2Fv2%2Fcomments&post=16353"}],"version-history":[{"count":1,"href":"https:\/\/baralivres.ma\/index.php?rest_route=\/wp\/v2\/product\/16353\/revisions"}],"predecessor-version":[{"id":16361,"href":"https:\/\/baralivres.ma\/index.php?rest_route=\/wp\/v2\/product\/16353\/revisions\/16361"}],"wp:featuredmedia":[{"embeddable":true,"href":"https:\/\/baralivres.ma\/index.php?rest_route=\/wp\/v2\/media\/16358"}],"wp:attachment":[{"href":"https:\/\/baralivres.ma\/index.php?rest_route=%2Fwp%2Fv2%2Fmedia&parent=16353"}],"wp:term":[{"taxonomy":"product_cat","embeddable":true,"href":"https:\/\/baralivres.ma\/index.php?rest_route=%2Fwp%2Fv2%2Fproduct_cat&post=16353"},{"taxonomy":"product_tag","embeddable":true,"href":"https:\/\/baralivres.ma\/index.php?rest_route=%2Fwp%2Fv2%2Fproduct_tag&post=16353"}],"curies":[{"name":"wp","href":"https:\/\/api.w.org\/{rel}","templated":true}]}}