{"id":16347,"date":"2023-10-31T10:24:05","date_gmt":"2023-10-31T09:24:05","guid":{"rendered":"https:\/\/baralivres.ma\/?post_type=product&#038;p=16347"},"modified":"2024-03-14T14:55:42","modified_gmt":"2024-03-14T13:55:42","slug":"strategie-ocean-bleu","status":"publish","type":"product","link":"https:\/\/baralivres.ma\/?product=strategie-ocean-bleu","title":{"rendered":"STRATEGIE OCEAN BLEU"},"content":{"rendered":"<p>Apr\u00e8s quinze ann\u00e9es de recherche \u00e0 travers trente secteurs d&rsquo;activit\u00e9 diff\u00e9rents, W. Chan Kim et Ren\u00e9e Mauborgne ont d\u00e9velopp\u00e9 ce qu&rsquo;ils appellent la Strat\u00e9gie Oc\u00e9an Bleu. Cette approche vise \u00e0 permettre aux entreprises d&rsquo;obtenir une croissance rentable, m\u00eame dans des environnements concurrentiels satur\u00e9s, o\u00f9 les produits se ressemblent de plus en plus et o\u00f9 la comp\u00e9tition par les prix est intense. Pour \u00e9chapper \u00e0 la concurrence f\u00e9roce de l&rsquo;\u00ab oc\u00e9an rouge \u00bb, les entreprises doivent se lib\u00e9rer des contraintes de leur march\u00e9 actuel. Elles doivent r\u00e9aliser un d\u00e9placement strat\u00e9gique majeur pour cr\u00e9er un tout nouveau march\u00e9, un \u00ab\u00a0oc\u00e9an bleu\u00a0\u00bb.<\/p>\n<p>Des entreprises telles qu&rsquo;Apple, The Body Shop, le Cirque du Soleil, eBay et Swatch ont connu un grand succ\u00e8s en partant de leur march\u00e9 existant pour conqu\u00e9rir des espaces strat\u00e9giques inexplor\u00e9s, cr\u00e9ant ainsi une demande compl\u00e8tement nouvelle.<\/p>\n<p>Dans leur ouvrage, W. Chan Kim et Ren\u00e9e Mauborgne ont formalis\u00e9 ces strat\u00e9gies exceptionnelles et proposent une m\u00e9thodologie compl\u00e8te. En suivant les principes de la Strat\u00e9gie Oc\u00e9an Bleu et en utilisant les outils analytiques qu&rsquo;ils ont d\u00e9velopp\u00e9s, les entreprises, qu&rsquo;elles soient petites ou grandes, publiques ou priv\u00e9es, nouvelles venues ou leaders \u00e9tablis, peuvent red\u00e9finir de mani\u00e8re proactive les bases de leur secteur ou march\u00e9, et ainsi cr\u00e9er leur propre espace strat\u00e9gique.<\/p>\n","protected":false},"excerpt":{"rendered":"<p>Strat\u00e9gie Oc\u00e9an Bleu : \u00c9viter la concurrence f\u00e9roce, cr\u00e9er un nouveau march\u00e9, succ\u00e8s d&rsquo;entreprises innovantes.<\/p>\n","protected":false},"featured_media":16354,"comment_status":"open","ping_status":"closed","template":"","meta":{"inline_featured_image":false},"product_cat":[204,3677,91],"product_tag":[],"class_list":{"0":"post-16347","1":"product","2":"type-product","3":"status-publish","4":"has-post-thumbnail","6":"product_cat-francais","7":"product_cat-les-livres-pour-business","8":"product_cat-developpement","9":"pa_auteurs-w-chan-kim","11":"first","12":"instock","13":"shipping-taxable","14":"purchasable","15":"product-type-simple"},"_links":{"self":[{"href":"https:\/\/baralivres.ma\/index.php?rest_route=\/wp\/v2\/product\/16347","targetHints":{"allow":["GET"]}}],"collection":[{"href":"https:\/\/baralivres.ma\/index.php?rest_route=\/wp\/v2\/product"}],"about":[{"href":"https:\/\/baralivres.ma\/index.php?rest_route=\/wp\/v2\/types\/product"}],"replies":[{"embeddable":true,"href":"https:\/\/baralivres.ma\/index.php?rest_route=%2Fwp%2Fv2%2Fcomments&post=16347"}],"version-history":[{"count":1,"href":"https:\/\/baralivres.ma\/index.php?rest_route=\/wp\/v2\/product\/16347\/revisions"}],"predecessor-version":[{"id":16355,"href":"https:\/\/baralivres.ma\/index.php?rest_route=\/wp\/v2\/product\/16347\/revisions\/16355"}],"wp:featuredmedia":[{"embeddable":true,"href":"https:\/\/baralivres.ma\/index.php?rest_route=\/wp\/v2\/media\/16354"}],"wp:attachment":[{"href":"https:\/\/baralivres.ma\/index.php?rest_route=%2Fwp%2Fv2%2Fmedia&parent=16347"}],"wp:term":[{"taxonomy":"product_cat","embeddable":true,"href":"https:\/\/baralivres.ma\/index.php?rest_route=%2Fwp%2Fv2%2Fproduct_cat&post=16347"},{"taxonomy":"product_tag","embeddable":true,"href":"https:\/\/baralivres.ma\/index.php?rest_route=%2Fwp%2Fv2%2Fproduct_tag&post=16347"}],"curies":[{"name":"wp","href":"https:\/\/api.w.org\/{rel}","templated":true}]}}