{"id":16346,"date":"2023-10-31T10:21:17","date_gmt":"2023-10-31T09:21:17","guid":{"rendered":"https:\/\/baralivres.ma\/?post_type=product&#038;p=16346"},"modified":"2023-10-31T10:21:17","modified_gmt":"2023-10-31T09:21:17","slug":"george-orwell","status":"publish","type":"product","link":"https:\/\/baralivres.ma\/?product=george-orwell","title":{"rendered":"George Orwell"},"content":{"rendered":"<p>Au travers de six textes entrelac\u00e9s avec ses \u0153uvres majeures, l&rsquo;\u00e9crivain de renom, auteur de \u00ab\u00a01984\u00a0\u00bb et \u00ab\u00a0Dans la d\u00e8che \u00e0 Paris et \u00e0 Londres\u00a0\u00bb, explore les th\u00e9matiques de la guerre en Espagne, du traitement des plus d\u00e9munis dans les h\u00f4pitaux du d\u00e9but du XXe si\u00e8cle, de sa vocation litt\u00e9raire m\u00eal\u00e9e \u00e0 une vision politique profonde, ainsi que des formes insidieuses de censure dans le monde de la litt\u00e9rature. Il souligne avec vigueur son engagement en affirmant : \u00ab\u00a0Il n&rsquo;existe aucun livre exempt de position politique. L&rsquo;id\u00e9e que l&rsquo;art devrait rester \u00e0 l&rsquo;\u00e9cart de la politique constitue en soi une position politique.\u00a0\u00bb<\/p>\n","protected":false},"excerpt":{"rendered":"<p>\u00c9crivain engag\u00e9 interconnecte \u0153uvres, politique, censure, guerre, pauvret\u00e9 : vision litt\u00e9raire militante in\u00e9branlable.<\/p>\n","protected":false},"featured_media":16349,"comment_status":"open","ping_status":"closed","template":"","meta":{"inline_featured_image":false},"product_cat":[204,143],"product_tag":[],"class_list":{"0":"post-16346","1":"product","2":"type-product","3":"status-publish","4":"has-post-thumbnail","6":"product_cat-francais","7":"product_cat-roman","8":"pa_auteurs-george-orwell","10":"first","11":"instock","12":"shipping-taxable","13":"purchasable","14":"product-type-simple"},"_links":{"self":[{"href":"https:\/\/baralivres.ma\/index.php?rest_route=\/wp\/v2\/product\/16346","targetHints":{"allow":["GET"]}}],"collection":[{"href":"https:\/\/baralivres.ma\/index.php?rest_route=\/wp\/v2\/product"}],"about":[{"href":"https:\/\/baralivres.ma\/index.php?rest_route=\/wp\/v2\/types\/product"}],"replies":[{"embeddable":true,"href":"https:\/\/baralivres.ma\/index.php?rest_route=%2Fwp%2Fv2%2Fcomments&post=16346"}],"version-history":[{"count":1,"href":"https:\/\/baralivres.ma\/index.php?rest_route=\/wp\/v2\/product\/16346\/revisions"}],"predecessor-version":[{"id":16350,"href":"https:\/\/baralivres.ma\/index.php?rest_route=\/wp\/v2\/product\/16346\/revisions\/16350"}],"wp:featuredmedia":[{"embeddable":true,"href":"https:\/\/baralivres.ma\/index.php?rest_route=\/wp\/v2\/media\/16349"}],"wp:attachment":[{"href":"https:\/\/baralivres.ma\/index.php?rest_route=%2Fwp%2Fv2%2Fmedia&parent=16346"}],"wp:term":[{"taxonomy":"product_cat","embeddable":true,"href":"https:\/\/baralivres.ma\/index.php?rest_route=%2Fwp%2Fv2%2Fproduct_cat&post=16346"},{"taxonomy":"product_tag","embeddable":true,"href":"https:\/\/baralivres.ma\/index.php?rest_route=%2Fwp%2Fv2%2Fproduct_tag&post=16346"}],"curies":[{"name":"wp","href":"https:\/\/api.w.org\/{rel}","templated":true}]}}