{"id":16340,"date":"2023-10-31T10:17:16","date_gmt":"2023-10-31T09:17:16","guid":{"rendered":"https:\/\/baralivres.ma\/?post_type=product&#038;p=16340"},"modified":"2023-10-31T10:17:16","modified_gmt":"2023-10-31T09:17:16","slug":"stefan-zweig","status":"publish","type":"product","link":"https:\/\/baralivres.ma\/?product=stefan-zweig","title":{"rendered":"Stefan Zweig"},"content":{"rendered":"<p>\u00ab\u00a0En chaque \u00eatre humain, un d\u00e9dale complexe se dessine entre les p\u00f4les du Bien et du Mal, entre les aspirations charnelles et spirituelles. Cette dualit\u00e9, \u00e0 la nature surprenante, s&rsquo;av\u00e8re \u00eatre la cause troublante mena\u00e7ant la qui\u00e9tude des \u00e2mes. Dans ces r\u00e9cits entrelac\u00e9s, que ce soit en explorant la rivalit\u00e9 entre des s\u0153urs jumelles ou les premiers \u00e9mois d&rsquo;un adolescent, Zweig explore avec subtilit\u00e9 les plus infimes mouvements int\u00e9rieurs.\u00a0\u00bb<\/p>\n","protected":false},"excerpt":{"rendered":"<p>Dualit\u00e9 int\u00e9rieure, rivalit\u00e9 entre jumelles, premiers \u00e9mois \u2013 Zweig explore subtilit\u00e9 des sentiments humains.<\/p>\n","protected":false},"featured_media":16343,"comment_status":"open","ping_status":"closed","template":"","meta":{"inline_featured_image":false},"product_cat":[204,143],"product_tag":[],"class_list":{"0":"post-16340","1":"product","2":"type-product","3":"status-publish","4":"has-post-thumbnail","6":"product_cat-francais","7":"product_cat-roman","8":"pa_auteurs-stefan-zweig-2","10":"first","11":"instock","12":"shipping-taxable","13":"purchasable","14":"product-type-simple"},"_links":{"self":[{"href":"https:\/\/baralivres.ma\/index.php?rest_route=\/wp\/v2\/product\/16340","targetHints":{"allow":["GET"]}}],"collection":[{"href":"https:\/\/baralivres.ma\/index.php?rest_route=\/wp\/v2\/product"}],"about":[{"href":"https:\/\/baralivres.ma\/index.php?rest_route=\/wp\/v2\/types\/product"}],"replies":[{"embeddable":true,"href":"https:\/\/baralivres.ma\/index.php?rest_route=%2Fwp%2Fv2%2Fcomments&post=16340"}],"version-history":[{"count":1,"href":"https:\/\/baralivres.ma\/index.php?rest_route=\/wp\/v2\/product\/16340\/revisions"}],"predecessor-version":[{"id":16344,"href":"https:\/\/baralivres.ma\/index.php?rest_route=\/wp\/v2\/product\/16340\/revisions\/16344"}],"wp:featuredmedia":[{"embeddable":true,"href":"https:\/\/baralivres.ma\/index.php?rest_route=\/wp\/v2\/media\/16343"}],"wp:attachment":[{"href":"https:\/\/baralivres.ma\/index.php?rest_route=%2Fwp%2Fv2%2Fmedia&parent=16340"}],"wp:term":[{"taxonomy":"product_cat","embeddable":true,"href":"https:\/\/baralivres.ma\/index.php?rest_route=%2Fwp%2Fv2%2Fproduct_cat&post=16340"},{"taxonomy":"product_tag","embeddable":true,"href":"https:\/\/baralivres.ma\/index.php?rest_route=%2Fwp%2Fv2%2Fproduct_tag&post=16340"}],"curies":[{"name":"wp","href":"https:\/\/api.w.org\/{rel}","templated":true}]}}