{"id":16324,"date":"2023-10-31T09:58:39","date_gmt":"2023-10-31T08:58:39","guid":{"rendered":"https:\/\/baralivres.ma\/?post_type=product&#038;p=16324"},"modified":"2023-10-31T09:58:39","modified_gmt":"2023-10-31T08:58:39","slug":"lhabit-ne-fait-pas-le-moine","status":"publish","type":"product","link":"https:\/\/baralivres.ma\/?product=lhabit-ne-fait-pas-le-moine","title":{"rendered":"L&rsquo;habit ne fait pas le moine"},"content":{"rendered":"<p>Le sergent Marx, de retour d&rsquo;un service en Europe en 1945, est affect\u00e9 \u00e0 encadrer une compagnie d&rsquo;instruction. Il prend sous son commandement un jeune soldat juif nomm\u00e9 Sheldon Grossbart. \u00c0 la demande de ce dernier, Marx intervient pour permettre aux soldats juifs de la compagnie de se rendre \u00e0 la synagogue le vendredi soir. Cependant, il r\u00e9alise progressivement que le jeune soldat manipule la situation \u00e0 son avantage.<\/p>\n<p>Dans la banlieue de New York, un jeune \u00e9l\u00e8ve de premi\u00e8re ann\u00e9e de lyc\u00e9e se lie d&rsquo;amiti\u00e9 avec deux fils d&rsquo;immigrants italiens, Albie Pelagutti et Duke Scarpa, dont le destin semble les conduire vers une carri\u00e8re de gangsters. Quinze ans plus tard, il se rem\u00e9more ces souvenirs de son pass\u00e9.<\/p>\n","protected":false},"excerpt":{"rendered":"<p>Sergent aide soldat juif, mais se rend compte de sa manipulation; jeunesse li\u00e9e \u00e0 futurs gangsters.<\/p>\n","protected":false},"featured_media":16325,"comment_status":"open","ping_status":"closed","template":"","meta":{"inline_featured_image":false},"product_cat":[204,143],"product_tag":[],"class_list":{"0":"post-16324","1":"product","2":"type-product","3":"status-publish","4":"has-post-thumbnail","6":"product_cat-francais","7":"product_cat-roman","8":"pa_auteurs-philip-roth","10":"first","11":"instock","12":"shipping-taxable","13":"purchasable","14":"product-type-simple"},"_links":{"self":[{"href":"https:\/\/baralivres.ma\/index.php?rest_route=\/wp\/v2\/product\/16324","targetHints":{"allow":["GET"]}}],"collection":[{"href":"https:\/\/baralivres.ma\/index.php?rest_route=\/wp\/v2\/product"}],"about":[{"href":"https:\/\/baralivres.ma\/index.php?rest_route=\/wp\/v2\/types\/product"}],"replies":[{"embeddable":true,"href":"https:\/\/baralivres.ma\/index.php?rest_route=%2Fwp%2Fv2%2Fcomments&post=16324"}],"version-history":[{"count":1,"href":"https:\/\/baralivres.ma\/index.php?rest_route=\/wp\/v2\/product\/16324\/revisions"}],"predecessor-version":[{"id":16326,"href":"https:\/\/baralivres.ma\/index.php?rest_route=\/wp\/v2\/product\/16324\/revisions\/16326"}],"wp:featuredmedia":[{"embeddable":true,"href":"https:\/\/baralivres.ma\/index.php?rest_route=\/wp\/v2\/media\/16325"}],"wp:attachment":[{"href":"https:\/\/baralivres.ma\/index.php?rest_route=%2Fwp%2Fv2%2Fmedia&parent=16324"}],"wp:term":[{"taxonomy":"product_cat","embeddable":true,"href":"https:\/\/baralivres.ma\/index.php?rest_route=%2Fwp%2Fv2%2Fproduct_cat&post=16324"},{"taxonomy":"product_tag","embeddable":true,"href":"https:\/\/baralivres.ma\/index.php?rest_route=%2Fwp%2Fv2%2Fproduct_tag&post=16324"}],"curies":[{"name":"wp","href":"https:\/\/api.w.org\/{rel}","templated":true}]}}