{"id":16315,"date":"2023-10-31T09:42:44","date_gmt":"2023-10-31T08:42:44","guid":{"rendered":"https:\/\/baralivres.ma\/?post_type=product&#038;p=16315"},"modified":"2023-10-31T09:42:44","modified_gmt":"2023-10-31T08:42:44","slug":"de-legalite-des-deux-sexes","status":"publish","type":"product","link":"https:\/\/baralivres.ma\/?product=de-legalite-des-deux-sexes","title":{"rendered":"De l&rsquo;\u00e9galit\u00e9 des deux sexes"},"content":{"rendered":"<p>\u00c0 travers les diverses civilisations et \u00e9poques, les femmes ont souvent \u00e9t\u00e9 per\u00e7ues comme des \u00eatres incomplets et moins dignes, souvent exclues de l&rsquo;\u00e9ducation. Si l&rsquo;on admet que \u00ab\u00a0les deux sexes poss\u00e8dent des aptitudes physiques et mentales \u00e9gales\u00a0\u00bb, alors cela devrait logiquement ouvrir toutes les opportunit\u00e9s \u00e0 leur \u00e9gard : \u00ab\u00a0Il serait int\u00e9ressant de voir une femme si\u00e9ger dans un tribunal pour rendre justice, diriger une arm\u00e9e et participer \u00e0 une bataille, ou encore prendre la parole devant des assembl\u00e9es politiques ou des dirigeants en tant qu&rsquo;ambassadrice.\u00a0\u00bb Cet argument original en faveur de l&rsquo;\u00e9galit\u00e9 entre hommes et femmes \u00e9mane d&rsquo;un des premiers penseurs \u00e0 avoir abord\u00e9 la question de la condition f\u00e9minine au XVIIe si\u00e8cle.<\/p>\n","protected":false},"excerpt":{"rendered":"<p>Femmes, injustement d\u00e9valoris\u00e9es, m\u00e9ritent \u00e9galit\u00e9 : id\u00e9es pionni\u00e8res pour reconnaissance \u00e9gale, exprim\u00e9es au XVIIe si\u00e8cle.<\/p>\n","protected":false},"featured_media":16316,"comment_status":"open","ping_status":"closed","template":"","meta":{"inline_featured_image":false},"product_cat":[204,143],"product_tag":[],"class_list":{"0":"post-16315","1":"product","2":"type-product","3":"status-publish","4":"has-post-thumbnail","6":"product_cat-francais","7":"product_cat-roman","8":"pa_auteurs-francois-poullain-de-la-barre","10":"first","11":"instock","12":"shipping-taxable","13":"purchasable","14":"product-type-simple"},"_links":{"self":[{"href":"https:\/\/baralivres.ma\/index.php?rest_route=\/wp\/v2\/product\/16315","targetHints":{"allow":["GET"]}}],"collection":[{"href":"https:\/\/baralivres.ma\/index.php?rest_route=\/wp\/v2\/product"}],"about":[{"href":"https:\/\/baralivres.ma\/index.php?rest_route=\/wp\/v2\/types\/product"}],"replies":[{"embeddable":true,"href":"https:\/\/baralivres.ma\/index.php?rest_route=%2Fwp%2Fv2%2Fcomments&post=16315"}],"version-history":[{"count":1,"href":"https:\/\/baralivres.ma\/index.php?rest_route=\/wp\/v2\/product\/16315\/revisions"}],"predecessor-version":[{"id":16317,"href":"https:\/\/baralivres.ma\/index.php?rest_route=\/wp\/v2\/product\/16315\/revisions\/16317"}],"wp:featuredmedia":[{"embeddable":true,"href":"https:\/\/baralivres.ma\/index.php?rest_route=\/wp\/v2\/media\/16316"}],"wp:attachment":[{"href":"https:\/\/baralivres.ma\/index.php?rest_route=%2Fwp%2Fv2%2Fmedia&parent=16315"}],"wp:term":[{"taxonomy":"product_cat","embeddable":true,"href":"https:\/\/baralivres.ma\/index.php?rest_route=%2Fwp%2Fv2%2Fproduct_cat&post=16315"},{"taxonomy":"product_tag","embeddable":true,"href":"https:\/\/baralivres.ma\/index.php?rest_route=%2Fwp%2Fv2%2Fproduct_tag&post=16315"}],"curies":[{"name":"wp","href":"https:\/\/api.w.org\/{rel}","templated":true}]}}