{"id":16309,"date":"2023-10-31T09:37:20","date_gmt":"2023-10-31T08:37:20","guid":{"rendered":"https:\/\/baralivres.ma\/?post_type=product&#038;p=16309"},"modified":"2025-04-17T15:45:52","modified_gmt":"2025-04-17T14:45:52","slug":"histoire-du-maroc-depuis-lindependance-5e-edition","status":"publish","type":"product","link":"https:\/\/baralivres.ma\/?product=histoire-du-maroc-depuis-lindependance-5e-edition","title":{"rendered":"Histoire du Maroc depuis l&rsquo;ind\u00e9pendance &#8211; 5e \u00e9dition"},"content":{"rendered":"<div class=\"group w-full text-token-text-primary border-b border-black\/10 gizmo:border-0 dark:border-gray-900\/50 gizmo:dark:border-0 bg-gray-50 gizmo:bg-transparent dark:bg-[#444654] gizmo:dark:bg-transparent\" data-testid=\"conversation-turn-3\">\n<div class=\"p-4 gizmo:py-2 justify-center text-base md:gap-6 md:py-6 m-auto\">\n<div class=\"flex flex-1 gap-4 text-base mx-auto md:gap-6 gizmo:gap-3 gizmo:md:px-5 gizmo:lg:px-1 gizmo:xl:px-5 md:max-w-2xl lg:max-w-[38rem] gizmo:md:max-w-3xl gizmo:lg:max-w-[40rem] gizmo:xl:max-w-[48rem] xl:max-w-3xl }\">\n<div class=\"relative flex w-[calc(100%-50px)] flex-col gizmo:w-full lg:w-[calc(100%-115px)] agent-turn\">\n<div class=\"flex-col gap-1 md:gap-3\">\n<div class=\"flex flex-grow flex-col gap-3 max-w-full\">\n<div class=\"min-h-[20px] flex flex-col items-start gap-3 whitespace-pre-wrap break-words overflow-x-auto\" data-message-author-role=\"assistant\" data-message-id=\"cef9b5cf-e6c1-48db-885b-1d2ec5c3fe5e\">\n<div class=\"markdown prose w-full break-words dark:prose-invert light\">\n<p>La quatri\u00e8me \u00e9dition de cette synth\u00e8se essentielle sur le Maroc contemporain a \u00e9t\u00e9 mise \u00e0 jour pour refl\u00e9ter les d\u00e9veloppements survenus depuis les printemps arabes de 2011. Ces \u00e9v\u00e9nements ont mis la Monarchie dans une position d\u00e9licate, l&rsquo;obligeant \u00e0 op\u00e9rer des r\u00e9formes urgentes pour sauvegarder ses fondements.<\/p>\n<p>Apr\u00e8s quarante-quatre ann\u00e9es de protectorat, le Maroc a retrouv\u00e9 son ind\u00e9pendance le 2 mars 1956. La p\u00e9riode de 1956 \u00e0 1961 a \u00e9t\u00e9 marqu\u00e9e par les efforts de Mohammed V pour restaurer la puissance de son tr\u00f4ne, pr\u00e9parant ainsi le r\u00e8gne de son fils Hassan II (1961-1999), qui a consolid\u00e9 l&rsquo;int\u00e9grit\u00e9 territoriale du pays. En 1965, l&rsquo;opposant Ben Barka a perdu la vie, illustrant l&rsquo;opposition au r\u00e9gime. L&rsquo;instabilit\u00e9 persistait, culminant avec les coups d&rsquo;\u00c9tat de 1971 et 1972. Hassan II a alors consolid\u00e9 un pouvoir \u00e9branl\u00e9 en ralliant un consensus autour de la r\u00e9cup\u00e9ration du Sahara, mais cela a eu pour co\u00fbt les \u00ab\u00a0ann\u00e9es de plomb\u00a0\u00bb.<\/p>\n<p>\u00c0 partir de 1991, le Maroc a entrepris un lent processus d&rsquo;ouverture, menant \u00e0 l&rsquo;alternance en 1998. L&rsquo;av\u00e8nement de Mohammed VI en 1999 a inaugur\u00e9 une transition caract\u00e9ris\u00e9e par des exigences contradictoires : s\u00e9parer la monarchie des \u00ab\u00a0ann\u00e9es de plomb\u00a0\u00bb, int\u00e9grer les islamistes dans la sph\u00e8re politique, am\u00e9liorer la gouvernance tout en luttant contre la menace terroriste. Cependant, cette transition s&rsquo;est acc\u00e9l\u00e9r\u00e9e au gr\u00e9 des \u00e9v\u00e9nements historiques : les attentats de 2003 ont raviv\u00e9 les tendances autoritaires, suivis par les printemps arabes de 2011, confrontant la monarchie \u00e0 l&rsquo;urgence de r\u00e9formes pour pr\u00e9server l&rsquo;essentiel.<\/p>\n<\/div>\n<\/div>\n<\/div>\n<\/div>\n<\/div>\n<\/div>\n<\/div>\n<\/div>\n","protected":false},"excerpt":{"rendered":"<p>Maroc contemporain : ind\u00e9pendance, r\u00e8gne, instabilit\u00e9, ann\u00e9es de plomb, transition, r\u00e9formes urgentes.<\/p>\n","protected":false},"featured_media":16311,"comment_status":"open","ping_status":"closed","template":"","meta":{"inline_featured_image":false},"product_cat":[3725,3873,143],"product_tag":[],"class_list":{"0":"post-16309","1":"product","2":"type-product","3":"status-publish","4":"has-post-thumbnail","6":"product_cat-litterature-religieuse","7":"product_cat-roman-en-francais","8":"product_cat-roman","9":"pa_auteurs-pierre-vermeren","11":"first","12":"instock","13":"shipping-taxable","14":"purchasable","15":"product-type-simple"},"_links":{"self":[{"href":"https:\/\/baralivres.ma\/index.php?rest_route=\/wp\/v2\/product\/16309","targetHints":{"allow":["GET"]}}],"collection":[{"href":"https:\/\/baralivres.ma\/index.php?rest_route=\/wp\/v2\/product"}],"about":[{"href":"https:\/\/baralivres.ma\/index.php?rest_route=\/wp\/v2\/types\/product"}],"replies":[{"embeddable":true,"href":"https:\/\/baralivres.ma\/index.php?rest_route=%2Fwp%2Fv2%2Fcomments&post=16309"}],"version-history":[{"count":1,"href":"https:\/\/baralivres.ma\/index.php?rest_route=\/wp\/v2\/product\/16309\/revisions"}],"predecessor-version":[{"id":16313,"href":"https:\/\/baralivres.ma\/index.php?rest_route=\/wp\/v2\/product\/16309\/revisions\/16313"}],"wp:featuredmedia":[{"embeddable":true,"href":"https:\/\/baralivres.ma\/index.php?rest_route=\/wp\/v2\/media\/16311"}],"wp:attachment":[{"href":"https:\/\/baralivres.ma\/index.php?rest_route=%2Fwp%2Fv2%2Fmedia&parent=16309"}],"wp:term":[{"taxonomy":"product_cat","embeddable":true,"href":"https:\/\/baralivres.ma\/index.php?rest_route=%2Fwp%2Fv2%2Fproduct_cat&post=16309"},{"taxonomy":"product_tag","embeddable":true,"href":"https:\/\/baralivres.ma\/index.php?rest_route=%2Fwp%2Fv2%2Fproduct_tag&post=16309"}],"curies":[{"name":"wp","href":"https:\/\/api.w.org\/{rel}","templated":true}]}}