{"id":16299,"date":"2023-10-31T09:17:41","date_gmt":"2023-10-31T08:17:41","guid":{"rendered":"https:\/\/baralivres.ma\/?post_type=product&#038;p=16299"},"modified":"2023-10-31T09:17:42","modified_gmt":"2023-10-31T08:17:42","slug":"le-roman-de-marrakech","status":"publish","type":"product","link":"https:\/\/baralivres.ma\/?product=le-roman-de-marrakech","title":{"rendered":"Le roman de Marrakech"},"content":{"rendered":"<p>\u00ab\u00a0Pour une exploration approfondie de Marrakech, un livre incontournable est celui qui plonge au c\u0153ur de l&rsquo;histoire fascinante de cette ville l\u00e9gendaire. Avant d&rsquo;\u00eatre une destination pris\u00e9e, Marrakech a \u00e9t\u00e9 le berceau d&rsquo;un vaste empire s&rsquo;\u00e9tendant du S\u00e9n\u00e9gal au nord de l&rsquo;Espagne, marqu\u00e9 par des batailles \u00e9piques, des conflits internes, des conqu\u00eates glorieuses mais aussi sanglantes.<\/p>\n<p>L&rsquo;auteur nous guide \u00e0 travers les monuments, quartiers, palais somptueux et m\u00eame les h\u00f4tels, r\u00e9v\u00e9lant les personnages et anecdotes qui se cachent derri\u00e8re ces lieux embl\u00e9matiques de la \u00ab\u00a0ville rouge\u00a0\u00bb. Cette balade immersive d\u00e9voile les myst\u00e8res, tr\u00e9sors cach\u00e9s et secrets de Marrakech, transportant le lecteur \u00e0 travers les si\u00e8cles, des portes d\u00e9rob\u00e9es aux jardins secrets.<\/p>\n<p>Anne-Marie Corre, journaliste et ancienne r\u00e9dactrice en chef \u00e0 Paris-Match, offre bien plus qu&rsquo;un simple guide touristique. Son ouvrage anime l&rsquo;histoire pass\u00e9e et actuelle de Marrakech avec ses couleurs, sa musique et ses parfums, captivant ainsi les lecteurs.\u00a0\u00bb<\/p>\n","protected":false},"excerpt":{"rendered":"<p>\u00ab\u00a0Exploration captivante de Marrakech, r\u00e9v\u00e9lant histoire, secrets et myst\u00e8res par Anne-Marie Corre, journaliste.\u00a0\u00bb<\/p>\n","protected":false},"featured_media":16300,"comment_status":"open","ping_status":"closed","template":"","meta":{"inline_featured_image":false},"product_cat":[204,143],"product_tag":[],"class_list":{"0":"post-16299","1":"product","2":"type-product","3":"status-publish","4":"has-post-thumbnail","6":"product_cat-francais","7":"product_cat-roman","8":"pa_auteurs-anne-marie-corre","10":"first","11":"instock","12":"shipping-taxable","13":"purchasable","14":"product-type-simple"},"_links":{"self":[{"href":"https:\/\/baralivres.ma\/index.php?rest_route=\/wp\/v2\/product\/16299","targetHints":{"allow":["GET"]}}],"collection":[{"href":"https:\/\/baralivres.ma\/index.php?rest_route=\/wp\/v2\/product"}],"about":[{"href":"https:\/\/baralivres.ma\/index.php?rest_route=\/wp\/v2\/types\/product"}],"replies":[{"embeddable":true,"href":"https:\/\/baralivres.ma\/index.php?rest_route=%2Fwp%2Fv2%2Fcomments&post=16299"}],"version-history":[{"count":1,"href":"https:\/\/baralivres.ma\/index.php?rest_route=\/wp\/v2\/product\/16299\/revisions"}],"predecessor-version":[{"id":16301,"href":"https:\/\/baralivres.ma\/index.php?rest_route=\/wp\/v2\/product\/16299\/revisions\/16301"}],"wp:featuredmedia":[{"embeddable":true,"href":"https:\/\/baralivres.ma\/index.php?rest_route=\/wp\/v2\/media\/16300"}],"wp:attachment":[{"href":"https:\/\/baralivres.ma\/index.php?rest_route=%2Fwp%2Fv2%2Fmedia&parent=16299"}],"wp:term":[{"taxonomy":"product_cat","embeddable":true,"href":"https:\/\/baralivres.ma\/index.php?rest_route=%2Fwp%2Fv2%2Fproduct_cat&post=16299"},{"taxonomy":"product_tag","embeddable":true,"href":"https:\/\/baralivres.ma\/index.php?rest_route=%2Fwp%2Fv2%2Fproduct_tag&post=16299"}],"curies":[{"name":"wp","href":"https:\/\/api.w.org\/{rel}","templated":true}]}}